{"id":20535,"date":"2025-01-07T09:02:43","date_gmt":"2025-01-07T08:02:43","guid":{"rendered":"https:\/\/www.billigtrikotde.com\/?post_type=product&#038;p=20535"},"modified":"2025-02-01T15:57:37","modified_gmt":"2025-02-01T14:57:37","slug":"kinder-rb-leipzig-ausweich-trikotsatz-2024-25-gruen-fussballtrikots-benjamin-sesko-30","status":"publish","type":"product","link":"https:\/\/www.billigtrikotde.com\/da\/vare\/kinder-rb-leipzig-ausweich-trikotsatz-2024-25-gruen-fussballtrikots-benjamin-sesko-30\/","title":{"rendered":"B\u00f8rn RB Leipzig 2024-25 Gr\u00f8n Fodboldtr\u00f8je Benjamin Sesko 30"},"content":{"rendered":"<p>Rasen Ballsport RB Leipzig 2024-25 tredje fodboldtr\u00f8je er overvejende m\u00f8rkebl\u00e5 med futuristisk grafik, der fejrer klubbens fremadrettede momentum og n\u00e6ste generation, mens den dybe V-hals og manchetterne er i mintgr\u00f8n, og klubv\u00e5bnet og RB Leipzig er i hvidt.<\/p>\n<p>Tips til udskrivning: Hvis navn og nummer p\u00e5 billedet er pr\u00e6cis det, du \u00f8nsker, beh\u00f8ver du ikke at indtaste dem igen. Hvis ikke, skal du indtaste det \u00f8nskede navn og nummer.<\/p>\n<p>Tips til vask: Det anbefales at vaske fodboldtr\u00f8jer i h\u00e5nden. Hvis du vil bruge vaskemaskinen, skal du huske at vende vrangen ud p\u00e5 fodboldtr\u00f8jerne og derefter vaske dem. Fyld maskinen med koldt vand, og brug et sk\u00e5neprogram for bedre at beskytte farverne.<\/p>","protected":false},"excerpt":{"rendered":"<p>Das Rasen Ballsport RB Leipzig 2024-25 tredje fodboldtr\u00f8je er overvejende m\u00f8rkebl\u00e5 med futuristiske grafik, der fejrer fremdrift og den n\u00e6ste generation af klubben. Den dybe V-udsk\u00e6ring og ribkanter er i mintgr\u00f8n, mens klubbens v\u00e5ben og RB Leipzig er hvide. Tips til trykning: N\u00e5r navnet og nummeret p\u00e5 billedet [\u2026]<\/p>","protected":false},"featured_media":20537,"comment_status":"open","ping_status":"closed","template":"","meta":[],"product_brand":[],"product_cat":[1330],"product_tag":[1335,20,574,24,94,1331,1332,1333,187,1334],"class_list":{"0":"post-20535","1":"product","2":"type-product","3":"status-publish","4":"has-post-thumbnail","6":"product_cat-rb-leipzig-kindertrikot","7":"product_tag-benjamin-sesko-trikots","8":"product_tag-coole-fussballtrikots","9":"product_tag-fussballtrikot-deutschland","10":"product_tag-guenstiges-fussballtrikot","11":"product_tag-kinder-fussball-trikotsatz","12":"product_tag-rb-leipzig-fussballtrikots-kinder","13":"product_tag-rb-leipzig-kinder-trikot-set","14":"product_tag-rb-leipzig-trikot-fuer-kinder","15":"product_tag-rb-leipzig-trikots","16":"product_tag-rb-leipzig-trikotsatz-fuer-kinder","18":"first","19":"instock","20":"shipping-taxable","21":"purchasable","22":"product-type-variable"},"_links":{"self":[{"href":"https:\/\/www.billigtrikotde.com\/da\/wp-json\/wp\/v2\/product\/20535","targetHints":{"allow":["GET"]}}],"collection":[{"href":"https:\/\/www.billigtrikotde.com\/da\/wp-json\/wp\/v2\/product"}],"about":[{"href":"https:\/\/www.billigtrikotde.com\/da\/wp-json\/wp\/v2\/types\/product"}],"replies":[{"embeddable":true,"href":"https:\/\/www.billigtrikotde.com\/da\/wp-json\/wp\/v2\/comments?post=20535"}],"wp:featuredmedia":[{"embeddable":true,"href":"https:\/\/www.billigtrikotde.com\/da\/wp-json\/wp\/v2\/media\/20537"}],"wp:attachment":[{"href":"https:\/\/www.billigtrikotde.com\/da\/wp-json\/wp\/v2\/media?parent=20535"}],"wp:term":[{"taxonomy":"product_brand","embeddable":true,"href":"https:\/\/www.billigtrikotde.com\/da\/wp-json\/wp\/v2\/product_brand?post=20535"},{"taxonomy":"product_cat","embeddable":true,"href":"https:\/\/www.billigtrikotde.com\/da\/wp-json\/wp\/v2\/product_cat?post=20535"},{"taxonomy":"product_tag","embeddable":true,"href":"https:\/\/www.billigtrikotde.com\/da\/wp-json\/wp\/v2\/product_tag?post=20535"}],"curies":[{"name":"wp","href":"https:\/\/api.w.org\/{rel}","templated":true}]}}