{"id":20517,"date":"2025-01-04T11:39:46","date_gmt":"2025-01-04T10:39:46","guid":{"rendered":"https:\/\/www.billigtrikotde.com\/?post_type=product&#038;p=20517"},"modified":"2025-02-01T15:57:24","modified_gmt":"2025-02-01T14:57:24","slug":"kinder-rb-leipzig-auswaertstrikot-2024-25-rot-fussballtrikots-kaufen","status":"publish","type":"product","link":"https:\/\/www.billigtrikotde.com\/da\/vare\/kinder-rb-leipzig-auswaertstrikot-2024-25-rot-fussballtrikots-kaufen\/","title":{"rendered":"B\u00f8rn RB Leipzig Udebanetr\u00f8je 2024-25 R\u00f8d Fodboldtr\u00f8jer K\u00f8b"},"content":{"rendered":"<p>RB Leipzig 2024-25 udebanetr\u00f8jen har et stilfuldt design til klubben, der ejes af Red Bulls. Ved at kombinere to r\u00f8de nuancer i et unikt m\u00f8nsterdesign med alle logoer i hvidt symboliserer Leipzig 24-25 udebanetr\u00f8jen \"Unstoppable\"-klubben. RB Leipzig 2024-25 udebanetr\u00f8jens klubv\u00e5ben er hvidt p\u00e5 en r\u00f8dbrun baggrund, lavet af TPU af h\u00f8j kvalitet med en 3D-effekt. Kraven er lys r\u00f8d og har en r\u00f8dbrun indsats foran.<\/p>\n<p>Tips til udskrivning: Hvis navn og nummer p\u00e5 billedet er pr\u00e6cis det, du \u00f8nsker, beh\u00f8ver du ikke at indtaste dem igen. Hvis ikke, skal du indtaste det \u00f8nskede navn og nummer.<\/p>\n<p>Tips til vask: Det anbefales at vaske fodboldtr\u00f8jer i h\u00e5nden. Hvis du vil bruge vaskemaskinen, skal du huske at vende vrangen ud p\u00e5 fodboldtr\u00f8jerne og derefter vaske dem. Fyld maskinen med koldt vand, og brug et sk\u00e5neprogram for bedre at beskytte farverne.<\/p>","protected":false},"excerpt":{"rendered":"<p>Das RB Leipzig 2024-25 Ausw\u00e4rtstrikot hat ein stylisches Design f\u00fcr den Verein im Besitz der Roten Bullen. Es kombiniert zwei Rott\u00f6ne in einem einzigartigen Musterdesign mit allen Logos in Wei\u00df.Das Design des Leipzig 24-25 Ausw\u00e4rtstrikots symbolisiert den &#8222;Unstoppable&#8220; Club.Das Vereinswappen des RB Leipzig 2024-25 Ausw\u00e4rtstrikots ist wei\u00df auf rotbraunem Grund, hergestellt aus hochwertigem TPU mit [&hellip;]<\/p>","protected":false},"featured_media":20519,"comment_status":"open","ping_status":"closed","template":"","meta":[],"product_brand":[],"product_cat":[1330],"product_tag":[],"class_list":{"0":"post-20517","1":"product","2":"type-product","3":"status-publish","4":"has-post-thumbnail","6":"product_cat-rb-leipzig-kindertrikot","8":"first","9":"instock","10":"shipping-taxable","11":"purchasable","12":"product-type-variable"},"_links":{"self":[{"href":"https:\/\/www.billigtrikotde.com\/da\/wp-json\/wp\/v2\/product\/20517","targetHints":{"allow":["GET"]}}],"collection":[{"href":"https:\/\/www.billigtrikotde.com\/da\/wp-json\/wp\/v2\/product"}],"about":[{"href":"https:\/\/www.billigtrikotde.com\/da\/wp-json\/wp\/v2\/types\/product"}],"replies":[{"embeddable":true,"href":"https:\/\/www.billigtrikotde.com\/da\/wp-json\/wp\/v2\/comments?post=20517"}],"wp:featuredmedia":[{"embeddable":true,"href":"https:\/\/www.billigtrikotde.com\/da\/wp-json\/wp\/v2\/media\/20519"}],"wp:attachment":[{"href":"https:\/\/www.billigtrikotde.com\/da\/wp-json\/wp\/v2\/media?parent=20517"}],"wp:term":[{"taxonomy":"product_brand","embeddable":true,"href":"https:\/\/www.billigtrikotde.com\/da\/wp-json\/wp\/v2\/product_brand?post=20517"},{"taxonomy":"product_cat","embeddable":true,"href":"https:\/\/www.billigtrikotde.com\/da\/wp-json\/wp\/v2\/product_cat?post=20517"},{"taxonomy":"product_tag","embeddable":true,"href":"https:\/\/www.billigtrikotde.com\/da\/wp-json\/wp\/v2\/product_tag?post=20517"}],"curies":[{"name":"wp","href":"https:\/\/api.w.org\/{rel}","templated":true}]}}