{"id":2046,"date":"2024-10-23T13:57:37","date_gmt":"2024-10-23T11:57:37","guid":{"rendered":"http:\/\/billigtrikots.com\/?post_type=product&#038;p=2046"},"modified":"2024-10-23T13:59:14","modified_gmt":"2024-10-23T11:59:14","slug":"chelsea-f-c-2022-didier-drogba-11-heimtrikot-kurzarm","status":"publish","type":"product","link":"https:\/\/www.billigtrikotde.com\/da\/vare\/chelsea-f-c-2022-didier-drogba-11-heimtrikot-kurzarm\/","title":{"rendered":"Chelsea F.C. 2022 Didier Drogba 11# Hjemmetr\u00f8je kort\u00e6rmet"},"content":{"rendered":"<p>Den nye Chelsea hjemmebanetr\u00f8je 2021\/22 er endelig tilg\u00e6ngelig! Chelsea hjemmebanetr\u00f8je 2021\/22 vil uden tvivl tilfredsstille de st\u00f8rste fans af den London-baserede klub! Selvf\u00f8lgelig er den bl\u00e5 farve stadig hovedfarven for Blues fra Chelsea! For denne s\u00e6son har Nike dog besluttet at tage chancer og med et nyt design, der ikke g\u00e5r ubem\u00e6rket hen.<\/p>\n<p>Fra skakbr\u00e6t til zigzag \u2013 det er tydeligt, at Chelsea Football Club har indg\u00e5et et v\u00e6ddem\u00e5l for denne s\u00e6son 21\/22. Bem\u00e6rk, at udseendet ogs\u00e5 p\u00e5 denne Chelsea Tr\u00f8je Hjem 21\/22 er den gule farve, klubbens historiske farve. Det skal ogs\u00e5 fremh\u00e6ves, at den nye Chelsea 21\/22 tr\u00f8je er lavet af genanvendelige materialer, en fin gestus fra Blues!<\/p>\n<p>Vis din tilknytning til din yndlingsklub og f\u00e5 uden t\u00f8ven den nye Chelsea hjemmebanetr\u00f8je 2021\/22!<\/p>\n<p>Tips til udskrivning: Hvis navn og nummer p\u00e5 billedet er pr\u00e6cis det, du \u00f8nsker, beh\u00f8ver du ikke at indtaste dem igen. Hvis ikke, skal du indtaste det \u00f8nskede navn og nummer.<\/p>\n<p>Tips til vask: Det anbefales at vaske fodboldtr\u00f8jer i h\u00e5nden. Hvis du vil bruge vaskemaskinen, skal du huske at vende vrangen ud p\u00e5 fodboldtr\u00f8jerne og derefter vaske dem. Fyld maskinen med koldt vand, og brug et sk\u00e5neprogram for bedre at beskytte farverne.<\/p>","protected":false},"excerpt":{"rendered":"<p>Den nye Chelsea hjemmebanetr\u00f8je 2021\/22 er endelig tilg\u00e6ngelig! Chelsea hjemmebanetr\u00f8je 2021\/22 vil uden tvivl tilfredsstille de st\u00f8rste fans af den London-baserede klub! Selvf\u00f8lgelig er den bl\u00e5 farve stadig hovedfarven for Blues fra Chelsea! For denne s\u00e6son har Nike dog besluttet at tage chancer og med et nyt design, der ikke g\u00e5r ubem\u00e6rket hen.<\/p>","protected":false},"featured_media":2080,"comment_status":"open","ping_status":"closed","template":"","meta":[],"product_brand":[],"product_cat":[72],"product_tag":[20,73,21,23,24],"class_list":{"0":"post-2046","1":"product","2":"type-product","3":"status-publish","4":"has-post-thumbnail","6":"product_cat-chelsea","7":"product_tag-coole-fussballtrikots","8":"product_tag-chelsea-trikots","9":"product_tag-fussballtrikot-fuer-herren","10":"product_tag-fussballtrikot-kurzarm","11":"product_tag-guenstiges-fussballtrikot","13":"first","14":"instock","15":"shipping-taxable","16":"purchasable","17":"product-type-variable"},"_links":{"self":[{"href":"https:\/\/www.billigtrikotde.com\/da\/wp-json\/wp\/v2\/product\/2046","targetHints":{"allow":["GET"]}}],"collection":[{"href":"https:\/\/www.billigtrikotde.com\/da\/wp-json\/wp\/v2\/product"}],"about":[{"href":"https:\/\/www.billigtrikotde.com\/da\/wp-json\/wp\/v2\/types\/product"}],"replies":[{"embeddable":true,"href":"https:\/\/www.billigtrikotde.com\/da\/wp-json\/wp\/v2\/comments?post=2046"}],"wp:featuredmedia":[{"embeddable":true,"href":"https:\/\/www.billigtrikotde.com\/da\/wp-json\/wp\/v2\/media\/2080"}],"wp:attachment":[{"href":"https:\/\/www.billigtrikotde.com\/da\/wp-json\/wp\/v2\/media?parent=2046"}],"wp:term":[{"taxonomy":"product_brand","embeddable":true,"href":"https:\/\/www.billigtrikotde.com\/da\/wp-json\/wp\/v2\/product_brand?post=2046"},{"taxonomy":"product_cat","embeddable":true,"href":"https:\/\/www.billigtrikotde.com\/da\/wp-json\/wp\/v2\/product_cat?post=2046"},{"taxonomy":"product_tag","embeddable":true,"href":"https:\/\/www.billigtrikotde.com\/da\/wp-json\/wp\/v2\/product_tag?post=2046"}],"curies":[{"name":"wp","href":"https:\/\/api.w.org\/{rel}","templated":true}]}}