{"id":1977,"date":"2024-10-23T13:54:21","date_gmt":"2024-10-23T11:54:21","guid":{"rendered":"http:\/\/billigtrikots.com\/?post_type=product&#038;p=1977"},"modified":"2024-10-23T13:56:24","modified_gmt":"2024-10-23T11:56:24","slug":"chelsea-fc-2022-stadium-third-herren-fan-trikots-mit-aufdruck-havertz-29","status":"publish","type":"product","link":"https:\/\/www.billigtrikotde.com\/da\/vare\/chelsea-fc-2022-stadium-third-herren-fan-trikots-mit-aufdruck-havertz-29\/","title":{"rendered":"Chelsea FC 2022 Stadium Third Fan Jersey til m\u00e6nd med tryk Havertz 29"},"content":{"rendered":"<p>Chelsea FC Stadion Reserve-tr\u00f8jen skiller sig ud med holddetaljer og sikrer med det h\u00f8jest \u00e5ndbare materiale en k\u00f8lig, t\u00f8r komfort under spillet eller p\u00e5 tilskuerpladserne, mens du hepper p\u00e5 dit hold.<br \/>\nDen \u00e5ndbare Nike Dri-FIT-teknologi sikrer en k\u00f8lig, t\u00f8r komfort.<br \/>\nDet autentiske design er baseret p\u00e5 spillertr\u00f8jerne fra professionelle.<\/p>\n<p>Tips til udskrivning: Hvis navn og nummer p\u00e5 billedet er pr\u00e6cis det, du \u00f8nsker, beh\u00f8ver du ikke at indtaste dem igen. Hvis ikke, skal du indtaste det \u00f8nskede navn og nummer.<\/p>\n<p>Tips til vask: Det anbefales at vaske fodboldtr\u00f8jer i h\u00e5nden. Hvis du vil bruge vaskemaskinen, skal du huske at vende vrangen ud p\u00e5 fodboldtr\u00f8jerne og derefter vaske dem. Fyld maskinen med koldt vand, og brug et sk\u00e5neprogram for bedre at beskytte farverne.<\/p>","protected":false},"excerpt":{"rendered":"<p>Paris Saint-Germain Stadium udebanetr\u00f8jen imponerer med holddetaljer og sikrer med det mest \u00e5ndbare materiale en k\u00f8lig, t\u00f8r b\u00e6rekomfort p\u00e5 banen eller p\u00e5 l\u00e6gterne, n\u00e5r du hepper p\u00e5 dit hold. Det \u00e5ndbare Nike Dri-FIT-teknologi sikrer k\u00f8lig, t\u00f8r b\u00e6rekomfort. Det autentiske design er baseret p\u00e5 spillertr\u00f8jerne fra professionel niveau. Tips til print: Hvis navnet og nummeret p\u00e5 [\u2026]<\/p>","protected":false},"featured_media":2007,"comment_status":"open","ping_status":"closed","template":"","meta":[],"product_brand":[],"product_cat":[72],"product_tag":[20,74,73,21,22,23,24],"class_list":{"0":"post-1977","1":"product","2":"type-product","3":"status-publish","4":"has-post-thumbnail","6":"product_cat-chelsea","7":"product_tag-coole-fussballtrikots","8":"product_tag-chelsea-ausweichtrikot","9":"product_tag-chelsea-trikots","10":"product_tag-fussballtrikot-fuer-herren","11":"product_tag-fussballtrikot-guenstig-kaufen","12":"product_tag-fussballtrikot-kurzarm","13":"product_tag-guenstiges-fussballtrikot","15":"first","16":"instock","17":"shipping-taxable","18":"purchasable","19":"product-type-variable"},"_links":{"self":[{"href":"https:\/\/www.billigtrikotde.com\/da\/wp-json\/wp\/v2\/product\/1977","targetHints":{"allow":["GET"]}}],"collection":[{"href":"https:\/\/www.billigtrikotde.com\/da\/wp-json\/wp\/v2\/product"}],"about":[{"href":"https:\/\/www.billigtrikotde.com\/da\/wp-json\/wp\/v2\/types\/product"}],"replies":[{"embeddable":true,"href":"https:\/\/www.billigtrikotde.com\/da\/wp-json\/wp\/v2\/comments?post=1977"}],"wp:featuredmedia":[{"embeddable":true,"href":"https:\/\/www.billigtrikotde.com\/da\/wp-json\/wp\/v2\/media\/2007"}],"wp:attachment":[{"href":"https:\/\/www.billigtrikotde.com\/da\/wp-json\/wp\/v2\/media?parent=1977"}],"wp:term":[{"taxonomy":"product_brand","embeddable":true,"href":"https:\/\/www.billigtrikotde.com\/da\/wp-json\/wp\/v2\/product_brand?post=1977"},{"taxonomy":"product_cat","embeddable":true,"href":"https:\/\/www.billigtrikotde.com\/da\/wp-json\/wp\/v2\/product_cat?post=1977"},{"taxonomy":"product_tag","embeddable":true,"href":"https:\/\/www.billigtrikotde.com\/da\/wp-json\/wp\/v2\/product_tag?post=1977"}],"curies":[{"name":"wp","href":"https:\/\/api.w.org\/{rel}","templated":true}]}}