{"id":1965,"date":"2024-10-23T13:53:48","date_gmt":"2024-10-23T11:53:48","guid":{"rendered":"http:\/\/billigtrikots.com\/?post_type=product&#038;p=1965"},"modified":"2024-10-23T13:55:51","modified_gmt":"2024-10-23T11:55:51","slug":"chelsea-stadium-2022-heim-mateo-kovacic-17-fussball-trikot","status":"publish","type":"product","link":"https:\/\/www.billigtrikotde.com\/da\/vare\/chelsea-stadium-2022-heim-mateo-kovacic-17-fussball-trikot\/","title":{"rendered":"Chelsea Stadium 2022 Home Mateo Kovacic 17# Fodboldtr\u00f8je"},"content":{"rendered":"<p>Nike bringer med tr\u00f8jen i bl\u00e5 en produkt ud, som du kan st\u00f8tte din yndlingsklub i b\u00e5de gode og d\u00e5rlige tider med hjerteblod og hengivenhed. Som en \u00e6gte FC Chelsea London-fan har du brug for denne hjemmebane-tr\u00f8je, som spillerne i Premier League b\u00e6rer. Vi anbefaler denne svedtransporterende, lette, komfortable og \u00e5ndbare model med den behagelige b\u00e6reoplevelse. En h\u00f8j holdbarhed tilbydes dig. Den flotte optik af denne sports T-shirt understreges af et klubm\u00e6rke p\u00e5 brystet. Med denne sportskjorte er du ideelt kl\u00e6dt til enhver tr\u00e6ning.<\/p>\n<p>Tips til udskrivning: Hvis navn og nummer p\u00e5 billedet er pr\u00e6cis det, du \u00f8nsker, beh\u00f8ver du ikke at indtaste dem igen. Hvis ikke, skal du indtaste det \u00f8nskede navn og nummer.<\/p>\n<p>Tips til vask: Det anbefales at vaske fodboldtr\u00f8jer i h\u00e5nden. Hvis du vil bruge vaskemaskinen, skal du huske at vende vrangen ud p\u00e5 fodboldtr\u00f8jerne og derefter vaske dem. Fyld maskinen med koldt vand, og brug et sk\u00e5neprogram for bedre at beskytte farverne.<\/p>","protected":false},"excerpt":{"rendered":"<p>Nike bringt mit dem Trikot in Blau ein Produkt heraus, mit dem du deinen Lieblingsverein in guten wie in schlechten Zeiten mit Herzblut und Hingabe unterst\u00fctzen kannst. Als echter FC Chelsea London-Fan brauchst du dieses Heim-Trikot, das die Spieler in der Premier League tragen. Wir empfehlen dieses schwei\u00dfableitende, leichte, bequeme und atmungsaktive Modell mit dem [&hellip;]<\/p>","protected":false},"featured_media":1995,"comment_status":"open","ping_status":"closed","template":"","meta":[],"product_brand":[],"product_cat":[72],"product_tag":[20,73,21,23,24],"class_list":{"0":"post-1965","1":"product","2":"type-product","3":"status-publish","4":"has-post-thumbnail","6":"product_cat-chelsea","7":"product_tag-coole-fussballtrikots","8":"product_tag-chelsea-trikots","9":"product_tag-fussballtrikot-fuer-herren","10":"product_tag-fussballtrikot-kurzarm","11":"product_tag-guenstiges-fussballtrikot","13":"first","14":"instock","15":"shipping-taxable","16":"purchasable","17":"product-type-variable"},"_links":{"self":[{"href":"https:\/\/www.billigtrikotde.com\/da\/wp-json\/wp\/v2\/product\/1965","targetHints":{"allow":["GET"]}}],"collection":[{"href":"https:\/\/www.billigtrikotde.com\/da\/wp-json\/wp\/v2\/product"}],"about":[{"href":"https:\/\/www.billigtrikotde.com\/da\/wp-json\/wp\/v2\/types\/product"}],"replies":[{"embeddable":true,"href":"https:\/\/www.billigtrikotde.com\/da\/wp-json\/wp\/v2\/comments?post=1965"}],"wp:featuredmedia":[{"embeddable":true,"href":"https:\/\/www.billigtrikotde.com\/da\/wp-json\/wp\/v2\/media\/1995"}],"wp:attachment":[{"href":"https:\/\/www.billigtrikotde.com\/da\/wp-json\/wp\/v2\/media?parent=1965"}],"wp:term":[{"taxonomy":"product_brand","embeddable":true,"href":"https:\/\/www.billigtrikotde.com\/da\/wp-json\/wp\/v2\/product_brand?post=1965"},{"taxonomy":"product_cat","embeddable":true,"href":"https:\/\/www.billigtrikotde.com\/da\/wp-json\/wp\/v2\/product_cat?post=1965"},{"taxonomy":"product_tag","embeddable":true,"href":"https:\/\/www.billigtrikotde.com\/da\/wp-json\/wp\/v2\/product_tag?post=1965"}],"curies":[{"name":"wp","href":"https:\/\/api.w.org\/{rel}","templated":true}]}}