{"id":19561,"date":"2024-10-24T11:36:19","date_gmt":"2024-10-24T09:36:19","guid":{"rendered":"http:\/\/billigtrikots.com\/?post_type=product&#038;p=19561"},"modified":"2025-02-13T10:36:04","modified_gmt":"2025-02-13T09:36:04","slug":"guenstige-kinder-fussballtrikots-rb-leipzig-heim-trikotsatz-2024-25","status":"publish","type":"product","link":"https:\/\/www.billigtrikotde.com\/da\/vare\/guenstige-kinder-fussballtrikots-rb-leipzig-heim-trikotsatz-2024-25\/","title":{"rendered":"Billige fodboldtr\u00f8jer til b\u00f8rn RB Leipzig hjemmebanes\u00e6t 2024-25"},"content":{"rendered":"<p>RB Leipzig 2024-2025-tr\u00f8jen har et moderne design i klubfarverne hvid og r\u00f8d. Det, der f\u00e5r RB Leipzig 2024-2025-tr\u00f8jen til at skille sig ud, er designet p\u00e5 forsiden.44. Leipzig 24-25-tr\u00f8jen har et unikt r\u00f8dt grafisk design. M\u00f8nsteret er inspireret af Leipzigs universitet, og b\u00e5de kraven og manchetterne p\u00e5 Rasenballsports Leipzig 24-25 hjemmebanetr\u00f8je er r\u00f8de.<\/p>\n<p>Tips til udskrivning: Hvis navn og nummer p\u00e5 billedet er pr\u00e6cis det, du \u00f8nsker, beh\u00f8ver du ikke at indtaste dem igen. Hvis ikke, skal du indtaste det \u00f8nskede navn og nummer.<\/p>\n<p>Tips til vask: Det anbefales at vaske fodboldtr\u00f8jer i h\u00e5nden. Hvis du vil bruge vaskemaskinen, skal du huske at vende vrangen ud p\u00e5 fodboldtr\u00f8jerne og derefter vaske dem. Fyld maskinen med koldt vand, og brug et sk\u00e5neprogram for bedre at beskytte farverne.<\/p>","protected":false},"excerpt":{"rendered":"<p>RB Leipzig 2024-2025-tr\u00f8jen har et moderne design i klubfarverne hvid og r\u00f8d. Det, der f\u00e5r RB Leipzig 2024-2025-tr\u00f8jen til at skille sig ud, er designet p\u00e5 forsiden.44. Leipzig 24-25-tr\u00f8jen har et unikt r\u00f8dt grafisk design. M\u00f8nsteret er inspireret af Leipzigs universitet, og b\u00e5de kraven og manchetterne p\u00e5 Rasenballsports Leipzig 24-25 hjemmebanetr\u00f8je er r\u00f8de.<\/p>","protected":false},"featured_media":19609,"comment_status":"open","ping_status":"closed","template":"","meta":[],"product_brand":[],"product_cat":[1330],"product_tag":[20,574,24,94,1331,1332,1333,187,1334],"class_list":{"0":"post-19561","1":"product","2":"type-product","3":"status-publish","4":"has-post-thumbnail","6":"product_cat-rb-leipzig-kindertrikot","7":"product_tag-coole-fussballtrikots","8":"product_tag-fussballtrikot-deutschland","9":"product_tag-guenstiges-fussballtrikot","10":"product_tag-kinder-fussball-trikotsatz","11":"product_tag-rb-leipzig-fussballtrikots-kinder","12":"product_tag-rb-leipzig-kinder-trikot-set","13":"product_tag-rb-leipzig-trikot-fuer-kinder","14":"product_tag-rb-leipzig-trikots","15":"product_tag-rb-leipzig-trikotsatz-fuer-kinder","17":"first","18":"instock","19":"shipping-taxable","20":"purchasable","21":"product-type-variable"},"_links":{"self":[{"href":"https:\/\/www.billigtrikotde.com\/da\/wp-json\/wp\/v2\/product\/19561","targetHints":{"allow":["GET"]}}],"collection":[{"href":"https:\/\/www.billigtrikotde.com\/da\/wp-json\/wp\/v2\/product"}],"about":[{"href":"https:\/\/www.billigtrikotde.com\/da\/wp-json\/wp\/v2\/types\/product"}],"replies":[{"embeddable":true,"href":"https:\/\/www.billigtrikotde.com\/da\/wp-json\/wp\/v2\/comments?post=19561"}],"wp:featuredmedia":[{"embeddable":true,"href":"https:\/\/www.billigtrikotde.com\/da\/wp-json\/wp\/v2\/media\/19609"}],"wp:attachment":[{"href":"https:\/\/www.billigtrikotde.com\/da\/wp-json\/wp\/v2\/media?parent=19561"}],"wp:term":[{"taxonomy":"product_brand","embeddable":true,"href":"https:\/\/www.billigtrikotde.com\/da\/wp-json\/wp\/v2\/product_brand?post=19561"},{"taxonomy":"product_cat","embeddable":true,"href":"https:\/\/www.billigtrikotde.com\/da\/wp-json\/wp\/v2\/product_cat?post=19561"},{"taxonomy":"product_tag","embeddable":true,"href":"https:\/\/www.billigtrikotde.com\/da\/wp-json\/wp\/v2\/product_tag?post=19561"}],"curies":[{"name":"wp","href":"https:\/\/api.w.org\/{rel}","templated":true}]}}