{"id":19553,"date":"2024-10-24T11:35:48","date_gmt":"2024-10-24T09:35:48","guid":{"rendered":"http:\/\/billigtrikots.com\/?post_type=product&#038;p=19553"},"modified":"2024-10-24T11:38:39","modified_gmt":"2024-10-24T09:38:39","slug":"billige-fussballtrikots-paris-saint-germain-psg-auswaertstrikot-2024-25-manuel-ugarte-4","status":"publish","type":"product","link":"https:\/\/www.billigtrikotde.com\/da\/vare\/billige-fussballtrikots-paris-saint-germain-psg-auswaertstrikot-2024-25-manuel-ugarte-4\/","title":{"rendered":"Billige fodboldtr\u00f8jer Paris Saint-Germain PSG Udebanetr\u00f8je 2024-25 Manuel Ugarte 4"},"content":{"rendered":"<p>PSG 2024-2026 udebanetr\u00f8jen er hvid, bl\u00e5 og r\u00f8d. Det s\u00e6rlige ved tr\u00f8jen er designet. PSG 2024-26 udebanetr\u00f8jen har en grafik med Eiffelt\u00e5rnet. Det er en referencetr\u00f8je til OL i Paris i 2024, men den er ogs\u00e5 inspireret af udebanetr\u00f8jen fra 1990-91.<\/p>\n<p>Tips til udskrivning: Hvis navn og nummer p\u00e5 billedet er pr\u00e6cis det, du \u00f8nsker, beh\u00f8ver du ikke at indtaste dem igen. Hvis ikke, skal du indtaste det \u00f8nskede navn og nummer.<\/p>\n<p>Tips til vask: Det anbefales at vaske fodboldtr\u00f8jer i h\u00e5nden. Hvis du vil bruge vaskemaskinen, skal du huske at vende vrangen ud p\u00e5 fodboldtr\u00f8jerne og derefter vaske dem. Fyld maskinen med koldt vand, og brug et sk\u00e5neprogram for bedre at beskytte farverne.<\/p>","protected":false},"excerpt":{"rendered":"<p>PSG 2024-2026 udeholdstr\u00f8jen er hvid, bl\u00e5 og r\u00f8d. Det s\u00e6rlige ved tr\u00f8jen er designet. PSG 2024-26 udeholdstr\u00f8jen har en grafik med Eiffelt\u00e5rnet. Det er en reference tr\u00f8je til Olympiske Lege i 2024 i Paris, men ogs\u00e5 inspireret af udeholdstr\u00f8jen fra 1990-91. Tips til tryk: N\u00e5r navn og nummer p\u00e5f\u00f8res p\u00e5 [\u2026]<\/p>","protected":false},"featured_media":19601,"comment_status":"open","ping_status":"closed","template":"","meta":[],"product_brand":[],"product_cat":[39],"product_tag":[20,535,577,1324,332,1325,1326,1272,1273,41,1274],"class_list":{"0":"post-19553","1":"product","2":"type-product","3":"status-publish","4":"has-post-thumbnail","6":"product_cat-paris-saint-germain","7":"product_tag-coole-fussballtrikots","8":"product_tag-deutschland-trikot","9":"product_tag-fussballtrikots-trikotsatz","10":"product_tag-guenstige-manuel-ugarte-trikot","11":"product_tag-herren-fussball-trikotsatz","12":"product_tag-manuel-ugarte-trikot-kaufen","13":"product_tag-manuel-ugarte-trikots","14":"product_tag-paris-saint-germain-psg-fussballtrikots-herren","15":"product_tag-paris-saint-germain-psg-trikot-fuer-herren","16":"product_tag-paris-saint-germain-trikots","17":"product_tag-psg-trikotsatz-fuer-herren","19":"first","20":"instock","21":"shipping-taxable","22":"purchasable","23":"product-type-variable"},"_links":{"self":[{"href":"https:\/\/www.billigtrikotde.com\/da\/wp-json\/wp\/v2\/product\/19553","targetHints":{"allow":["GET"]}}],"collection":[{"href":"https:\/\/www.billigtrikotde.com\/da\/wp-json\/wp\/v2\/product"}],"about":[{"href":"https:\/\/www.billigtrikotde.com\/da\/wp-json\/wp\/v2\/types\/product"}],"replies":[{"embeddable":true,"href":"https:\/\/www.billigtrikotde.com\/da\/wp-json\/wp\/v2\/comments?post=19553"}],"wp:featuredmedia":[{"embeddable":true,"href":"https:\/\/www.billigtrikotde.com\/da\/wp-json\/wp\/v2\/media\/19601"}],"wp:attachment":[{"href":"https:\/\/www.billigtrikotde.com\/da\/wp-json\/wp\/v2\/media?parent=19553"}],"wp:term":[{"taxonomy":"product_brand","embeddable":true,"href":"https:\/\/www.billigtrikotde.com\/da\/wp-json\/wp\/v2\/product_brand?post=19553"},{"taxonomy":"product_cat","embeddable":true,"href":"https:\/\/www.billigtrikotde.com\/da\/wp-json\/wp\/v2\/product_cat?post=19553"},{"taxonomy":"product_tag","embeddable":true,"href":"https:\/\/www.billigtrikotde.com\/da\/wp-json\/wp\/v2\/product_tag?post=19553"}],"curies":[{"name":"wp","href":"https:\/\/api.w.org\/{rel}","templated":true}]}}