{"id":19543,"date":"2024-10-24T11:35:14","date_gmt":"2024-10-24T09:35:14","guid":{"rendered":"http:\/\/billigtrikots.com\/?post_type=product&#038;p=19543"},"modified":"2024-10-24T11:38:04","modified_gmt":"2024-10-24T09:38:04","slug":"kinder-fussball-trikot-liverpool-2024-25-auswaerts-trikotsatz-personalisierbar","status":"publish","type":"product","link":"https:\/\/www.billigtrikotde.com\/da\/vare\/kinder-fussball-trikot-liverpool-2024-25-auswaerts-trikotsatz-personalisierbar\/","title":{"rendered":"B\u00f8rnefodboldtr\u00f8je Liverpool 2024-25 Udebanes\u00e6t, der kan tilpasses"},"content":{"rendered":"<p>Liverpools udebanetr\u00f8je 2024-2025 kombinerer en m\u00f8rk antracit grundfarve (n\u00e6sten sort) med lyse turkise og lysere antracitfarvede applikationer. Logoerne er cremefarvede. De officielle farver er \"Night Forest\/Anthracite\/Washed Teal\/Sail\". Designm\u00e6ssigt er Liverpool Football Club 24-25 udebanetr\u00f8jen holdt meget enkel. Den har ingen m\u00f8nstre eller grafisk design.<\/p>\n<p>Tips til udskrivning: Hvis navn og nummer p\u00e5 billedet er pr\u00e6cis det, du \u00f8nsker, beh\u00f8ver du ikke at indtaste dem igen. Hvis ikke, skal du indtaste det \u00f8nskede navn og nummer.<\/p>\n<p>Tips til vask: Det anbefales at vaske fodboldtr\u00f8jer i h\u00e5nden. Hvis du vil bruge vaskemaskinen, skal du huske at vende vrangen ud p\u00e5 fodboldtr\u00f8jerne og derefter vaske dem. Fyld maskinen med koldt vand, og brug et sk\u00e5neprogram for bedre at beskytte farverne.<\/p>","protected":false},"excerpt":{"rendered":"<p>Liverpool 2024-2025 udebane-tr\u00f8jen kombinerer en m\u00f8rk grafitfarve som basefarge (n\u00e6sten sort) med lysebl\u00e5gr\u00f8nne og lysere grafitapplikationer. Logoerne er cremefarvede. De officielle farver er \u201eNight Forest\/Anthracite\/Washed Teal\/Sail\u201c. Designet p\u00e5 Liverpool Football Club 24-25 udebane-tr\u00f8jen er meget enkelt. Den har ingen m\u00f8nstre eller grafisk udformning. Tips til tryk: N\u00e5r navnet og [\u2026]<\/p>","protected":false},"featured_media":19589,"comment_status":"open","ping_status":"closed","template":"","meta":[],"product_brand":[],"product_cat":[151],"product_tag":[20,574,24,94,865,277,866,153,154],"class_list":{"0":"post-19543","1":"product","2":"type-product","3":"status-publish","4":"has-post-thumbnail","6":"product_cat-liverpool-kindertrikot","7":"product_tag-coole-fussballtrikots","8":"product_tag-fussballtrikot-deutschland","9":"product_tag-guenstiges-fussballtrikot","10":"product_tag-kinder-fussball-trikotsatz","11":"product_tag-liverpool-fussballtrikots-kinder","12":"product_tag-liverpool-kinder-trikot-set","13":"product_tag-liverpool-trikot-fuer-kinder","14":"product_tag-liverpool-trikots","15":"product_tag-liverpool-trikotsatz-fuer-kinder","17":"first","18":"instock","19":"shipping-taxable","20":"purchasable","21":"product-type-variable"},"_links":{"self":[{"href":"https:\/\/www.billigtrikotde.com\/da\/wp-json\/wp\/v2\/product\/19543","targetHints":{"allow":["GET"]}}],"collection":[{"href":"https:\/\/www.billigtrikotde.com\/da\/wp-json\/wp\/v2\/product"}],"about":[{"href":"https:\/\/www.billigtrikotde.com\/da\/wp-json\/wp\/v2\/types\/product"}],"replies":[{"embeddable":true,"href":"https:\/\/www.billigtrikotde.com\/da\/wp-json\/wp\/v2\/comments?post=19543"}],"wp:featuredmedia":[{"embeddable":true,"href":"https:\/\/www.billigtrikotde.com\/da\/wp-json\/wp\/v2\/media\/19589"}],"wp:attachment":[{"href":"https:\/\/www.billigtrikotde.com\/da\/wp-json\/wp\/v2\/media?parent=19543"}],"wp:term":[{"taxonomy":"product_brand","embeddable":true,"href":"https:\/\/www.billigtrikotde.com\/da\/wp-json\/wp\/v2\/product_brand?post=19543"},{"taxonomy":"product_cat","embeddable":true,"href":"https:\/\/www.billigtrikotde.com\/da\/wp-json\/wp\/v2\/product_cat?post=19543"},{"taxonomy":"product_tag","embeddable":true,"href":"https:\/\/www.billigtrikotde.com\/da\/wp-json\/wp\/v2\/product_tag?post=19543"}],"curies":[{"name":"wp","href":"https:\/\/api.w.org\/{rel}","templated":true}]}}