{"id":19522,"date":"2024-10-24T11:34:02","date_gmt":"2024-10-24T09:34:02","guid":{"rendered":"http:\/\/billigtrikots.com\/?post_type=product&#038;p=19522"},"modified":"2024-10-24T11:36:50","modified_gmt":"2024-10-24T09:36:50","slug":"guenstige-kindertrikots-liverpool-heimtrikotsatz-2024-25-mohamed-salah-11","status":"publish","type":"product","link":"https:\/\/www.billigtrikotde.com\/da\/vare\/guenstige-kindertrikots-liverpool-heimtrikotsatz-2024-25-mohamed-salah-11\/","title":{"rendered":"Billige b\u00f8rnetr\u00f8jer Liverpool hjemmebanes\u00e6t 2024-25 Mohamed Salah 11"},"content":{"rendered":"<p>Liverpool Football Club 24-25 Jersey er en kombination af Gym Red, White og Chrome Yellow. Kroppen er r\u00f8d, logoerne er gule, og hvid bruges til sponsorlogoer og detaljer. Det, der f\u00e5r Liverpool 24-25-tr\u00f8jen til at skille sig ud, er designet p\u00e5 forsiden. Den har gule n\u00e5lestriber, der danner et YNWA-m\u00f8nster (You'll Never Walk Alone).<\/p>\n<p>Tips til udskrivning: Hvis navn og nummer p\u00e5 billedet er pr\u00e6cis det, du \u00f8nsker, beh\u00f8ver du ikke at indtaste dem igen. Hvis ikke, skal du indtaste det \u00f8nskede navn og nummer.<\/p>\n<p>Tips til vask: Det anbefales at vaske fodboldtr\u00f8jer i h\u00e5nden. Hvis du vil bruge vaskemaskinen, skal du huske at vende vrangen ud p\u00e5 fodboldtr\u00f8jerne og derefter vaske dem. Fyld maskinen med koldt vand, og brug et sk\u00e5neprogram for bedre at beskytte farverne.<\/p>","protected":false},"excerpt":{"rendered":"<p>Liverpool Football Club 24-25 Jersey er en kombination af Gym Red, White og Chrome Yellow. Kroppen er r\u00f8d, logoerne er gule, og hvid bruges til sponsorlogoer og detaljer. Det, der f\u00e5r Liverpool 24-25-tr\u00f8jen til at skille sig ud, er designet p\u00e5 forsiden. Den har gule n\u00e5lestriber, der danner et YNWA-m\u00f8nster (You'll Never Walk Alone).<\/p>","protected":false},"featured_media":19567,"comment_status":"open","ping_status":"closed","template":"","meta":[],"product_brand":[],"product_cat":[151],"product_tag":[20,574,24,94,865,277,866,153,154,1318],"class_list":{"0":"post-19522","1":"product","2":"type-product","3":"status-publish","4":"has-post-thumbnail","6":"product_cat-liverpool-kindertrikot","7":"product_tag-coole-fussballtrikots","8":"product_tag-fussballtrikot-deutschland","9":"product_tag-guenstiges-fussballtrikot","10":"product_tag-kinder-fussball-trikotsatz","11":"product_tag-liverpool-fussballtrikots-kinder","12":"product_tag-liverpool-kinder-trikot-set","13":"product_tag-liverpool-trikot-fuer-kinder","14":"product_tag-liverpool-trikots","15":"product_tag-liverpool-trikotsatz-fuer-kinder","16":"product_tag-mohamed-salah-trikots","18":"first","19":"instock","20":"shipping-taxable","21":"purchasable","22":"product-type-variable"},"_links":{"self":[{"href":"https:\/\/www.billigtrikotde.com\/da\/wp-json\/wp\/v2\/product\/19522","targetHints":{"allow":["GET"]}}],"collection":[{"href":"https:\/\/www.billigtrikotde.com\/da\/wp-json\/wp\/v2\/product"}],"about":[{"href":"https:\/\/www.billigtrikotde.com\/da\/wp-json\/wp\/v2\/types\/product"}],"replies":[{"embeddable":true,"href":"https:\/\/www.billigtrikotde.com\/da\/wp-json\/wp\/v2\/comments?post=19522"}],"wp:featuredmedia":[{"embeddable":true,"href":"https:\/\/www.billigtrikotde.com\/da\/wp-json\/wp\/v2\/media\/19567"}],"wp:attachment":[{"href":"https:\/\/www.billigtrikotde.com\/da\/wp-json\/wp\/v2\/media?parent=19522"}],"wp:term":[{"taxonomy":"product_brand","embeddable":true,"href":"https:\/\/www.billigtrikotde.com\/da\/wp-json\/wp\/v2\/product_brand?post=19522"},{"taxonomy":"product_cat","embeddable":true,"href":"https:\/\/www.billigtrikotde.com\/da\/wp-json\/wp\/v2\/product_cat?post=19522"},{"taxonomy":"product_tag","embeddable":true,"href":"https:\/\/www.billigtrikotde.com\/da\/wp-json\/wp\/v2\/product_tag?post=19522"}],"curies":[{"name":"wp","href":"https:\/\/api.w.org\/{rel}","templated":true}]}}