{"id":19492,"date":"2024-10-24T11:32:11","date_gmt":"2024-10-24T09:32:11","guid":{"rendered":"http:\/\/billigtrikots.com\/?post_type=product&#038;p=19492"},"modified":"2025-05-30T16:13:25","modified_gmt":"2025-05-30T14:13:25","slug":"guenstige-kindertrikots-manchester-united-auswaerts-trikotsatz-2024-25-bruno-fernandes-8","status":"publish","type":"product","link":"https:\/\/www.billigtrikotde.com\/da\/vare\/guenstige-kindertrikots-manchester-united-auswaerts-trikotsatz-2024-25-bruno-fernandes-8\/","title":{"rendered":"Billige b\u00f8rnetr\u00f8jer Manchester United Udebanes\u00e6t 2024-25 Bruno Fernandes 8"},"content":{"rendered":"<p>Den nye Manchester United FC 24-25 udebanetr\u00f8je har en marinebl\u00e5 hovedfarve (\"Night Indigo\"), kombineret med lyse s\u00f8lvlogoer og r\u00f8de detaljer. Manchester United 24-25 udebanetr\u00f8jen har et zigzagmotiv p\u00e5 forsiden, der best\u00e5r af bogstavet M. Den lysebl\u00e5 grafik p\u00e5 den smarte polokrave er en hyldest til den flod, som Old Trafford ligger ved.<\/p>\n<p>Tips til udskrivning: Hvis navn og nummer p\u00e5 billedet er pr\u00e6cis det, du \u00f8nsker, beh\u00f8ver du ikke at indtaste dem igen. Hvis ikke, skal du indtaste det \u00f8nskede navn og nummer.<\/p>\n<p>Tips til vask: Det anbefales at vaske fodboldtr\u00f8jer i h\u00e5nden. Hvis du vil bruge vaskemaskinen, skal du huske at vende vrangen ud p\u00e5 fodboldtr\u00f8jerne og derefter vaske dem. Fyld maskinen med koldt vand, og brug et sk\u00e5neprogram for bedre at beskytte farverne.<\/p>","protected":false},"excerpt":{"rendered":"<p>Den nye Manchester United FC 24-25 udebanetr\u00f8je har en marinebl\u00e5 hovedfarve (\"Night Indigo\") kombineret med lyse s\u00f8lvlogoer og r\u00f8de accenter. 24-25 udebanetr\u00f8jen fra Manchester United har et zigzagmotiv p\u00e5 forsiden best\u00e5ende af bogstavet M. Den lysebl\u00e5 grafik p\u00e5 den smarte polokrave er en hyldest til den flod, som Old Trafford ligger ved.<\/p>","protected":false},"featured_media":19537,"comment_status":"open","ping_status":"closed","template":"","meta":[],"product_brand":[],"product_cat":[140],"product_tag":[20,1297,574,664,24,1262,898,899,52,142],"class_list":{"0":"post-19492","1":"product","2":"type-product","3":"status-publish","4":"has-post-thumbnail","6":"product_cat-manchester-united-kindertrikot","7":"product_tag-coole-fussballtrikots","8":"product_tag-bruno-fernandes-trikots","9":"product_tag-fussballtrikot-deutschland","10":"product_tag-fussballtrikot-trikotsatz","11":"product_tag-guenstiges-fussballtrikot","12":"product_tag-manchester-united-24-25-trikot","13":"product_tag-manchester-united-fussballtrikots-kinder","14":"product_tag-manchester-united-trikot-fuer-kinder","15":"product_tag-manchester-united-trikots","16":"product_tag-manchester-united-trikotsatz-fuer-kinder","18":"first","19":"instock","20":"shipping-taxable","21":"purchasable","22":"product-type-variable"},"_links":{"self":[{"href":"https:\/\/www.billigtrikotde.com\/da\/wp-json\/wp\/v2\/product\/19492","targetHints":{"allow":["GET"]}}],"collection":[{"href":"https:\/\/www.billigtrikotde.com\/da\/wp-json\/wp\/v2\/product"}],"about":[{"href":"https:\/\/www.billigtrikotde.com\/da\/wp-json\/wp\/v2\/types\/product"}],"replies":[{"embeddable":true,"href":"https:\/\/www.billigtrikotde.com\/da\/wp-json\/wp\/v2\/comments?post=19492"}],"wp:featuredmedia":[{"embeddable":true,"href":"https:\/\/www.billigtrikotde.com\/da\/wp-json\/wp\/v2\/media\/19537"}],"wp:attachment":[{"href":"https:\/\/www.billigtrikotde.com\/da\/wp-json\/wp\/v2\/media?parent=19492"}],"wp:term":[{"taxonomy":"product_brand","embeddable":true,"href":"https:\/\/www.billigtrikotde.com\/da\/wp-json\/wp\/v2\/product_brand?post=19492"},{"taxonomy":"product_cat","embeddable":true,"href":"https:\/\/www.billigtrikotde.com\/da\/wp-json\/wp\/v2\/product_cat?post=19492"},{"taxonomy":"product_tag","embeddable":true,"href":"https:\/\/www.billigtrikotde.com\/da\/wp-json\/wp\/v2\/product_tag?post=19492"}],"curies":[{"name":"wp","href":"https:\/\/api.w.org\/{rel}","templated":true}]}}