{"id":19482,"date":"2024-10-24T11:31:35","date_gmt":"2024-10-24T09:31:35","guid":{"rendered":"http:\/\/billigtrikots.com\/?post_type=product&#038;p=19482"},"modified":"2025-06-16T16:03:01","modified_gmt":"2025-06-16T14:03:01","slug":"juventus-ausweich-trikotsatz-2024-25-fussballtrikots-guenstig","status":"publish","type":"product","link":"https:\/\/www.billigtrikotde.com\/da\/vare\/juventus-ausweich-trikotsatz-2024-25-fussballtrikots-guenstig\/","title":{"rendered":"Juventus 2024-25 Fodboldtr\u00f8jer billigt"},"content":{"rendered":"<p>Den nye Juventus FC 24-25 tredjes\u00e6t er overvejende antracitfarvet med guldlogoer. Det mest interessante ved Juventus FC 24-25 tredjes\u00e6ttet er, at Trefoil-logoet og Juventus' zebra-v\u00e5benskjold dukker op. Dette bringer klassicisme og nostalgi til Juventus 24-25 tredjetr\u00f8jen, der bruger en klassisk polokrave for en endnu mere retro f\u00f8lelse. Et m\u00f8nster best\u00e5ende af det nuv\u00e6rende Juventus-logo fuldender looket.<\/p>\n<p>Tips til udskrivning: Hvis navn og nummer p\u00e5 billedet er pr\u00e6cis det, du \u00f8nsker, beh\u00f8ver du ikke at indtaste dem igen. Hvis ikke, skal du indtaste det \u00f8nskede navn og nummer.<\/p>\n<p>Tips til vask: Det anbefales at vaske fodboldtr\u00f8jer i h\u00e5nden. Hvis du vil bruge vaskemaskinen, skal du huske at vende vrangen ud p\u00e5 fodboldtr\u00f8jerne og derefter vaske dem. Fyld maskinen med koldt vand, og brug et sk\u00e5neprogram for bedre at beskytte farverne.<\/p>","protected":false},"excerpt":{"rendered":"<p>Das neue dritte Trikot von Juventus FC 24-25 ist \u00fcberwiegend anthrazitfarben mit goldenen Logos. Das interessanteste Merkmal des dritten Trikots des Juventus FC 24-25 ist das Auftauchen des Trefoil-Logos und des Juventus-Zebra-Wappens. Das bringt Klassik und Nostalgie in das dritte Trikot von Juventus 24-25. Es verwendet einen klassischen Polokragen f\u00fcr ein noch st\u00e4rkeres Retro-Gef\u00fchl. Ein [&hellip;]<\/p>","protected":false},"featured_media":19525,"comment_status":"open","ping_status":"closed","template":"","meta":[],"product_brand":[],"product_cat":[59],"product_tag":[20,574,21,23,24,617,618,61],"class_list":{"0":"post-19482","1":"product","2":"type-product","3":"status-publish","4":"has-post-thumbnail","6":"product_cat-juventus","7":"product_tag-coole-fussballtrikots","8":"product_tag-fussballtrikot-deutschland","9":"product_tag-fussballtrikot-fuer-herren","10":"product_tag-fussballtrikot-kurzarm","11":"product_tag-guenstiges-fussballtrikot","12":"product_tag-juventus-fussballtrikot","13":"product_tag-juventus-trikot","14":"product_tag-juventus-trikots","16":"first","17":"instock","18":"shipping-taxable","19":"purchasable","20":"product-type-variable"},"_links":{"self":[{"href":"https:\/\/www.billigtrikotde.com\/da\/wp-json\/wp\/v2\/product\/19482","targetHints":{"allow":["GET"]}}],"collection":[{"href":"https:\/\/www.billigtrikotde.com\/da\/wp-json\/wp\/v2\/product"}],"about":[{"href":"https:\/\/www.billigtrikotde.com\/da\/wp-json\/wp\/v2\/types\/product"}],"replies":[{"embeddable":true,"href":"https:\/\/www.billigtrikotde.com\/da\/wp-json\/wp\/v2\/comments?post=19482"}],"wp:featuredmedia":[{"embeddable":true,"href":"https:\/\/www.billigtrikotde.com\/da\/wp-json\/wp\/v2\/media\/19525"}],"wp:attachment":[{"href":"https:\/\/www.billigtrikotde.com\/da\/wp-json\/wp\/v2\/media?parent=19482"}],"wp:term":[{"taxonomy":"product_brand","embeddable":true,"href":"https:\/\/www.billigtrikotde.com\/da\/wp-json\/wp\/v2\/product_brand?post=19482"},{"taxonomy":"product_cat","embeddable":true,"href":"https:\/\/www.billigtrikotde.com\/da\/wp-json\/wp\/v2\/product_cat?post=19482"},{"taxonomy":"product_tag","embeddable":true,"href":"https:\/\/www.billigtrikotde.com\/da\/wp-json\/wp\/v2\/product_tag?post=19482"}],"curies":[{"name":"wp","href":"https:\/\/api.w.org\/{rel}","templated":true}]}}