{"id":19444,"date":"2024-10-24T11:29:12","date_gmt":"2024-10-24T09:29:12","guid":{"rendered":"http:\/\/billigtrikots.com\/?post_type=product&#038;p=19444"},"modified":"2025-05-30T16:13:28","modified_gmt":"2025-05-30T14:13:28","slug":"herren-manchester-united-heimtrikot-2024-25-guenstige-fussball-trikotsatz","status":"publish","type":"product","link":"https:\/\/www.billigtrikotde.com\/da\/vare\/herren-manchester-united-heimtrikot-2024-25-guenstige-fussball-trikotsatz\/","title":{"rendered":"Manchester United Hjemmebanetr\u00f8je 2024-25 til m\u00e6nd Billig fodboldtr\u00f8je"},"content":{"rendered":"<p>Manchester United FC 24-25-tr\u00f8jen kombinerer to r\u00f8de nuancer i et farvegradient-design. Det er ikke f\u00f8rste gang, at en Manchester United-tr\u00f8je kombinerer to r\u00f8de nuancer. Sidste gang det var tilf\u00e6ldet var i 2016-17-s\u00e6sonen. Det s\u00e6rlige ved Manchester United 24-25-tr\u00f8jen er et subtilt r\u00f8dt-p\u00e5-r\u00f8dt gradientm\u00f8nster.<\/p>\n<p>Tips til udskrivning: Hvis navn og nummer p\u00e5 billedet er pr\u00e6cis det, du \u00f8nsker, beh\u00f8ver du ikke at indtaste dem igen. Hvis ikke, skal du indtaste det \u00f8nskede navn og nummer.<\/p>\n<p>Tips til vask: Det anbefales at vaske fodboldtr\u00f8jer i h\u00e5nden. Hvis du vil bruge vaskemaskinen, skal du huske at vende vrangen ud p\u00e5 fodboldtr\u00f8jerne og derefter vaske dem. Fyld maskinen med koldt vand, og brug et sk\u00e5neprogram for bedre at beskytte farverne.<\/p>","protected":false},"excerpt":{"rendered":"<p>Manchester United FC 24-25-tr\u00f8jen kombinerer to r\u00f8de nuancer i et farvegrafikdesign. Det er ikke f\u00f8rste gang, at en Manchester United-tr\u00f8je kombinerer to r\u00f8de nuancer. Sidste gang var det i s\u00e6sonen 2016-17. Det s\u00e6rlige ved Manchester Uniteds tr\u00f8je 24-25 er et diskret r\u00f8d-til-r\u00f8d gradientm\u00f8nster. Trykningstips: N\u00e5r navnet [\u2026]<\/p>","protected":false},"featured_media":19484,"comment_status":"open","ping_status":"closed","template":"","meta":[],"product_brand":[],"product_cat":[50],"product_tag":[20,574,21,23,24,1298,672,673],"class_list":{"0":"post-19444","1":"product","2":"type-product","3":"status-publish","4":"has-post-thumbnail","6":"product_cat-manchester-united","7":"product_tag-coole-fussballtrikots","8":"product_tag-fussballtrikot-deutschland","9":"product_tag-fussballtrikot-fuer-herren","10":"product_tag-fussballtrikot-kurzarm","11":"product_tag-guenstiges-fussballtrikot","12":"product_tag-manchester-united-24-25-auswaertstrikot","13":"product_tag-manchester-united-fussballtrikot","14":"product_tag-manchester-united-trikot","16":"first","17":"instock","18":"shipping-taxable","19":"purchasable","20":"product-type-variable"},"_links":{"self":[{"href":"https:\/\/www.billigtrikotde.com\/da\/wp-json\/wp\/v2\/product\/19444","targetHints":{"allow":["GET"]}}],"collection":[{"href":"https:\/\/www.billigtrikotde.com\/da\/wp-json\/wp\/v2\/product"}],"about":[{"href":"https:\/\/www.billigtrikotde.com\/da\/wp-json\/wp\/v2\/types\/product"}],"replies":[{"embeddable":true,"href":"https:\/\/www.billigtrikotde.com\/da\/wp-json\/wp\/v2\/comments?post=19444"}],"wp:featuredmedia":[{"embeddable":true,"href":"https:\/\/www.billigtrikotde.com\/da\/wp-json\/wp\/v2\/media\/19484"}],"wp:attachment":[{"href":"https:\/\/www.billigtrikotde.com\/da\/wp-json\/wp\/v2\/media?parent=19444"}],"wp:term":[{"taxonomy":"product_brand","embeddable":true,"href":"https:\/\/www.billigtrikotde.com\/da\/wp-json\/wp\/v2\/product_brand?post=19444"},{"taxonomy":"product_cat","embeddable":true,"href":"https:\/\/www.billigtrikotde.com\/da\/wp-json\/wp\/v2\/product_cat?post=19444"},{"taxonomy":"product_tag","embeddable":true,"href":"https:\/\/www.billigtrikotde.com\/da\/wp-json\/wp\/v2\/product_tag?post=19444"}],"curies":[{"name":"wp","href":"https:\/\/api.w.org\/{rel}","templated":true}]}}