{"id":19442,"date":"2024-10-24T11:29:10","date_gmt":"2024-10-24T09:29:10","guid":{"rendered":"http:\/\/billigtrikots.com\/?post_type=product&#038;p=19442"},"modified":"2025-06-09T04:41:39","modified_gmt":"2025-06-09T02:41:39","slug":"kaufe-herren-arsenal-2024-25-heimtrikot-rot-und-weiss-trikotsatz-kit","status":"publish","type":"product","link":"https:\/\/www.billigtrikotde.com\/da\/vare\/kaufe-herren-arsenal-2024-25-heimtrikot-rot-und-weiss-trikotsatz-kit\/","title":{"rendered":"K\u00f8b Arsenal 2024-25 hjemmebanetr\u00f8je r\u00f8d og hvid til m\u00e6nd"},"content":{"rendered":"<p>Arsenal 2024-2025-tr\u00f8jen kombinerer klubbens klassiske r\u00f8de hovedfarve (Better Scarlet) med hvide logoer og m\u00f8rkebl\u00e5 designelementer. Designm\u00e6ssigt er Arsenal 2024-25-tr\u00f8jen holdt ret enkel. Den er baseret p\u00e5 den nye 2024-25-skabelon, som har karakteristiske sideetiketter, som i dette tilf\u00e6lde er bl\u00e5.<\/p>\n<p>Tips til udskrivning: Hvis navn og nummer p\u00e5 billedet er pr\u00e6cis det, du \u00f8nsker, beh\u00f8ver du ikke at indtaste dem igen. Hvis ikke, skal du indtaste det \u00f8nskede navn og nummer.<\/p>\n<p>Tips til vask: Det anbefales at vaske fodboldtr\u00f8jer i h\u00e5nden. Hvis du vil bruge vaskemaskinen, skal du huske at vende vrangen ud p\u00e5 fodboldtr\u00f8jerne og derefter vaske dem. Fyld maskinen med koldt vand, og brug et sk\u00e5neprogram for bedre at beskytte farverne.<\/p>","protected":false},"excerpt":{"rendered":"<p>Das Arsenal 2024-2025 Trikot kombiniert die klassische rote Hauptfarbe des Vereins (Better Scarlet) mit wei\u00dfen Logos und dunkelblauen Designelementen. Vom Design her ist das Arsenal 2024-25 Trikot eher schlicht gehalten. Es baut auf der neuen 2024-25 Template auf, die markante Seitenetiketten hat, die in diesem Fall blau sind. Tipps zum Drucken: Wenn der Name und [&hellip;]<\/p>","protected":false},"featured_media":19483,"comment_status":"open","ping_status":"closed","template":"","meta":[],"product_brand":[],"product_cat":[55],"product_tag":[609,610,1007,21,23,24],"class_list":{"0":"post-19442","1":"product","2":"type-product","3":"status-publish","4":"has-post-thumbnail","6":"product_cat-arsenal","7":"product_tag-arsenal-fussballtrikot","8":"product_tag-arsenal-trikot","9":"product_tag-arsenal-trikot-2024","10":"product_tag-fussballtrikot-fuer-herren","11":"product_tag-fussballtrikot-kurzarm","12":"product_tag-guenstiges-fussballtrikot","14":"first","15":"instock","16":"shipping-taxable","17":"purchasable","18":"product-type-variable"},"_links":{"self":[{"href":"https:\/\/www.billigtrikotde.com\/da\/wp-json\/wp\/v2\/product\/19442","targetHints":{"allow":["GET"]}}],"collection":[{"href":"https:\/\/www.billigtrikotde.com\/da\/wp-json\/wp\/v2\/product"}],"about":[{"href":"https:\/\/www.billigtrikotde.com\/da\/wp-json\/wp\/v2\/types\/product"}],"replies":[{"embeddable":true,"href":"https:\/\/www.billigtrikotde.com\/da\/wp-json\/wp\/v2\/comments?post=19442"}],"wp:featuredmedia":[{"embeddable":true,"href":"https:\/\/www.billigtrikotde.com\/da\/wp-json\/wp\/v2\/media\/19483"}],"wp:attachment":[{"href":"https:\/\/www.billigtrikotde.com\/da\/wp-json\/wp\/v2\/media?parent=19442"}],"wp:term":[{"taxonomy":"product_brand","embeddable":true,"href":"https:\/\/www.billigtrikotde.com\/da\/wp-json\/wp\/v2\/product_brand?post=19442"},{"taxonomy":"product_cat","embeddable":true,"href":"https:\/\/www.billigtrikotde.com\/da\/wp-json\/wp\/v2\/product_cat?post=19442"},{"taxonomy":"product_tag","embeddable":true,"href":"https:\/\/www.billigtrikotde.com\/da\/wp-json\/wp\/v2\/product_tag?post=19442"}],"curies":[{"name":"wp","href":"https:\/\/api.w.org\/{rel}","templated":true}]}}