{"id":19410,"date":"2024-10-24T11:26:49","date_gmt":"2024-10-24T09:26:49","guid":{"rendered":"http:\/\/billigtrikots.com\/?post_type=product&#038;p=19410"},"modified":"2025-10-16T16:01:46","modified_gmt":"2025-10-16T14:01:46","slug":"kaufe-fussballtrikots-real-madrid-2024-25-heimtrikot-trikotsatz-cristiano-ronaldo-7","status":"publish","type":"product","link":"https:\/\/www.billigtrikotde.com\/da\/vare\/kaufe-fussballtrikots-real-madrid-2024-25-heimtrikot-trikotsatz-cristiano-ronaldo-7\/","title":{"rendered":"K\u00f8b Real Madrid 2024-25 hjemmebanetr\u00f8je fodboldtr\u00f8jer Cristiano Ronaldo 7"},"content":{"rendered":"<p>Real Madrid Club de F\u00fatbol 2024-25-tr\u00f8jen har holdets traditionelle hvide farve kombineret med sort p\u00e5 de tre striber. Real Madrid 2024-2025-tr\u00f8jen v\u00e6kker minder om tr\u00f8jerne fra begyndelsen af 2000'erne takket v\u00e6re den klassiske farvekombination og det enkle design.<\/p>\n<p>Tips til udskrivning: Hvis navn og nummer p\u00e5 billedet er pr\u00e6cis det, du \u00f8nsker, beh\u00f8ver du ikke at indtaste dem igen. Hvis ikke, skal du indtaste det \u00f8nskede navn og nummer.<\/p>\n<p>Tips til vask: Det anbefales at vaske fodboldtr\u00f8jer i h\u00e5nden. Hvis du vil bruge vaskemaskinen, skal du huske at vende vrangen ud p\u00e5 fodboldtr\u00f8jerne og derefter vaske dem. Fyld maskinen med koldt vand, og brug et sk\u00e5neprogram for bedre at beskytte farverne.<\/p>","protected":false},"excerpt":{"rendered":"<p>Real Madrid Club de F\u00fatbol 2024-25 tr\u00f8jen har den traditionelle hvide farve, kombineret med sort til tre striber. Real Madrid 2024-2025-tr\u00f8jen v\u00e6kker takket v\u00e6re den klassiske farvekombination og det enkle design minder om tr\u00f8jerne fra begyndelsen af 2000'erne. Tips til udskrift: Hvis navn og nummer er p\u00e5 [\u2026]<\/p>","protected":false},"featured_media":19449,"comment_status":"open","ping_status":"closed","template":"","meta":[],"product_brand":[],"product_cat":[45],"product_tag":[574,21,228,24,1191,489,490,979,47],"class_list":{"0":"post-19410","1":"product","2":"type-product","3":"status-publish","4":"has-post-thumbnail","6":"product_cat-real-madrid","7":"product_tag-fussballtrikot-deutschland","8":"product_tag-fussballtrikot-fuer-herren","9":"product_tag-guenstige-fussballtrikot","10":"product_tag-guenstiges-fussballtrikot","11":"product_tag-real-madrid-club-de-futbol-2024-25-trikot","12":"product_tag-real-madrid-fussballtrikot","13":"product_tag-real-madrid-trikot","14":"product_tag-real-madrid-trikot-2024","15":"product_tag-real-madrid-trikots","17":"first","18":"instock","19":"shipping-taxable","20":"purchasable","21":"product-type-variable"},"_links":{"self":[{"href":"https:\/\/www.billigtrikotde.com\/da\/wp-json\/wp\/v2\/product\/19410","targetHints":{"allow":["GET"]}}],"collection":[{"href":"https:\/\/www.billigtrikotde.com\/da\/wp-json\/wp\/v2\/product"}],"about":[{"href":"https:\/\/www.billigtrikotde.com\/da\/wp-json\/wp\/v2\/types\/product"}],"replies":[{"embeddable":true,"href":"https:\/\/www.billigtrikotde.com\/da\/wp-json\/wp\/v2\/comments?post=19410"}],"wp:featuredmedia":[{"embeddable":true,"href":"https:\/\/www.billigtrikotde.com\/da\/wp-json\/wp\/v2\/media\/19449"}],"wp:attachment":[{"href":"https:\/\/www.billigtrikotde.com\/da\/wp-json\/wp\/v2\/media?parent=19410"}],"wp:term":[{"taxonomy":"product_brand","embeddable":true,"href":"https:\/\/www.billigtrikotde.com\/da\/wp-json\/wp\/v2\/product_brand?post=19410"},{"taxonomy":"product_cat","embeddable":true,"href":"https:\/\/www.billigtrikotde.com\/da\/wp-json\/wp\/v2\/product_cat?post=19410"},{"taxonomy":"product_tag","embeddable":true,"href":"https:\/\/www.billigtrikotde.com\/da\/wp-json\/wp\/v2\/product_tag?post=19410"}],"curies":[{"name":"wp","href":"https:\/\/api.w.org\/{rel}","templated":true}]}}