{"id":19390,"date":"2024-10-24T11:25:35","date_gmt":"2024-10-24T09:25:35","guid":{"rendered":"http:\/\/billigtrikots.com\/?post_type=product&#038;p=19390"},"modified":"2025-10-16T16:01:48","modified_gmt":"2025-10-16T14:01:48","slug":"herren-fussball-trikotsatz-real-madrid-2024-25-auswaertstrikot-cristiano-ronaldo-7","status":"publish","type":"product","link":"https:\/\/www.billigtrikotde.com\/da\/vare\/herren-fussball-trikotsatz-real-madrid-2024-25-auswaertstrikot-cristiano-ronaldo-7\/","title":{"rendered":"Fodboldtr\u00f8je til herrer Real Madrid 2024-25 Away Jersey Cristiano Ronaldo 7"},"content":{"rendered":"<p>Den nye Real Madrid 24-25 udebanetr\u00f8je minder farvem\u00e6ssigt om tredjetr\u00f8jen fra 2013-2014. Den er overvejende lys orange med sorte applikationer. Kraven har hvide detaljer. Real Madrids udebanetr\u00f8je for s\u00e6sonen 2024\/25 er inspireret af stjernerne p\u00e5 himlen under udekampe og forbinder altid klubben med Santiago Bernabeu. Den orange tr\u00f8je har en abstrakt astral grafik, der l\u00f8ber gennem hele tr\u00f8jen, med nuancer af Glow Blue, Black-Blue Metallic og Night Navy, der findes overalt - is\u00e6r p\u00e5 kraven. En tr\u00f8je, der forbinder Madrid med sit hjemland.<\/p>\n<p>Tips til udskrivning: Hvis navn og nummer p\u00e5 billedet er pr\u00e6cis det, du \u00f8nsker, beh\u00f8ver du ikke at indtaste dem igen. Hvis ikke, skal du indtaste det \u00f8nskede navn og nummer.<\/p>\n<p>Tips til vask: Det anbefales at vaske fodboldtr\u00f8jer i h\u00e5nden. Hvis du vil bruge vaskemaskinen, skal du huske at vende vrangen ud p\u00e5 fodboldtr\u00f8jerne og derefter vaske dem. Fyld maskinen med koldt vand, og brug et sk\u00e5neprogram for bedre at beskytte farverne.<\/p>","protected":false},"excerpt":{"rendered":"<p>Das neue Real Madrid 24-25 Ausw\u00e4rtstrikot erinnert farblich an das dritte Trikot von 2013-2014. Es ist \u00fcberwiegend leuchtend orange mit schwarzen Applikationen. Der Kragen ist mit wei\u00dfen Details versehen. Das Ausw\u00e4rtstrikot von Real Madrid f\u00fcr die Saison 2024\/25 ist von den Sternen am Himmel w\u00e4hrend der Ausw\u00e4rtsspiele inspiriert und verbindet den Verein immer mit dem [&hellip;]<\/p>","protected":false},"featured_media":19430,"comment_status":"open","ping_status":"closed","template":"","meta":[],"product_brand":[],"product_cat":[45],"product_tag":[1307,574,21,228,24,1191,489,490,979,47],"class_list":{"0":"post-19390","1":"product","2":"type-product","3":"status-publish","4":"has-post-thumbnail","6":"product_cat-real-madrid","7":"product_tag-cristiano-ronaldo-trikots","8":"product_tag-fussballtrikot-deutschland","9":"product_tag-fussballtrikot-fuer-herren","10":"product_tag-guenstige-fussballtrikot","11":"product_tag-guenstiges-fussballtrikot","12":"product_tag-real-madrid-club-de-futbol-2024-25-trikot","13":"product_tag-real-madrid-fussballtrikot","14":"product_tag-real-madrid-trikot","15":"product_tag-real-madrid-trikot-2024","16":"product_tag-real-madrid-trikots","18":"first","19":"instock","20":"shipping-taxable","21":"purchasable","22":"product-type-variable"},"_links":{"self":[{"href":"https:\/\/www.billigtrikotde.com\/da\/wp-json\/wp\/v2\/product\/19390","targetHints":{"allow":["GET"]}}],"collection":[{"href":"https:\/\/www.billigtrikotde.com\/da\/wp-json\/wp\/v2\/product"}],"about":[{"href":"https:\/\/www.billigtrikotde.com\/da\/wp-json\/wp\/v2\/types\/product"}],"replies":[{"embeddable":true,"href":"https:\/\/www.billigtrikotde.com\/da\/wp-json\/wp\/v2\/comments?post=19390"}],"wp:featuredmedia":[{"embeddable":true,"href":"https:\/\/www.billigtrikotde.com\/da\/wp-json\/wp\/v2\/media\/19430"}],"wp:attachment":[{"href":"https:\/\/www.billigtrikotde.com\/da\/wp-json\/wp\/v2\/media?parent=19390"}],"wp:term":[{"taxonomy":"product_brand","embeddable":true,"href":"https:\/\/www.billigtrikotde.com\/da\/wp-json\/wp\/v2\/product_brand?post=19390"},{"taxonomy":"product_cat","embeddable":true,"href":"https:\/\/www.billigtrikotde.com\/da\/wp-json\/wp\/v2\/product_cat?post=19390"},{"taxonomy":"product_tag","embeddable":true,"href":"https:\/\/www.billigtrikotde.com\/da\/wp-json\/wp\/v2\/product_tag?post=19390"}],"curies":[{"name":"wp","href":"https:\/\/api.w.org\/{rel}","templated":true}]}}