{"id":1938,"date":"2024-10-23T13:52:39","date_gmt":"2024-10-23T11:52:39","guid":{"rendered":"http:\/\/billigtrikots.com\/?post_type=product&#038;p=1938"},"modified":"2024-10-23T13:54:14","modified_gmt":"2024-10-23T11:54:14","slug":"wolverhampton-wanderers-gelb-trikot-2022-heim-mit-aufdruck-boly-15","status":"publish","type":"product","link":"https:\/\/www.billigtrikotde.com\/da\/vare\/wolverhampton-wanderers-gelb-trikot-2022-heim-mit-aufdruck-boly-15\/","title":{"rendered":"Wolverhampton Wanderers Gult Tr\u00f8je 2022 Hjemme med Tryk BOLY 15"},"content":{"rendered":"<p>G\u00f8r dig klar og vis din st\u00f8tte i denne herre Wolverhampton Wanderers FC 2021\/22 Hjemmetr\u00e6ningstr\u00f8je fra Castore. Denne standardpasform-tr\u00f8je i farven Guld er lavet af let polyesterstof, der holder dig k\u00f8lig og komfortabel p\u00e5 banen. Den har en V-udsk\u00e6ring, korte \u00e6rmer og kontrasterende sorte indsatser og ribkanter. Med det karakteristiske Castore-m\u00e6rke er denne tr\u00f8je udstyret med det ikoniske Wolves-logo p\u00e5 brystet. Vaskemaskinevenlig.<\/p>\n<p>Tips til udskrivning: Hvis navn og nummer p\u00e5 billedet er pr\u00e6cis det, du \u00f8nsker, beh\u00f8ver du ikke at indtaste dem igen. Hvis ikke, skal du indtaste det \u00f8nskede navn og nummer.<\/p>\n<p>Tips til vask: Det anbefales at vaske fodboldtr\u00f8jer i h\u00e5nden. Hvis du vil bruge vaskemaskinen, skal du huske at vende vrangen ud p\u00e5 fodboldtr\u00f8jerne og derefter vaske dem. Fyld maskinen med koldt vand, og brug et sk\u00e5neprogram for bedre at beskytte farverne.<\/p>","protected":false},"excerpt":{"rendered":"<p>G\u00f8r dig klar og vis din st\u00f8tte i denne herre Wolverhampton Wanderers FC 2021\/22 Hjemmetr\u00f8je fra Castore. Denne standardpasform-t-shirt i farven Guld er lavet af let polyesterstof, der holder dig k\u00f8lig og komfortabel p\u00e5 banen. Den har en V-udsk\u00e6ring, korte \u00e6rmer og kontrasterende sorte indsatser og ribkanter. Med det karakteristiske Castore-m\u00e6rke er denne [\u2026]<\/p>","protected":false},"featured_media":1970,"comment_status":"open","ping_status":"closed","template":"","meta":[],"product_brand":[],"product_cat":[69],"product_tag":[20,70,21,22,23,24,71],"class_list":{"0":"post-1938","1":"product","2":"type-product","3":"status-publish","4":"has-post-thumbnail","6":"product_cat-wolverhampton-wanderers","7":"product_tag-coole-fussballtrikots","8":"product_tag-castore-wolves-heimtrikot","9":"product_tag-fussballtrikot-fuer-herren","10":"product_tag-fussballtrikot-guenstig-kaufen","11":"product_tag-fussballtrikot-kurzarm","12":"product_tag-guenstiges-fussballtrikot","13":"product_tag-wolverhampton-wanderers-trikots","15":"first","16":"instock","17":"shipping-taxable","18":"purchasable","19":"product-type-variable"},"_links":{"self":[{"href":"https:\/\/www.billigtrikotde.com\/da\/wp-json\/wp\/v2\/product\/1938","targetHints":{"allow":["GET"]}}],"collection":[{"href":"https:\/\/www.billigtrikotde.com\/da\/wp-json\/wp\/v2\/product"}],"about":[{"href":"https:\/\/www.billigtrikotde.com\/da\/wp-json\/wp\/v2\/types\/product"}],"replies":[{"embeddable":true,"href":"https:\/\/www.billigtrikotde.com\/da\/wp-json\/wp\/v2\/comments?post=1938"}],"wp:featuredmedia":[{"embeddable":true,"href":"https:\/\/www.billigtrikotde.com\/da\/wp-json\/wp\/v2\/media\/1970"}],"wp:attachment":[{"href":"https:\/\/www.billigtrikotde.com\/da\/wp-json\/wp\/v2\/media?parent=1938"}],"wp:term":[{"taxonomy":"product_brand","embeddable":true,"href":"https:\/\/www.billigtrikotde.com\/da\/wp-json\/wp\/v2\/product_brand?post=1938"},{"taxonomy":"product_cat","embeddable":true,"href":"https:\/\/www.billigtrikotde.com\/da\/wp-json\/wp\/v2\/product_cat?post=1938"},{"taxonomy":"product_tag","embeddable":true,"href":"https:\/\/www.billigtrikotde.com\/da\/wp-json\/wp\/v2\/product_tag?post=1938"}],"curies":[{"name":"wp","href":"https:\/\/api.w.org\/{rel}","templated":true}]}}