{"id":19275,"date":"2024-10-24T11:19:00","date_gmt":"2024-10-24T09:19:00","guid":{"rendered":"http:\/\/billigtrikots.com\/?post_type=product&#038;p=19275"},"modified":"2024-10-24T11:21:54","modified_gmt":"2024-10-24T09:21:54","slug":"billiges-fussballtrikot-fuer-herren-aston-villa-heimtrikot-2024-25","status":"publish","type":"product","link":"https:\/\/www.billigtrikotde.com\/da\/vare\/billiges-fussballtrikot-fuer-herren-aston-villa-heimtrikot-2024-25\/","title":{"rendered":"Billig fodboldtr\u00f8je til m\u00e6nd Aston Villa Home Shirt 2024-25"},"content":{"rendered":"<p>Aston Villa 2024-25-tr\u00f8jen kombinerer en bordeauxr\u00f8d grundfarve med et hvidt logo og himmelbl\u00e5 applikationer. Et sl\u00e5ende tr\u00e6k ved den nye Aston Villa-tr\u00f8je er det nye v\u00e5benskjold. P\u00e5 forsiden ses det nye logo for klubbens nye hovedsponsor, Betano. P\u00e5 bagsiden, under kraven p\u00e5 Aston Villa 24-25 hjemmebanetr\u00f8jen, er bogstaverne, der fejrer klubbens 150-\u00e5rs jubil\u00e6um.<\/p>\n<p>Tips til udskrivning: Hvis navn og nummer p\u00e5 billedet er pr\u00e6cis det, du \u00f8nsker, beh\u00f8ver du ikke at indtaste dem igen. Hvis ikke, skal du indtaste det \u00f8nskede navn og nummer.<\/p>\n<p>Tips til vask: Det anbefales at vaske fodboldtr\u00f8jer i h\u00e5nden. Hvis du vil bruge vaskemaskinen, skal du huske at vende vrangen ud p\u00e5 fodboldtr\u00f8jerne og derefter vaske dem. Fyld maskinen med koldt vand, og brug et sk\u00e5neprogram for bedre at beskytte farverne.<\/p>","protected":false},"excerpt":{"rendered":"<p>Das Aston Villa 2024-25 Trikot kombiniert eine weinrote Grundfarbe mit einem wei\u00dfen Logo und himmelblauen Applikationen. Ein auff\u00e4lliges Merkmal des neuen Aston Villa Trikots ist das neue Wappen. Auf der Vorderseite befindet sich das neue Logo des neuen Hauptsponsors des Vereins, Betano. Auf der R\u00fcckseite unter dem Kragen des Aston Villa 24-25 Heimtrikots befindet sich [&hellip;]<\/p>","protected":false},"featured_media":19319,"comment_status":"open","ping_status":"closed","template":"","meta":[],"product_brand":[],"product_cat":[1061],"product_tag":[1062,1063,20,574,21,22,24],"class_list":{"0":"post-19275","1":"product","2":"type-product","3":"status-publish","4":"has-post-thumbnail","6":"product_cat-aston-villa","7":"product_tag-aston-villa-fussballtrikot","8":"product_tag-aston-villa-trikot","9":"product_tag-coole-fussballtrikots","10":"product_tag-fussballtrikot-deutschland","11":"product_tag-fussballtrikot-fuer-herren","12":"product_tag-fussballtrikot-guenstig-kaufen","13":"product_tag-guenstiges-fussballtrikot","15":"first","16":"instock","17":"shipping-taxable","18":"purchasable","19":"product-type-variable"},"_links":{"self":[{"href":"https:\/\/www.billigtrikotde.com\/da\/wp-json\/wp\/v2\/product\/19275","targetHints":{"allow":["GET"]}}],"collection":[{"href":"https:\/\/www.billigtrikotde.com\/da\/wp-json\/wp\/v2\/product"}],"about":[{"href":"https:\/\/www.billigtrikotde.com\/da\/wp-json\/wp\/v2\/types\/product"}],"replies":[{"embeddable":true,"href":"https:\/\/www.billigtrikotde.com\/da\/wp-json\/wp\/v2\/comments?post=19275"}],"wp:featuredmedia":[{"embeddable":true,"href":"https:\/\/www.billigtrikotde.com\/da\/wp-json\/wp\/v2\/media\/19319"}],"wp:attachment":[{"href":"https:\/\/www.billigtrikotde.com\/da\/wp-json\/wp\/v2\/media?parent=19275"}],"wp:term":[{"taxonomy":"product_brand","embeddable":true,"href":"https:\/\/www.billigtrikotde.com\/da\/wp-json\/wp\/v2\/product_brand?post=19275"},{"taxonomy":"product_cat","embeddable":true,"href":"https:\/\/www.billigtrikotde.com\/da\/wp-json\/wp\/v2\/product_cat?post=19275"},{"taxonomy":"product_tag","embeddable":true,"href":"https:\/\/www.billigtrikotde.com\/da\/wp-json\/wp\/v2\/product_tag?post=19275"}],"curies":[{"name":"wp","href":"https:\/\/api.w.org\/{rel}","templated":true}]}}