{"id":19235,"date":"2024-10-24T11:16:41","date_gmt":"2024-10-24T09:16:41","guid":{"rendered":"http:\/\/billigtrikots.com\/?post_type=product&#038;p=19235"},"modified":"2025-06-09T04:41:39","modified_gmt":"2025-06-09T02:41:39","slug":"bestseller-fussballtrikot-arsenal-2024-25-drittes-trikot-personalisierbar","status":"publish","type":"product","link":"https:\/\/www.billigtrikotde.com\/da\/vare\/bestseller-fussballtrikot-arsenal-2024-25-drittes-trikot-personalisierbar\/","title":{"rendered":"Bestseller Arsenal 2024-25 Third Shirt Fodboldtr\u00f8je med personlig tilpasning"},"content":{"rendered":"<p>Den tredje Arsenal 24-25 fodboldtr\u00f8je har en aqua hovedfarve, der er kombineret med lyslilla og marinebl\u00e5. Trefoil-logoet, som ikke har v\u00e6ret brugt p\u00e5 en Arsenal-tr\u00f8je siden 1992, g\u00f8r comeback p\u00e5 Arsenal 24-25-tr\u00f8jen. Designet p\u00e5 den tredje Arsenal FC 2024-25 fodboldtr\u00f8je er moderne i mods\u00e6tning til det klassiske Trefoil-logo. Det har et moderne farvegradientdesign, der minder om nordlys.<\/p>\n<p>Tips til udskrivning: Hvis navn og nummer p\u00e5 billedet er pr\u00e6cis det, du \u00f8nsker, beh\u00f8ver du ikke at indtaste dem igen. Hvis ikke, skal du indtaste det \u00f8nskede navn og nummer.<\/p>\n<p>Tips til vask: Det anbefales at vaske fodboldtr\u00f8jer i h\u00e5nden. Hvis du vil bruge vaskemaskinen, skal du huske at vende vrangen ud p\u00e5 fodboldtr\u00f8jerne og derefter vaske dem. Fyld maskinen med koldt vand, og brug et sk\u00e5neprogram for bedre at beskytte farverne.<\/p>","protected":false},"excerpt":{"rendered":"<p>Das dritte Fu\u00dfballtrikot von Arsenal 24-25 hat eine aquafarbene Hauptfarbe, die mit Light Purple und Navy Blue kombiniert wird. Das Trefoil Logo, das seit 1992 nicht mehr auf einem Arsenal Trikot verwendet wurde, feiert auf dem Arsenal 24-25 Trikot ein Comeback. Das Design des dritten Arsenal-FC 2024-25 Fu\u00dfballtrikots ist im Gegensatz zum klassischen Trefoil-Logo modern. [&hellip;]<\/p>","protected":false},"featured_media":19279,"comment_status":"open","ping_status":"closed","template":"","meta":[],"product_brand":[],"product_cat":[55],"product_tag":[609,610,1007,21,23,24],"class_list":{"0":"post-19235","1":"product","2":"type-product","3":"status-publish","4":"has-post-thumbnail","6":"product_cat-arsenal","7":"product_tag-arsenal-fussballtrikot","8":"product_tag-arsenal-trikot","9":"product_tag-arsenal-trikot-2024","10":"product_tag-fussballtrikot-fuer-herren","11":"product_tag-fussballtrikot-kurzarm","12":"product_tag-guenstiges-fussballtrikot","14":"first","15":"instock","16":"shipping-taxable","17":"purchasable","18":"product-type-variable"},"_links":{"self":[{"href":"https:\/\/www.billigtrikotde.com\/da\/wp-json\/wp\/v2\/product\/19235","targetHints":{"allow":["GET"]}}],"collection":[{"href":"https:\/\/www.billigtrikotde.com\/da\/wp-json\/wp\/v2\/product"}],"about":[{"href":"https:\/\/www.billigtrikotde.com\/da\/wp-json\/wp\/v2\/types\/product"}],"replies":[{"embeddable":true,"href":"https:\/\/www.billigtrikotde.com\/da\/wp-json\/wp\/v2\/comments?post=19235"}],"wp:featuredmedia":[{"embeddable":true,"href":"https:\/\/www.billigtrikotde.com\/da\/wp-json\/wp\/v2\/media\/19279"}],"wp:attachment":[{"href":"https:\/\/www.billigtrikotde.com\/da\/wp-json\/wp\/v2\/media?parent=19235"}],"wp:term":[{"taxonomy":"product_brand","embeddable":true,"href":"https:\/\/www.billigtrikotde.com\/da\/wp-json\/wp\/v2\/product_brand?post=19235"},{"taxonomy":"product_cat","embeddable":true,"href":"https:\/\/www.billigtrikotde.com\/da\/wp-json\/wp\/v2\/product_cat?post=19235"},{"taxonomy":"product_tag","embeddable":true,"href":"https:\/\/www.billigtrikotde.com\/da\/wp-json\/wp\/v2\/product_tag?post=19235"}],"curies":[{"name":"wp","href":"https:\/\/api.w.org\/{rel}","templated":true}]}}