{"id":19222,"date":"2024-10-24T11:16:01","date_gmt":"2024-10-24T09:16:01","guid":{"rendered":"http:\/\/billigtrikots.com\/?post_type=product&#038;p=19222"},"modified":"2025-06-09T04:41:40","modified_gmt":"2025-06-09T02:41:40","slug":"fussball-trikots-kaufen-arsenal-2024-25-schwarz-auswaertstrikot-declan-rice-41","status":"publish","type":"product","link":"https:\/\/www.billigtrikotde.com\/da\/vare\/fussball-trikots-kaufen-arsenal-2024-25-schwarz-auswaertstrikot-declan-rice-41\/","title":{"rendered":"K\u00f8b fodboldtr\u00f8jer Arsenal 2024-25 sort udebanes\u00e6t Declan Rice 41"},"content":{"rendered":"<p>Arsenals udebanetr\u00f8je 2024-25 er designet i samarbejde med det London-baserede firma Labrum. Den er en hyldest til de tidligere Arsenal-spillere David Rocastle og Ian Wright med en sort grundfarve og accenter i r\u00f8d og gr\u00f8n.<\/p>\n<p>Tips til udskrivning: Hvis navn og nummer p\u00e5 billedet er pr\u00e6cis det, du \u00f8nsker, beh\u00f8ver du ikke at indtaste dem igen. Hvis ikke, skal du indtaste det \u00f8nskede navn og nummer.<\/p>\n<p>Tips til vask: Det anbefales at vaske fodboldtr\u00f8jer i h\u00e5nden. Hvis du vil bruge vaskemaskinen, skal du huske at vende vrangen ud p\u00e5 fodboldtr\u00f8jerne og derefter vaske dem. Fyld maskinen med koldt vand, og brug et sk\u00e5neprogram for bedre at beskytte farverne.<\/p>","protected":false},"excerpt":{"rendered":"<p>Arsenalens udvendige 2024-25 hjemmebanetrikot blev designet i samarbejde med det londonbaserede firma Labrum. Det er en hyldest til de tidligere Arsenal-spillere David Rocastle og Ian Wright med en sort bundfarve og r\u00f8d og gr\u00f8nne detaljer. Tips til tryk: Hvis navnet og nummeret p\u00e5 billedet n\u00f8jagtigt opfylder dine \u00f8nsker, skal du dem [\u2026]<\/p>","protected":false},"featured_media":19268,"comment_status":"open","ping_status":"closed","template":"","meta":[],"product_brand":[],"product_cat":[55],"product_tag":[609,610,1007,1287,21,23,24],"class_list":{"0":"post-19222","1":"product","2":"type-product","3":"status-publish","4":"has-post-thumbnail","6":"product_cat-arsenal","7":"product_tag-arsenal-fussballtrikot","8":"product_tag-arsenal-trikot","9":"product_tag-arsenal-trikot-2024","10":"product_tag-declan-rice-trikots","11":"product_tag-fussballtrikot-fuer-herren","12":"product_tag-fussballtrikot-kurzarm","13":"product_tag-guenstiges-fussballtrikot","15":"first","16":"instock","17":"shipping-taxable","18":"purchasable","19":"product-type-variable"},"_links":{"self":[{"href":"https:\/\/www.billigtrikotde.com\/da\/wp-json\/wp\/v2\/product\/19222","targetHints":{"allow":["GET"]}}],"collection":[{"href":"https:\/\/www.billigtrikotde.com\/da\/wp-json\/wp\/v2\/product"}],"about":[{"href":"https:\/\/www.billigtrikotde.com\/da\/wp-json\/wp\/v2\/types\/product"}],"replies":[{"embeddable":true,"href":"https:\/\/www.billigtrikotde.com\/da\/wp-json\/wp\/v2\/comments?post=19222"}],"wp:featuredmedia":[{"embeddable":true,"href":"https:\/\/www.billigtrikotde.com\/da\/wp-json\/wp\/v2\/media\/19268"}],"wp:attachment":[{"href":"https:\/\/www.billigtrikotde.com\/da\/wp-json\/wp\/v2\/media?parent=19222"}],"wp:term":[{"taxonomy":"product_brand","embeddable":true,"href":"https:\/\/www.billigtrikotde.com\/da\/wp-json\/wp\/v2\/product_brand?post=19222"},{"taxonomy":"product_cat","embeddable":true,"href":"https:\/\/www.billigtrikotde.com\/da\/wp-json\/wp\/v2\/product_cat?post=19222"},{"taxonomy":"product_tag","embeddable":true,"href":"https:\/\/www.billigtrikotde.com\/da\/wp-json\/wp\/v2\/product_tag?post=19222"}],"curies":[{"name":"wp","href":"https:\/\/api.w.org\/{rel}","templated":true}]}}