{"id":19185,"date":"2024-10-24T11:13:43","date_gmt":"2024-10-24T09:13:43","guid":{"rendered":"http:\/\/billigtrikots.com\/?post_type=product&#038;p=19185"},"modified":"2024-10-24T11:17:06","modified_gmt":"2024-10-24T09:17:06","slug":"chelsea-kinder-set-heimtrikot-2024-25-mit-aufdruck-christopher-nkunku-18","status":"publish","type":"product","link":"https:\/\/www.billigtrikotde.com\/da\/vare\/chelsea-kinder-set-heimtrikot-2024-25-mit-aufdruck-christopher-nkunku-18\/","title":{"rendered":"Chelsea b\u00f8rnes\u00e6t hjemmebanetr\u00f8je 2024-25 med tryk Christopher Nkunku 18"},"content":{"rendered":"<p>Chelsea FC 24-25-tr\u00f8jen er den f\u00f8rste i klubbens historie. Den kombinerer de traditionelle bl\u00e5 og hvide og orange farver. Logoerne p\u00e5 Chelsea 24-25 hjemmebanetr\u00f8jen er lysebl\u00e5 og omkranset af \"Team Orange\". Begge har en 3D-effekt. Det, der skiller sig ud, er et b\u00f8lget design, der minder lidt om effekten af en skumb\u00f8lge.<\/p>\n<p>Tips til udskrivning: Hvis navn og nummer p\u00e5 billedet er pr\u00e6cis det, du \u00f8nsker, beh\u00f8ver du ikke at indtaste dem igen. Hvis ikke, skal du indtaste det \u00f8nskede navn og nummer.<\/p>\n<p>Tips til vask: Det anbefales at vaske fodboldtr\u00f8jer i h\u00e5nden. Hvis du vil bruge vaskemaskinen, skal du huske at vende vrangen ud p\u00e5 fodboldtr\u00f8jerne og derefter vaske dem. Fyld maskinen med koldt vand, og brug et sk\u00e5neprogram for bedre at beskytte farverne.<\/p>","protected":false},"excerpt":{"rendered":"<p>Chelsea FC 24-25-tr\u00f8jen er den f\u00f8rste i klubbens historie. Den kombinerer de traditionelle bl\u00e5 og hvide og orange farver. Logoerne p\u00e5 Chelsea 24-25 hjemmebanetr\u00f8jen er lysebl\u00e5 og omkranset af \"Team Orange\". Begge har en 3D-effekt. Det, der skiller sig ud, er et b\u00f8lget design, der minder lidt om effekten af en skumb\u00f8lge.<\/p>","protected":false},"featured_media":19230,"comment_status":"open","ping_status":"closed","template":"","meta":[],"product_brand":[],"product_cat":[162],"product_tag":[20,1280,831,832,163,1281,1282,24,94],"class_list":{"0":"post-19185","1":"product","2":"type-product","3":"status-publish","4":"has-post-thumbnail","6":"product_cat-chelsea-kindertrikot","7":"product_tag-coole-fussballtrikots","8":"product_tag-chelsea-fc-24-25-trikot","9":"product_tag-chelsea-fussballtrikots-kinder","10":"product_tag-chelsea-trikot-fuer-kinder","11":"product_tag-chelsea-trikotsatz-fuer-kinder","12":"product_tag-christopher-nkunku-trikot-kinder-kaufen","13":"product_tag-guenstige-christopher-nkunku-trikot-kinder","14":"product_tag-guenstiges-fussballtrikot","15":"product_tag-kinder-fussball-trikotsatz","17":"first","18":"instock","19":"shipping-taxable","20":"purchasable","21":"product-type-variable"},"_links":{"self":[{"href":"https:\/\/www.billigtrikotde.com\/da\/wp-json\/wp\/v2\/product\/19185","targetHints":{"allow":["GET"]}}],"collection":[{"href":"https:\/\/www.billigtrikotde.com\/da\/wp-json\/wp\/v2\/product"}],"about":[{"href":"https:\/\/www.billigtrikotde.com\/da\/wp-json\/wp\/v2\/types\/product"}],"replies":[{"embeddable":true,"href":"https:\/\/www.billigtrikotde.com\/da\/wp-json\/wp\/v2\/comments?post=19185"}],"wp:featuredmedia":[{"embeddable":true,"href":"https:\/\/www.billigtrikotde.com\/da\/wp-json\/wp\/v2\/media\/19230"}],"wp:attachment":[{"href":"https:\/\/www.billigtrikotde.com\/da\/wp-json\/wp\/v2\/media?parent=19185"}],"wp:term":[{"taxonomy":"product_brand","embeddable":true,"href":"https:\/\/www.billigtrikotde.com\/da\/wp-json\/wp\/v2\/product_brand?post=19185"},{"taxonomy":"product_cat","embeddable":true,"href":"https:\/\/www.billigtrikotde.com\/da\/wp-json\/wp\/v2\/product_cat?post=19185"},{"taxonomy":"product_tag","embeddable":true,"href":"https:\/\/www.billigtrikotde.com\/da\/wp-json\/wp\/v2\/product_tag?post=19185"}],"curies":[{"name":"wp","href":"https:\/\/api.w.org\/{rel}","templated":true}]}}