{"id":19100,"date":"2024-10-24T11:09:31","date_gmt":"2024-10-24T09:09:31","guid":{"rendered":"http:\/\/billigtrikots.com\/?post_type=product&#038;p=19100"},"modified":"2024-10-24T11:12:23","modified_gmt":"2024-10-24T09:12:23","slug":"kinder-fussball-trikot-set-ac-mailand-heimtrikot-2024-2025","status":"publish","type":"product","link":"https:\/\/www.billigtrikotde.com\/da\/vare\/kinder-fussball-trikot-set-ac-mailand-heimtrikot-2024-2025\/","title":{"rendered":"Fodboldtr\u00f8jes\u00e6t til b\u00f8rn AC Milan Hjemmetr\u00f8je 2024 2025"},"content":{"rendered":"<p>Den nye Milan-tr\u00f8je 24-25 vender tilbage til et klassisk design, efter at sidste s\u00e6sons tr\u00f8je havde en eksperimenterende stil. Den har klubbens r\u00f8de og sorte striber i kombination med hvide logoer, med et meget subtilt design inde i de r\u00f8de striber, som sandsynligvis er relateret til klubbens 125-\u00e5rs jubil\u00e6um. Milan blev grundlagt i 1899, for 125 \u00e5r siden i dag, og indersiden af kraven har et s\u00e6rligt jubil\u00e6umsm\u00e6rke med teksten \"Social Club Institution\" og en DNA-grafik, mens tr\u00f8jens bagkrave har et s\u00e6rligt 125 Years A.C. Milan-m\u00f8nster for at fejre klubbens 125-\u00e5rs jubil\u00e6um.<\/p>\n<p>Tips til udskrivning: Hvis navn og nummer p\u00e5 billedet er pr\u00e6cis det, du \u00f8nsker, beh\u00f8ver du ikke at indtaste dem igen. Hvis ikke, skal du indtaste det \u00f8nskede navn og nummer.<\/p>\n<p>Tips til vask: Det anbefales at vaske fodboldtr\u00f8jer i h\u00e5nden. Hvis du vil bruge vaskemaskinen, skal du huske at vende vrangen ud p\u00e5 fodboldtr\u00f8jerne og derefter vaske dem. Fyld maskinen med koldt vand, og brug et sk\u00e5neprogram for bedre at beskytte farverne.<\/p>","protected":false},"excerpt":{"rendered":"<p>Das neue Milan Trikot 24-25 kehrt zu einem klassischen Design zur\u00fcck, nachdem das Trikot der letzten Saison einen experimentellen Stil hatte. Es zeigt die roten und schwarzen Streifen des Vereins in Kombination mit wei\u00dfen Logos.Innerhalb der roten Streifen befindet sich ein sehr dezentes Design, das wahrscheinlich mit dem 125-j\u00e4hrigen Jubil\u00e4um des Vereins zusammenh\u00e4ngt. Milan wurde [&hellip;]<\/p>","protected":false},"featured_media":19153,"comment_status":"open","ping_status":"closed","template":"","meta":[],"product_brand":[],"product_cat":[92],"product_tag":[630,25,631,93,20,574,23,24,94,1264],"class_list":{"0":"post-19100","1":"product","2":"type-product","3":"status-publish","4":"has-post-thumbnail","6":"product_cat-ac-mailand-kindertrikot","7":"product_tag-ac-milan-fussballtrikots-kinder","8":"product_tag-ac-milan-heimtrikot","9":"product_tag-ac-milan-trikot-fuer-kinder","10":"product_tag-ac-milan-trikotsatz-fuer-kinder","11":"product_tag-coole-fussballtrikots","12":"product_tag-fussballtrikot-deutschland","13":"product_tag-fussballtrikot-kurzarm","14":"product_tag-guenstiges-fussballtrikot","15":"product_tag-kinder-fussball-trikotsatz","16":"product_tag-milan-24-25-trikot","18":"first","19":"instock","20":"shipping-taxable","21":"purchasable","22":"product-type-variable"},"_links":{"self":[{"href":"https:\/\/www.billigtrikotde.com\/da\/wp-json\/wp\/v2\/product\/19100","targetHints":{"allow":["GET"]}}],"collection":[{"href":"https:\/\/www.billigtrikotde.com\/da\/wp-json\/wp\/v2\/product"}],"about":[{"href":"https:\/\/www.billigtrikotde.com\/da\/wp-json\/wp\/v2\/types\/product"}],"replies":[{"embeddable":true,"href":"https:\/\/www.billigtrikotde.com\/da\/wp-json\/wp\/v2\/comments?post=19100"}],"wp:featuredmedia":[{"embeddable":true,"href":"https:\/\/www.billigtrikotde.com\/da\/wp-json\/wp\/v2\/media\/19153"}],"wp:attachment":[{"href":"https:\/\/www.billigtrikotde.com\/da\/wp-json\/wp\/v2\/media?parent=19100"}],"wp:term":[{"taxonomy":"product_brand","embeddable":true,"href":"https:\/\/www.billigtrikotde.com\/da\/wp-json\/wp\/v2\/product_brand?post=19100"},{"taxonomy":"product_cat","embeddable":true,"href":"https:\/\/www.billigtrikotde.com\/da\/wp-json\/wp\/v2\/product_cat?post=19100"},{"taxonomy":"product_tag","embeddable":true,"href":"https:\/\/www.billigtrikotde.com\/da\/wp-json\/wp\/v2\/product_tag?post=19100"}],"curies":[{"name":"wp","href":"https:\/\/api.w.org\/{rel}","templated":true}]}}