{"id":191,"date":"2024-10-23T12:09:01","date_gmt":"2024-10-23T10:09:01","guid":{"rendered":"http:\/\/billigtrikots.com\/?post_type=product&#038;p=191"},"modified":"2024-10-23T12:11:07","modified_gmt":"2024-10-23T10:11:07","slug":"fc-barcelona-2021-22-herren-heimtrikot-blau-rot-mit-aufdruck-umtiti-23","status":"publish","type":"product","link":"https:\/\/www.billigtrikotde.com\/da\/vare\/fc-barcelona-2021-22-herren-heimtrikot-blau-rot-mit-aufdruck-umtiti-23\/","title":{"rendered":"FC Barcelona 2021\/22 Hjemmebanetr\u00f8je til m\u00e6nd bl\u00e5\/r\u00f8d med tryk UMTITI 23"},"content":{"rendered":"<p>Repr\u00e6senter dit hold i FC Barcelona Stadium hjemmebanetr\u00f8jen. Det ultradr\u00e4nagsvaske materiale leder svedet v\u00e6k fra huden og sikrer dermed k\u00f8lende b\u00e6rekomfort p\u00e5 banen eller n\u00e5r du hepper p\u00e5 dit hold p\u00e5 tribunen. Dette produkt best\u00e5r af 100 % genanvendt polyester.<\/p>\n<p>Tips til udskrivning: Hvis navn og nummer p\u00e5 billedet er pr\u00e6cis det, du \u00f8nsker, beh\u00f8ver du ikke at indtaste dem igen. Hvis ikke, skal du indtaste det \u00f8nskede navn og nummer.<\/p>\n<p>Tips til vask: Det anbefales at vaske fodboldtr\u00f8jer i h\u00e5nden. Hvis du vil bruge vaskemaskinen, skal du huske at vende vrangen ud p\u00e5 fodboldtr\u00f8jerne og derefter vaske dem. Fyld maskinen med koldt vand, og brug et sk\u00e5neprogram for bedre at beskytte farverne.<\/p>","protected":false},"excerpt":{"rendered":"<p>Repr\u00e4sentiere dein Team im FC Barcelona Stadium Heimtrikot. Das \u00e4u\u00dferst atmungsaktive Material leitet den Schwei\u00df von der Haut ab und sorgt damit f\u00fcr k\u00fchlen Tragekomfort auf dem Spielfeld oder beim Anfeuern deines Teams auf der Trib\u00fcne. Dieses Produkt besteht zu 100 % aus recyceltem Polyester. Tipps zum Drucken: Wenn der Name und die Nummer auf [&hellip;]<\/p>","protected":false},"featured_media":226,"comment_status":"open","ping_status":"closed","template":"","meta":[],"product_brand":[],"product_cat":[31],"product_tag":[32,20,33,21,22,23,24],"class_list":{"0":"post-191","1":"product","2":"type-product","3":"status-publish","4":"has-post-thumbnail","6":"product_cat-fc-barcelona","7":"product_tag-barcelona-heimtrikot","8":"product_tag-coole-fussballtrikots","9":"product_tag-fc-barcelona-trikots","10":"product_tag-fussballtrikot-fuer-herren","11":"product_tag-fussballtrikot-guenstig-kaufen","12":"product_tag-fussballtrikot-kurzarm","13":"product_tag-guenstiges-fussballtrikot","15":"first","16":"instock","17":"shipping-taxable","18":"purchasable","19":"product-type-variable"},"_links":{"self":[{"href":"https:\/\/www.billigtrikotde.com\/da\/wp-json\/wp\/v2\/product\/191","targetHints":{"allow":["GET"]}}],"collection":[{"href":"https:\/\/www.billigtrikotde.com\/da\/wp-json\/wp\/v2\/product"}],"about":[{"href":"https:\/\/www.billigtrikotde.com\/da\/wp-json\/wp\/v2\/types\/product"}],"replies":[{"embeddable":true,"href":"https:\/\/www.billigtrikotde.com\/da\/wp-json\/wp\/v2\/comments?post=191"}],"wp:featuredmedia":[{"embeddable":true,"href":"https:\/\/www.billigtrikotde.com\/da\/wp-json\/wp\/v2\/media\/226"}],"wp:attachment":[{"href":"https:\/\/www.billigtrikotde.com\/da\/wp-json\/wp\/v2\/media?parent=191"}],"wp:term":[{"taxonomy":"product_brand","embeddable":true,"href":"https:\/\/www.billigtrikotde.com\/da\/wp-json\/wp\/v2\/product_brand?post=191"},{"taxonomy":"product_cat","embeddable":true,"href":"https:\/\/www.billigtrikotde.com\/da\/wp-json\/wp\/v2\/product_cat?post=191"},{"taxonomy":"product_tag","embeddable":true,"href":"https:\/\/www.billigtrikotde.com\/da\/wp-json\/wp\/v2\/product_tag?post=191"}],"curies":[{"name":"wp","href":"https:\/\/api.w.org\/{rel}","templated":true}]}}