{"id":19098,"date":"2024-10-24T11:09:29","date_gmt":"2024-10-24T09:09:29","guid":{"rendered":"http:\/\/billigtrikots.com\/?post_type=product&#038;p=19098"},"modified":"2025-04-26T09:57:12","modified_gmt":"2025-04-26T07:57:12","slug":"neue-fussballtrikot-atletico-madrid-heimtrikot-2024-25-fuer-kinder","status":"publish","type":"product","link":"https:\/\/www.billigtrikotde.com\/da\/vare\/neue-fussballtrikot-atletico-madrid-heimtrikot-2024-25-fuer-kinder\/","title":{"rendered":"Ny Atletico Madrid Hjemmetr\u00f8je 2024-25 til B\u00f8rn"},"content":{"rendered":"<p>Den nye Atl\u00e9tico de Madrid-fodboldtr\u00f8je 2024-25 har en unik fortolkning af klubbens klassiske r\u00f8de og hvide striber. 24-25-tr\u00f8jen fra Atl\u00e9tico Madrid er hovedsageligt r\u00f8d med unikke hvide striber og en bl\u00e5 kant p\u00e5 ydersiden. Inden for striberne er der skiftevis bl\u00e5 og r\u00f8de linjer med en falmende effekt, der skaber et unikt look.<\/p>\n<p>Tips til udskrivning: Hvis navn og nummer p\u00e5 billedet er pr\u00e6cis det, du \u00f8nsker, beh\u00f8ver du ikke at indtaste dem igen. Hvis ikke, skal du indtaste det \u00f8nskede navn og nummer.<\/p>\n<p>Tips til vask: Det anbefales at vaske fodboldtr\u00f8jer i h\u00e5nden. Hvis du vil bruge vaskemaskinen, skal du huske at vende vrangen ud p\u00e5 fodboldtr\u00f8jerne og derefter vaske dem. Fyld maskinen med koldt vand, og brug et sk\u00e5neprogram for bedre at beskytte farverne.<\/p>","protected":false},"excerpt":{"rendered":"<p>Den nye Atl\u00e9tico de Madrid-fodboldtr\u00f8je 2024-25 har en unik fortolkning af klubbens klassiske r\u00f8de og hvide striber. 24-25-tr\u00f8jen fra Atl\u00e9tico Madrid er hovedsageligt r\u00f8d med unikke hvide striber og en bl\u00e5 kant p\u00e5 ydersiden. Inden for striberne er der skiftevis bl\u00e5 og r\u00f8de linjer med en falmende effekt, der skaber et unikt look.<\/p>","protected":false},"featured_media":19151,"comment_status":"open","ping_status":"closed","template":"","meta":[],"product_brand":[],"product_cat":[157],"product_tag":[868,869,158,20,215,94],"class_list":{"0":"post-19098","1":"product","2":"type-product","3":"status-publish","4":"has-post-thumbnail","6":"product_cat-atletico-madrid-kindertrikot","7":"product_tag-atletico-madrid-fussballtrikots-kinder","8":"product_tag-atletico-madrid-trikot-fuer-kinder","9":"product_tag-atletico-madrid-trikotsatz-fuer-kinder","10":"product_tag-coole-fussballtrikots","11":"product_tag-fussball-trikot-kurzarm","12":"product_tag-kinder-fussball-trikotsatz","14":"first","15":"instock","16":"shipping-taxable","17":"purchasable","18":"product-type-variable"},"_links":{"self":[{"href":"https:\/\/www.billigtrikotde.com\/da\/wp-json\/wp\/v2\/product\/19098","targetHints":{"allow":["GET"]}}],"collection":[{"href":"https:\/\/www.billigtrikotde.com\/da\/wp-json\/wp\/v2\/product"}],"about":[{"href":"https:\/\/www.billigtrikotde.com\/da\/wp-json\/wp\/v2\/types\/product"}],"replies":[{"embeddable":true,"href":"https:\/\/www.billigtrikotde.com\/da\/wp-json\/wp\/v2\/comments?post=19098"}],"wp:featuredmedia":[{"embeddable":true,"href":"https:\/\/www.billigtrikotde.com\/da\/wp-json\/wp\/v2\/media\/19151"}],"wp:attachment":[{"href":"https:\/\/www.billigtrikotde.com\/da\/wp-json\/wp\/v2\/media?parent=19098"}],"wp:term":[{"taxonomy":"product_brand","embeddable":true,"href":"https:\/\/www.billigtrikotde.com\/da\/wp-json\/wp\/v2\/product_brand?post=19098"},{"taxonomy":"product_cat","embeddable":true,"href":"https:\/\/www.billigtrikotde.com\/da\/wp-json\/wp\/v2\/product_cat?post=19098"},{"taxonomy":"product_tag","embeddable":true,"href":"https:\/\/www.billigtrikotde.com\/da\/wp-json\/wp\/v2\/product_tag?post=19098"}],"curies":[{"name":"wp","href":"https:\/\/api.w.org\/{rel}","templated":true}]}}