{"id":19062,"date":"2024-10-24T11:08:05","date_gmt":"2024-10-24T09:08:05","guid":{"rendered":"http:\/\/billigtrikots.com\/?post_type=product&#038;p=19062"},"modified":"2024-10-24T11:09:59","modified_gmt":"2024-10-24T09:09:59","slug":"guenstige-trikots-kinder-england-heimtrikot-em-2024-jarrod-bowen-20","status":"publish","type":"product","link":"https:\/\/www.billigtrikotde.com\/da\/vare\/guenstige-trikots-kinder-england-heimtrikot-em-2024-jarrod-bowen-20\/","title":{"rendered":"Billige Tr\u00f8jer B\u00f8rn England Hjemmebanetr\u00f8je Euro 2024 Jarrod Bowen 20"},"content":{"rendered":"<p>Englands Euro 2024-tr\u00f8je er en stor forandring i forhold til de tidligere engelske hjemmebanetr\u00f8jer. England 2024-fodboldtr\u00f8jen kombinerer landets klassiske hvide farve med en m\u00f8rk marinebl\u00e5 og r\u00f8dbrune\/lysr\u00f8de detaljer. Den har en specialkonstrueret krave, der er en kombination af en klassisk V-krave og en polokrave. Manchetterne p\u00e5 England 2024-hjemmebanetr\u00f8jen har elegante marinebl\u00e5\/lysr\u00f8de\/r\u00f8dbrune striber.<\/p>\n<p>Tips til udskrivning: Hvis navn og nummer p\u00e5 billedet er pr\u00e6cis det, du \u00f8nsker, beh\u00f8ver du ikke at indtaste dem igen. Hvis ikke, skal du indtaste det \u00f8nskede navn og nummer.<\/p>\n<p>Tips til vask: Det anbefales at vaske fodboldtr\u00f8jer i h\u00e5nden. Hvis du vil bruge vaskemaskinen, skal du huske at vende vrangen ud p\u00e5 fodboldtr\u00f8jerne og derefter vaske dem. Fyld maskinen med koldt vand, og brug et sk\u00e5neprogram for bedre at beskytte farverne.<\/p>","protected":false},"excerpt":{"rendered":"<p>Das England Euro 2024 Trikot ist eine starke Ver\u00e4nderung gegen\u00fcber den bisherigen England Heimtrikots. Das England 2024 Fu\u00dfballtrikot kombiniert das klassische Wei\u00df des Landes mit einem dunklen Marineblau und kastanienbraunen\/hellroten Details.It verwendet einen speziell konstruierten Kragen, der eine Kombination aus einem klassischen V-Kragen und einem Polokragen ist.Die \u00c4rmelb\u00fcndchen des England 2024 Heimtrikots sind mit eleganten [&hellip;]<\/p>","protected":false},"featured_media":19103,"comment_status":"open","ping_status":"closed","template":"","meta":[],"product_brand":[],"product_cat":[1096],"product_tag":[20,1076,1235,22,23,1237,24,1238,1223],"class_list":{"0":"post-19062","1":"product","2":"type-product","3":"status-publish","4":"has-post-thumbnail","6":"product_cat-em-2024-england","7":"product_tag-coole-fussballtrikots","8":"product_tag-em-2024-trikot","9":"product_tag-england-em-2024-trikot-kinder-kaufen","10":"product_tag-fussballtrikot-guenstig-kaufen","11":"product_tag-fussballtrikot-kurzarm","12":"product_tag-guenstige-jarrod-bowen-trikot-kinder","13":"product_tag-guenstiges-fussballtrikot","14":"product_tag-jarrod-bowen-trikot-kinder-kaufen","15":"product_tag-jarrod-bowen-trikots","17":"first","18":"instock","19":"shipping-taxable","20":"purchasable","21":"product-type-variable"},"_links":{"self":[{"href":"https:\/\/www.billigtrikotde.com\/da\/wp-json\/wp\/v2\/product\/19062","targetHints":{"allow":["GET"]}}],"collection":[{"href":"https:\/\/www.billigtrikotde.com\/da\/wp-json\/wp\/v2\/product"}],"about":[{"href":"https:\/\/www.billigtrikotde.com\/da\/wp-json\/wp\/v2\/types\/product"}],"replies":[{"embeddable":true,"href":"https:\/\/www.billigtrikotde.com\/da\/wp-json\/wp\/v2\/comments?post=19062"}],"wp:featuredmedia":[{"embeddable":true,"href":"https:\/\/www.billigtrikotde.com\/da\/wp-json\/wp\/v2\/media\/19103"}],"wp:attachment":[{"href":"https:\/\/www.billigtrikotde.com\/da\/wp-json\/wp\/v2\/media?parent=19062"}],"wp:term":[{"taxonomy":"product_brand","embeddable":true,"href":"https:\/\/www.billigtrikotde.com\/da\/wp-json\/wp\/v2\/product_brand?post=19062"},{"taxonomy":"product_cat","embeddable":true,"href":"https:\/\/www.billigtrikotde.com\/da\/wp-json\/wp\/v2\/product_cat?post=19062"},{"taxonomy":"product_tag","embeddable":true,"href":"https:\/\/www.billigtrikotde.com\/da\/wp-json\/wp\/v2\/product_tag?post=19062"}],"curies":[{"name":"wp","href":"https:\/\/api.w.org\/{rel}","templated":true}]}}