{"id":18914,"date":"2024-10-24T11:02:11","date_gmt":"2024-10-24T09:02:11","guid":{"rendered":"http:\/\/billigtrikots.com\/?post_type=product&#038;p=18914"},"modified":"2024-11-20T15:20:09","modified_gmt":"2024-11-20T14:20:09","slug":"guenstiges-kindertrikot-spanien-auswaerts-trikotsatzt-em-2024-lamine-yamal-19","status":"publish","type":"product","link":"https:\/\/www.billigtrikotde.com\/da\/vare\/guenstiges-kindertrikot-spanien-auswaerts-trikotsatzt-em-2024-lamine-yamal-19\/","title":{"rendered":"Billig b\u00f8rnetr\u00f8je Spanien udebanes\u00e6t Euro 2024 lamine yamal tr\u00f8je barcelona"},"content":{"rendered":"<p>Udebanetr\u00f8jen til Spanien 2024 har en frisk og i\u00f8jnefaldende farvekombination. Den er hovedsageligt lys neongul, muligvis inspireret af landets sandklitter, og et unikt tr\u00e6k ved Spaniens Euro 2024-udebanes\u00e6t er panelerne - de lysebl\u00e5 paneler har en sandklitgrafik.<\/p>\n<p>Tips til udskrivning: Hvis navn og nummer p\u00e5 billedet er pr\u00e6cis det, du \u00f8nsker, beh\u00f8ver du ikke at indtaste dem igen. Hvis ikke, skal du indtaste det \u00f8nskede navn og nummer.<\/p>\n<p>Tips til vask: Det anbefales at vaske fodboldtr\u00f8jer i h\u00e5nden. Hvis du vil bruge vaskemaskinen, skal du huske at vende vrangen ud p\u00e5 fodboldtr\u00f8jerne og derefter vaske dem. Fyld maskinen med koldt vand, og brug et sk\u00e5neprogram for bedre at beskytte farverne.<\/p>","protected":false},"excerpt":{"rendered":"<p>Spanien 2024 udebanetr\u00f8jen har en frisk og i\u00f8jnefaldende farvekombination. Den er is\u00e6r lys-neon gul, muligvis inspireret af landets sanddunke. Et unikt kendetegn ved Spanien Euro 2024 udebanetr\u00f8jen er panelerne \u2013 de lysebl\u00e5 paneler er udstyret med en sanddunekgrafik. Tips til trykning: N\u00e5r navnet og nummeret p\u00e5 billedet er pr\u00e6cist [\u2026]<\/p>","protected":false},"featured_media":18930,"comment_status":"closed","ping_status":"closed","template":"","meta":[],"product_brand":[],"product_cat":[1079],"product_tag":[20,1076,22,23,24,1225],"class_list":{"0":"post-18914","1":"product","2":"type-product","3":"status-publish","4":"has-post-thumbnail","6":"product_cat-em-2024-spanien","7":"product_tag-coole-fussballtrikots","8":"product_tag-em-2024-trikot","9":"product_tag-fussballtrikot-guenstig-kaufen","10":"product_tag-fussballtrikot-kurzarm","11":"product_tag-guenstiges-fussballtrikot","12":"product_tag-lamine-yamal-trikots","14":"first","15":"instock","16":"purchasable","17":"product-type-variable"},"_links":{"self":[{"href":"https:\/\/www.billigtrikotde.com\/da\/wp-json\/wp\/v2\/product\/18914","targetHints":{"allow":["GET"]}}],"collection":[{"href":"https:\/\/www.billigtrikotde.com\/da\/wp-json\/wp\/v2\/product"}],"about":[{"href":"https:\/\/www.billigtrikotde.com\/da\/wp-json\/wp\/v2\/types\/product"}],"replies":[{"embeddable":true,"href":"https:\/\/www.billigtrikotde.com\/da\/wp-json\/wp\/v2\/comments?post=18914"}],"wp:featuredmedia":[{"embeddable":true,"href":"https:\/\/www.billigtrikotde.com\/da\/wp-json\/wp\/v2\/media\/18930"}],"wp:attachment":[{"href":"https:\/\/www.billigtrikotde.com\/da\/wp-json\/wp\/v2\/media?parent=18914"}],"wp:term":[{"taxonomy":"product_brand","embeddable":true,"href":"https:\/\/www.billigtrikotde.com\/da\/wp-json\/wp\/v2\/product_brand?post=18914"},{"taxonomy":"product_cat","embeddable":true,"href":"https:\/\/www.billigtrikotde.com\/da\/wp-json\/wp\/v2\/product_cat?post=18914"},{"taxonomy":"product_tag","embeddable":true,"href":"https:\/\/www.billigtrikotde.com\/da\/wp-json\/wp\/v2\/product_tag?post=18914"}],"curies":[{"name":"wp","href":"https:\/\/api.w.org\/{rel}","templated":true}]}}