{"id":18904,"date":"2024-10-24T11:01:36","date_gmt":"2024-10-24T09:01:36","guid":{"rendered":"http:\/\/billigtrikots.com\/?post_type=product&#038;p=18904"},"modified":"2024-10-24T11:02:52","modified_gmt":"2024-10-24T09:02:52","slug":"fussballtrikot-outlet-kinder-england-euro-2024-auswaertstrikot-kieran-trippier-12","status":"publish","type":"product","link":"https:\/\/www.billigtrikotde.com\/da\/vare\/fussballtrikot-outlet-kinder-england-euro-2024-auswaertstrikot-kieran-trippier-12\/","title":{"rendered":"Fodboldtr\u00f8je Outlet B\u00f8rn England Euro 2024 Udebanetr\u00f8je Kieran Trippier 12"},"content":{"rendered":"<p>Englands Euro 2024 udebanetr\u00f8je har en m\u00f8rk, lys r\u00f8dbrun farve, kaldet \"Dark Raisin\", kombineret med \"Sesame\" til logoerne, som er en gylden nuance. Det, der g\u00f8r Englands 2024 udebanetr\u00f8je s\u00e5 speciel, er det flerfarvede design p\u00e5 begge sider. P\u00e5 indersiden af kraven ses Sankt Georgs-korset, som er designet i samme farver som sidestriberne.<\/p>\n<p>Tips til udskrivning: Hvis navn og nummer p\u00e5 billedet er pr\u00e6cis det, du \u00f8nsker, beh\u00f8ver du ikke at indtaste dem igen. Hvis ikke, skal du indtaste det \u00f8nskede navn og nummer.<\/p>\n<p>Tips til vask: Det anbefales at vaske fodboldtr\u00f8jer i h\u00e5nden. Hvis du vil bruge vaskemaskinen, skal du huske at vende vrangen ud p\u00e5 fodboldtr\u00f8jerne og derefter vaske dem. Fyld maskinen med koldt vand, og brug et sk\u00e5neprogram for bedre at beskytte farverne.<\/p>","protected":false},"excerpt":{"rendered":"<p>Das England Euro 2024 Ausw\u00e4rtstrikot zeigt ein dunkles, helles Kastanienbraun, genannt \u201eDark Raisin\u201c, kombiniert mit \u201eSesame\u201c f\u00fcr die Logos, was ein goldfarbener Farbton ist.Was das England 2024 Ausw\u00e4rtstrikot so besonders macht, ist das mehrfarbige Design auf beiden Seiten. Auf der Innenseite des Kragens befindet sich das St.-Georgs-Kreuz, das in denselben Farben wie die Seitenstreifen gestaltet [&hellip;]<\/p>","protected":false},"featured_media":18929,"comment_status":"closed","ping_status":"closed","template":"","meta":[],"product_brand":[],"product_cat":[1096],"product_tag":[20,1076,22,23,24,1224],"class_list":{"0":"post-18904","1":"product","2":"type-product","3":"status-publish","4":"has-post-thumbnail","6":"product_cat-em-2024-england","7":"product_tag-coole-fussballtrikots","8":"product_tag-em-2024-trikot","9":"product_tag-fussballtrikot-guenstig-kaufen","10":"product_tag-fussballtrikot-kurzarm","11":"product_tag-guenstiges-fussballtrikot","12":"product_tag-kieran-trippier-trikots","14":"first","15":"instock","16":"purchasable","17":"product-type-variable"},"_links":{"self":[{"href":"https:\/\/www.billigtrikotde.com\/da\/wp-json\/wp\/v2\/product\/18904","targetHints":{"allow":["GET"]}}],"collection":[{"href":"https:\/\/www.billigtrikotde.com\/da\/wp-json\/wp\/v2\/product"}],"about":[{"href":"https:\/\/www.billigtrikotde.com\/da\/wp-json\/wp\/v2\/types\/product"}],"replies":[{"embeddable":true,"href":"https:\/\/www.billigtrikotde.com\/da\/wp-json\/wp\/v2\/comments?post=18904"}],"wp:featuredmedia":[{"embeddable":true,"href":"https:\/\/www.billigtrikotde.com\/da\/wp-json\/wp\/v2\/media\/18929"}],"wp:attachment":[{"href":"https:\/\/www.billigtrikotde.com\/da\/wp-json\/wp\/v2\/media?parent=18904"}],"wp:term":[{"taxonomy":"product_brand","embeddable":true,"href":"https:\/\/www.billigtrikotde.com\/da\/wp-json\/wp\/v2\/product_brand?post=18904"},{"taxonomy":"product_cat","embeddable":true,"href":"https:\/\/www.billigtrikotde.com\/da\/wp-json\/wp\/v2\/product_cat?post=18904"},{"taxonomy":"product_tag","embeddable":true,"href":"https:\/\/www.billigtrikotde.com\/da\/wp-json\/wp\/v2\/product_tag?post=18904"}],"curies":[{"name":"wp","href":"https:\/\/api.w.org\/{rel}","templated":true}]}}