{"id":18851,"date":"2024-10-24T10:59:00","date_gmt":"2024-10-24T08:59:00","guid":{"rendered":"http:\/\/billigtrikots.com\/?post_type=product&#038;p=18851"},"modified":"2024-10-24T11:01:21","modified_gmt":"2024-10-24T09:01:21","slug":"billige-fussballtrikots-damen-frankreich-trikot-em-2024-heimtrikot-ibrahima-konate-24","status":"publish","type":"product","link":"https:\/\/www.billigtrikotde.com\/da\/vare\/billige-fussballtrikots-damen-frankreich-trikot-em-2024-heimtrikot-ibrahima-konate-24\/","title":{"rendered":"Billige Fodboldtr\u00f8jer Dame Frankrig Tr\u00f8je Euro 2024 Hjemmetr\u00f8je Ibrahima Konate 24"},"content":{"rendered":"<p>Frankrigs 2024-tr\u00f8je har et klassisk, men stilfuldt design. Den er hovedsageligt i \"Bright Blue\" og afviger dermed fra den marinebl\u00e5 i 2022. Kombineret med denne bl\u00e5 nuance er \"University Red\" og hvid. Det mest bem\u00e6rkelsesv\u00e6rdige ved Frankrigs 2024-tr\u00f8je er nok v\u00e5benskjoldet. Efter den monokrome tilgang til alle tidligere Frankrig-tr\u00f8jer introducerer swoosh'en et nyt klassisk farveskema med det ber\u00f8mte FFF-logo, og kraven kommer med trikoloren og en unik forskudt V-base.<\/p>\n<p>Tips til udskrivning: Hvis navn og nummer p\u00e5 billedet er pr\u00e6cis det, du \u00f8nsker, beh\u00f8ver du ikke at indtaste dem igen. Hvis ikke, skal du indtaste det \u00f8nskede navn og nummer.<\/p>\n<p>Tips til vask: Det anbefales at vaske fodboldtr\u00f8jer i h\u00e5nden. Hvis du vil bruge vaskemaskinen, skal du huske at vende vrangen ud p\u00e5 fodboldtr\u00f8jerne og derefter vaske dem. Fyld maskinen med koldt vand, og brug et sk\u00e5neprogram for bedre at beskytte farverne.<\/p>","protected":false},"excerpt":{"rendered":"<p>Das Frankreich 2024 Trikot hat ein klassisches, aber stilvolles Design. Es ist haupts\u00e4chlich in &#8222;Bright Blue&#8220; gehalten und weicht damit vom Marineblau des Jahres 2022 ab. Kombiniert mit diesem Blauton sind &#8222;University Red&#8220; und Wei\u00df.Das Bemerkenswerteste am Trikot Frankreich 2024 ist wahrscheinlich das Wappen. Nach dem monochromen Ansatz aller bisherigen Frankreich-Trikots f\u00fchrt der Swoosh ein [&hellip;]<\/p>","protected":false},"featured_media":18878,"comment_status":"closed","ping_status":"closed","template":"","meta":[],"product_brand":[],"product_cat":[1098],"product_tag":[20,1076,22,23,24,1220],"class_list":{"0":"post-18851","1":"product","2":"type-product","3":"status-publish","4":"has-post-thumbnail","6":"product_cat-em-2024-frankreich","7":"product_tag-coole-fussballtrikots","8":"product_tag-em-2024-trikot","9":"product_tag-fussballtrikot-guenstig-kaufen","10":"product_tag-fussballtrikot-kurzarm","11":"product_tag-guenstiges-fussballtrikot","12":"product_tag-ibrahima-konate-trikots","14":"first","15":"instock","16":"purchasable","17":"product-type-variable"},"_links":{"self":[{"href":"https:\/\/www.billigtrikotde.com\/da\/wp-json\/wp\/v2\/product\/18851","targetHints":{"allow":["GET"]}}],"collection":[{"href":"https:\/\/www.billigtrikotde.com\/da\/wp-json\/wp\/v2\/product"}],"about":[{"href":"https:\/\/www.billigtrikotde.com\/da\/wp-json\/wp\/v2\/types\/product"}],"replies":[{"embeddable":true,"href":"https:\/\/www.billigtrikotde.com\/da\/wp-json\/wp\/v2\/comments?post=18851"}],"wp:featuredmedia":[{"embeddable":true,"href":"https:\/\/www.billigtrikotde.com\/da\/wp-json\/wp\/v2\/media\/18878"}],"wp:attachment":[{"href":"https:\/\/www.billigtrikotde.com\/da\/wp-json\/wp\/v2\/media?parent=18851"}],"wp:term":[{"taxonomy":"product_brand","embeddable":true,"href":"https:\/\/www.billigtrikotde.com\/da\/wp-json\/wp\/v2\/product_brand?post=18851"},{"taxonomy":"product_cat","embeddable":true,"href":"https:\/\/www.billigtrikotde.com\/da\/wp-json\/wp\/v2\/product_cat?post=18851"},{"taxonomy":"product_tag","embeddable":true,"href":"https:\/\/www.billigtrikotde.com\/da\/wp-json\/wp\/v2\/product_tag?post=18851"}],"curies":[{"name":"wp","href":"https:\/\/api.w.org\/{rel}","templated":true}]}}