{"id":18836,"date":"2024-10-24T10:57:51","date_gmt":"2024-10-24T08:57:51","guid":{"rendered":"http:\/\/billigtrikots.com\/?post_type=product&#038;p=18836"},"modified":"2024-10-24T11:00:38","modified_gmt":"2024-10-24T09:00:38","slug":"billige-damen-frankreichs-trikots-fuer-die-europameisterschaft-2024-auswaertstrikot-jules-kounde-5","status":"publish","type":"product","link":"https:\/\/www.billigtrikotde.com\/da\/vare\/billige-damen-frankreichs-trikots-fuer-die-europameisterschaft-2024-auswaertstrikot-jules-kounde-5\/","title":{"rendered":"Billige Frankrig-tr\u00f8jer til kvinder til EM 2024 p\u00e5 udebane Jules Kounde 5"},"content":{"rendered":"<p>Frankrigs EM 2024 udebanetr\u00f8je kombinerer en hvid grundfarve med en kongebl\u00e5. Det mest i\u00f8jnefaldende tr\u00e6k er det n\u00e5lestribede design - det g\u00e5r fra bl\u00e5 (h\u00f8jre side) til r\u00f8d (venstre side). Frankrigs Euro 2024 udebanetr\u00f8je har en bl\u00e5 krave og bl\u00e5 manchetter. Det, der skiller sig ud p\u00e5 forsiden, er det store, fuldfarvede franske v\u00e5benskjold, som vil blive brugt for f\u00f8rste gang ved Euro 2024 og m\u00e5ske vil blive brugt efter turneringen.<\/p>\n<p>B\u00e5de hjemme- og udebanetr\u00f8jerne til EM i Frankrig 2024 vil have et nyt farvet v\u00e5benskjold i et stort format, der er st\u00f8rre end p\u00e5 de tidligere Frankrig-tr\u00f8jer. Omr\u00e5det for Frankrigs v\u00e5benskjold vil dog fortsat v\u00e6re i overensstemmelse med FIFA's regler for tr\u00f8jer.<\/p>\n<p>Tips til udskrivning: Hvis navn og nummer p\u00e5 billedet er pr\u00e6cis det, du \u00f8nsker, beh\u00f8ver du ikke at indtaste dem igen. Hvis ikke, skal du indtaste det \u00f8nskede navn og nummer.<\/p>\n<p>Tips til vask: Det anbefales at vaske fodboldtr\u00f8jer i h\u00e5nden. Hvis du vil bruge vaskemaskinen, skal du huske at vende vrangen ud p\u00e5 fodboldtr\u00f8jerne og derefter vaske dem. Fyld maskinen med koldt vand, og brug et sk\u00e5neprogram for bedre at beskytte farverne.<\/p>","protected":false},"excerpt":{"rendered":"<p>Das Frankreich Euro 2024 Ausw\u00e4rtstrikot kombiniert eine wei\u00dfe Grundfarbe mit einem K\u00f6nigsblau. Am auff\u00e4lligsten ist das Nadelstreifendesign \u2013 es geht von Blau (rechte Seite) zu Rot (linke Seite). Das Frankreich Euro 2024 Ausw\u00e4rtstrikot hat einen blauen Kragen und blaue \u00c4rmelb\u00fcndchen. Was auf der Vorderseite auff\u00e4llt, ist das riesige, voll farbige Frankreich-Wappen, das erstmals bei der [&hellip;]<\/p>","protected":false},"featured_media":18876,"comment_status":"closed","ping_status":"closed","template":"","meta":[],"product_brand":[],"product_cat":[1098],"product_tag":[20,1076,22,23,24,1218],"class_list":{"0":"post-18836","1":"product","2":"type-product","3":"status-publish","4":"has-post-thumbnail","6":"product_cat-em-2024-frankreich","7":"product_tag-coole-fussballtrikots","8":"product_tag-em-2024-trikot","9":"product_tag-fussballtrikot-guenstig-kaufen","10":"product_tag-fussballtrikot-kurzarm","11":"product_tag-guenstiges-fussballtrikot","12":"product_tag-jules-kounde-trikots","14":"first","15":"instock","16":"purchasable","17":"product-type-variable"},"_links":{"self":[{"href":"https:\/\/www.billigtrikotde.com\/da\/wp-json\/wp\/v2\/product\/18836","targetHints":{"allow":["GET"]}}],"collection":[{"href":"https:\/\/www.billigtrikotde.com\/da\/wp-json\/wp\/v2\/product"}],"about":[{"href":"https:\/\/www.billigtrikotde.com\/da\/wp-json\/wp\/v2\/types\/product"}],"replies":[{"embeddable":true,"href":"https:\/\/www.billigtrikotde.com\/da\/wp-json\/wp\/v2\/comments?post=18836"}],"wp:featuredmedia":[{"embeddable":true,"href":"https:\/\/www.billigtrikotde.com\/da\/wp-json\/wp\/v2\/media\/18876"}],"wp:attachment":[{"href":"https:\/\/www.billigtrikotde.com\/da\/wp-json\/wp\/v2\/media?parent=18836"}],"wp:term":[{"taxonomy":"product_brand","embeddable":true,"href":"https:\/\/www.billigtrikotde.com\/da\/wp-json\/wp\/v2\/product_brand?post=18836"},{"taxonomy":"product_cat","embeddable":true,"href":"https:\/\/www.billigtrikotde.com\/da\/wp-json\/wp\/v2\/product_cat?post=18836"},{"taxonomy":"product_tag","embeddable":true,"href":"https:\/\/www.billigtrikotde.com\/da\/wp-json\/wp\/v2\/product_tag?post=18836"}],"curies":[{"name":"wp","href":"https:\/\/api.w.org\/{rel}","templated":true}]}}