{"id":18826,"date":"2024-10-24T10:57:18","date_gmt":"2024-10-24T08:57:18","guid":{"rendered":"http:\/\/billigtrikots.com\/?post_type=product&#038;p=18826"},"modified":"2024-10-24T11:00:02","modified_gmt":"2024-10-24T09:00:02","slug":"damen-frankreichs-trikots-fuer-die-europameisterschaft-2024-auswaertstrikot-ibrahima-konate-24","status":"publish","type":"product","link":"https:\/\/www.billigtrikotde.com\/da\/vare\/damen-frankreichs-trikots-fuer-die-europameisterschaft-2024-auswaertstrikot-ibrahima-konate-24\/","title":{"rendered":"Frankrigs kvindedragter til EM 2024 udebanetr\u00f8je Ibrahima Konate 24"},"content":{"rendered":"<p>Den <strong>Frankrig Euro 2024 udebanes\u00e6t<\/strong> kombinerer en hvid grundfarve med en kongebl\u00e5. Det mest i\u00f8jnefaldende tr\u00e6k er det n\u00e5lestribede design - det g\u00e5r fra bl\u00e5 (h\u00f8jre side) til r\u00f8d (venstre side). Frankrigs Euro 2024 udebanetr\u00f8je har en bl\u00e5 krave og bl\u00e5 manchetter. Det, der skiller sig ud p\u00e5 forsiden, er det store, fuldfarvede franske v\u00e5benskjold, som vil blive brugt for f\u00f8rste gang ved Euro 2024 og muligvis vil blive brugt efter turneringen.<\/p>\n<p>B\u00e5de hjemme- og udebanetr\u00f8jerne til EM i Frankrig 2024 vil have et nyt farvet v\u00e5benskjold i et stort format, der er st\u00f8rre end p\u00e5 de tidligere Frankrig-tr\u00f8jer. Omr\u00e5det for Frankrigs v\u00e5benskjold vil dog fortsat v\u00e6re i overensstemmelse med FIFA's regler for tr\u00f8jer.<\/p>\n<p>Tips til udskrivning: Hvis navn og nummer p\u00e5 billedet er pr\u00e6cis det, du \u00f8nsker, beh\u00f8ver du ikke at indtaste dem igen. Hvis ikke, skal du indtaste det \u00f8nskede navn og nummer.<\/p>\n<p>Tips til vask: Det anbefales at vaske fodboldtr\u00f8jer i h\u00e5nden. Hvis du vil bruge vaskemaskinen, skal du huske at vende vrangen ud p\u00e5 fodboldtr\u00f8jerne og derefter vaske dem. Fyld maskinen med koldt vand, og brug et sk\u00e5neprogram for bedre at beskytte farverne.<\/p>","protected":false},"excerpt":{"rendered":"<p>Frankrigs Euro 2024-udetr\u00f8je kombinerer en hvid grundfarve med en kongebl\u00e5. Det mest i\u00f8jnefaldende er n\u00e5lestribedesignet \u2013 det g\u00e5r fra bl\u00e5 (h\u00f8jre side) til r\u00f8d (venstre side). Frankrigs Euro 2024-udetr\u00f8je har en bl\u00e5 krave og bl\u00e5 \u00e6rmelinninger. Det, der tr\u00e6der frem p\u00e5 forsiden, er det enorme, farvefulde Frankrig-v\u00e5ben, der bliver f\u00f8rste gang ved Euro 2024 til [\u2026]<\/p>","protected":false},"featured_media":18867,"comment_status":"open","ping_status":"closed","template":"","meta":[],"product_brand":[],"product_cat":[1098],"product_tag":[20,1076,1214,1099,22,23,1215,24,1216],"class_list":{"0":"post-18826","1":"product","2":"type-product","3":"status-publish","4":"has-post-thumbnail","6":"product_cat-em-2024-frankreich","7":"product_tag-coole-fussballtrikots","8":"product_tag-em-2024-trikot","9":"product_tag-em-2024-trikot-damen","10":"product_tag-frankreich-trikot-em-2024","11":"product_tag-fussballtrikot-guenstig-kaufen","12":"product_tag-fussballtrikot-kurzarm","13":"product_tag-guenstige-fussballtrikots-damen","14":"product_tag-guenstiges-fussballtrikot","15":"product_tag-ibrahima-konate-trikot","17":"first","18":"instock","19":"shipping-taxable","20":"purchasable","21":"product-type-variable"},"_links":{"self":[{"href":"https:\/\/www.billigtrikotde.com\/da\/wp-json\/wp\/v2\/product\/18826","targetHints":{"allow":["GET"]}}],"collection":[{"href":"https:\/\/www.billigtrikotde.com\/da\/wp-json\/wp\/v2\/product"}],"about":[{"href":"https:\/\/www.billigtrikotde.com\/da\/wp-json\/wp\/v2\/types\/product"}],"replies":[{"embeddable":true,"href":"https:\/\/www.billigtrikotde.com\/da\/wp-json\/wp\/v2\/comments?post=18826"}],"wp:featuredmedia":[{"embeddable":true,"href":"https:\/\/www.billigtrikotde.com\/da\/wp-json\/wp\/v2\/media\/18867"}],"wp:attachment":[{"href":"https:\/\/www.billigtrikotde.com\/da\/wp-json\/wp\/v2\/media?parent=18826"}],"wp:term":[{"taxonomy":"product_brand","embeddable":true,"href":"https:\/\/www.billigtrikotde.com\/da\/wp-json\/wp\/v2\/product_brand?post=18826"},{"taxonomy":"product_cat","embeddable":true,"href":"https:\/\/www.billigtrikotde.com\/da\/wp-json\/wp\/v2\/product_cat?post=18826"},{"taxonomy":"product_tag","embeddable":true,"href":"https:\/\/www.billigtrikotde.com\/da\/wp-json\/wp\/v2\/product_tag?post=18826"}],"curies":[{"name":"wp","href":"https:\/\/api.w.org\/{rel}","templated":true}]}}