{"id":18821,"date":"2024-10-24T10:56:49","date_gmt":"2024-10-24T08:56:49","guid":{"rendered":"http:\/\/billigtrikots.com\/?post_type=product&#038;p=18821"},"modified":"2024-10-24T11:00:01","modified_gmt":"2024-10-24T09:00:01","slug":"fussballtrikot-damen-paris-saint-germain-psg-heimtrikot-2024-25-kurzarm","status":"publish","type":"product","link":"https:\/\/www.billigtrikotde.com\/da\/vare\/fussballtrikot-damen-paris-saint-germain-psg-heimtrikot-2024-25-kurzarm\/","title":{"rendered":"Paris Saint-Germain PSG Hjemmebanetr\u00f8je 2024-25 Kort\u00e6rmet til kvinder"},"content":{"rendered":"<p>Den <strong>PSG 2024-25 tr\u00f8je<\/strong> vender tilbage til klubbens klassiske Hechter. Den sidste Paris Saint-Germain-tr\u00f8je med en klassisk Hechter var 2020-21-tr\u00f8jen.<\/p>\n<p>Tips til udskrivning: Hvis navn og nummer p\u00e5 billedet er pr\u00e6cis det, du \u00f8nsker, beh\u00f8ver du ikke at indtaste dem igen. Hvis ikke, skal du indtaste det \u00f8nskede navn og nummer.<\/p>\n<p>Tips til vask: Det anbefales at vaske fodboldtr\u00f8jer i h\u00e5nden. Hvis du vil bruge vaskemaskinen, skal du huske at vende vrangen ud p\u00e5 fodboldtr\u00f8jerne og derefter vaske dem. Fyld maskinen med koldt vand, og brug et sk\u00e5neprogram for bedre at beskytte farverne.<\/p>","protected":false},"excerpt":{"rendered":"<p>PSG 2024-25-tr\u00f8jen vender tilbage til klubbens klassiske khater. Det sidste tr\u00f8je fra Paris Saint-Germain, der havde en klassisk hejter, var tr\u00f8jen 2020-21. Trykningstips: Hvis navnet og nummeret p\u00e5 billedet n\u00f8jagtigt svarer til dine \u00f8nsker, beh\u00f8ver du ikke indtaste dem igen. Ellers b\u00f8r du indtaste dit \u00f8nskede navn [\u2026]<\/p>","protected":false},"featured_media":18865,"comment_status":"open","ping_status":"closed","template":"","meta":[],"product_brand":[],"product_cat":[536],"product_tag":[20,574,21,24,484,485,41,1212,1213],"class_list":{"0":"post-18821","1":"product","2":"type-product","3":"status-publish","4":"has-post-thumbnail","6":"product_cat-paris-saint-germain-psg-damen-trikot","7":"product_tag-coole-fussballtrikots","8":"product_tag-fussballtrikot-deutschland","9":"product_tag-fussballtrikot-fuer-herren","10":"product_tag-guenstiges-fussballtrikot","11":"product_tag-paris-saint-germain-psg-fussballtrikot","12":"product_tag-paris-saint-germain-psg-trikot","13":"product_tag-paris-saint-germain-trikots","14":"product_tag-psg-2024-25-heimtrikots","15":"product_tag-psg-24-25-trikot","17":"first","18":"instock","19":"shipping-taxable","20":"purchasable","21":"product-type-variable"},"_links":{"self":[{"href":"https:\/\/www.billigtrikotde.com\/da\/wp-json\/wp\/v2\/product\/18821","targetHints":{"allow":["GET"]}}],"collection":[{"href":"https:\/\/www.billigtrikotde.com\/da\/wp-json\/wp\/v2\/product"}],"about":[{"href":"https:\/\/www.billigtrikotde.com\/da\/wp-json\/wp\/v2\/types\/product"}],"replies":[{"embeddable":true,"href":"https:\/\/www.billigtrikotde.com\/da\/wp-json\/wp\/v2\/comments?post=18821"}],"wp:featuredmedia":[{"embeddable":true,"href":"https:\/\/www.billigtrikotde.com\/da\/wp-json\/wp\/v2\/media\/18865"}],"wp:attachment":[{"href":"https:\/\/www.billigtrikotde.com\/da\/wp-json\/wp\/v2\/media?parent=18821"}],"wp:term":[{"taxonomy":"product_brand","embeddable":true,"href":"https:\/\/www.billigtrikotde.com\/da\/wp-json\/wp\/v2\/product_brand?post=18821"},{"taxonomy":"product_cat","embeddable":true,"href":"https:\/\/www.billigtrikotde.com\/da\/wp-json\/wp\/v2\/product_cat?post=18821"},{"taxonomy":"product_tag","embeddable":true,"href":"https:\/\/www.billigtrikotde.com\/da\/wp-json\/wp\/v2\/product_tag?post=18821"}],"curies":[{"name":"wp","href":"https:\/\/api.w.org\/{rel}","templated":true}]}}