{"id":18776,"date":"2024-10-24T10:54:04","date_gmt":"2024-10-24T08:54:04","guid":{"rendered":"http:\/\/billigtrikots.com\/?post_type=product&#038;p=18776"},"modified":"2024-10-24T10:57:10","modified_gmt":"2024-10-24T08:57:10","slug":"kinder-fussballtrikots-portugal-trikot-em-2024-auswaerts-trikotsatz-pepe-3","status":"publish","type":"product","link":"https:\/\/www.billigtrikotde.com\/da\/vare\/kinder-fussballtrikots-portugal-trikot-em-2024-auswaerts-trikotsatz-pepe-3\/","title":{"rendered":"B\u00f8rn Fodboldtr\u00f8jer Portugal Tr\u00f8je Euro 2024 Udebane Kit Pepe 3"},"content":{"rendered":"<p>Portugal 2024 udebanetr\u00f8jen har et design, der er t\u00e6t knyttet til Portugals historie. Tr\u00f8jen har en all-over grafik med et m\u00f8nster i azulejo-stil, der har en grungy effekt. Azulejo er en form for portugisiske og spanske tin-glaserede keramiske fliser. Den bruges normalt til at dekorere v\u00e6gge og gulve og er kendt for sine lyse farver og indviklede m\u00f8nstre.<\/p>\n<p>Farverne forts\u00e6tter farveskemaet fra udebanetr\u00f8jen til verdensmesterskabet i 2022. Ligesom tr\u00f8jen til Qatar er den nye udebanetr\u00f8je til Portugal 2024 hovedsageligt i sejlfarver. Portugal Euro 2024 udebanetr\u00f8je med lysebl\u00e5 og en meget m\u00f8rk marinebl\u00e5, \"University Blue\" og \"Pitch Blue\".<\/p>\n<p>Tips til udskrivning: Hvis navn og nummer p\u00e5 billedet er pr\u00e6cis det, du \u00f8nsker, beh\u00f8ver du ikke at indtaste dem igen. Hvis ikke, skal du indtaste det \u00f8nskede navn og nummer.<\/p>\n<p>Tips til vask: Det anbefales at vaske fodboldtr\u00f8jer i h\u00e5nden. Hvis du vil bruge vaskemaskinen, skal du huske at vende vrangen ud p\u00e5 fodboldtr\u00f8jerne og derefter vaske dem. Fyld maskinen med koldt vand, og brug et sk\u00e5neprogram for bedre at beskytte farverne.<\/p>","protected":false},"excerpt":{"rendered":"<p>Portugal 2024 udebanetr\u00f8jen har et design, der er t\u00e6t knyttet til Portugals historie. Tr\u00f8jen har en all-over grafik med et m\u00f8nster i azulejo-stil, der har en grungy effekt. Azulejo er en form for portugisiske og spanske tin-glaserede keramiske fliser. Den bruges normalt til at dekorere v\u00e6gge og gulve og er kendt for sine lyse farver og indviklede m\u00f8nstre.<\/p>","protected":false},"featured_media":18815,"comment_status":"open","ping_status":"closed","template":"","meta":[],"product_brand":[],"product_cat":[1094],"product_tag":[20,1076,1077,21,22,23,24,1095],"class_list":{"0":"post-18776","1":"product","2":"type-product","3":"status-publish","4":"has-post-thumbnail","6":"product_cat-em-2024-portugal","7":"product_tag-coole-fussballtrikots","8":"product_tag-em-2024-trikot","9":"product_tag-em-2024-trikot-herren","10":"product_tag-fussballtrikot-fuer-herren","11":"product_tag-fussballtrikot-guenstig-kaufen","12":"product_tag-fussballtrikot-kurzarm","13":"product_tag-guenstiges-fussballtrikot","14":"product_tag-portugal-trikot-em-2024","16":"first","17":"instock","18":"shipping-taxable","19":"purchasable","20":"product-type-variable"},"_links":{"self":[{"href":"https:\/\/www.billigtrikotde.com\/da\/wp-json\/wp\/v2\/product\/18776","targetHints":{"allow":["GET"]}}],"collection":[{"href":"https:\/\/www.billigtrikotde.com\/da\/wp-json\/wp\/v2\/product"}],"about":[{"href":"https:\/\/www.billigtrikotde.com\/da\/wp-json\/wp\/v2\/types\/product"}],"replies":[{"embeddable":true,"href":"https:\/\/www.billigtrikotde.com\/da\/wp-json\/wp\/v2\/comments?post=18776"}],"wp:featuredmedia":[{"embeddable":true,"href":"https:\/\/www.billigtrikotde.com\/da\/wp-json\/wp\/v2\/media\/18815"}],"wp:attachment":[{"href":"https:\/\/www.billigtrikotde.com\/da\/wp-json\/wp\/v2\/media?parent=18776"}],"wp:term":[{"taxonomy":"product_brand","embeddable":true,"href":"https:\/\/www.billigtrikotde.com\/da\/wp-json\/wp\/v2\/product_brand?post=18776"},{"taxonomy":"product_cat","embeddable":true,"href":"https:\/\/www.billigtrikotde.com\/da\/wp-json\/wp\/v2\/product_cat?post=18776"},{"taxonomy":"product_tag","embeddable":true,"href":"https:\/\/www.billigtrikotde.com\/da\/wp-json\/wp\/v2\/product_tag?post=18776"}],"curies":[{"name":"wp","href":"https:\/\/api.w.org\/{rel}","templated":true}]}}