{"id":18747,"date":"2024-10-24T10:52:17","date_gmt":"2024-10-24T08:52:17","guid":{"rendered":"http:\/\/billigtrikots.com\/?post_type=product&#038;p=18747"},"modified":"2024-10-24T10:55:00","modified_gmt":"2024-10-24T08:55:00","slug":"kinder-niederlande-uefa-euro-2024-auswaertstrikot-virgil-van-dijk-4","status":"publish","type":"product","link":"https:\/\/www.billigtrikotde.com\/da\/vare\/kinder-niederlande-uefa-euro-2024-auswaertstrikot-virgil-van-dijk-4\/","title":{"rendered":"B\u00f8rn Holland UEFA Euro 2024 Udebanetr\u00f8je Virgil van Dijk 4"},"content":{"rendered":"<p>Hollands udebanetr\u00f8je til EM 2024 er hovedsageligt marinebl\u00e5 (\"Blue Void\") med orange, turkis og hvid som sekund\u00e6re farver. Det svarer til farvepaletten p\u00e5 Hollands hjemmebanetr\u00f8je, men selvf\u00f8lgelig i en anden r\u00e6kkef\u00f8lge, og Hollands udebanetr\u00f8je til EM 2024 skiller sig ud med hensyn til design. Den har et orange og bl\u00e5t m\u00f8nster foran, bagp\u00e5 og p\u00e5 \u00e6rmerne.<\/p>\n<p>Tips til udskrivning: Hvis navn og nummer p\u00e5 billedet er pr\u00e6cis det, du \u00f8nsker, beh\u00f8ver du ikke at indtaste dem igen. Hvis ikke, skal du indtaste det \u00f8nskede navn og nummer.<\/p>\n<p>Tips til vask: Det anbefales at vaske fodboldtr\u00f8jer i h\u00e5nden. Hvis du vil bruge vaskemaskinen, skal du huske at vende vrangen ud p\u00e5 fodboldtr\u00f8jerne og derefter vaske dem. Fyld maskinen med koldt vand, og brug et sk\u00e5neprogram for bedre at beskytte farverne.<\/p>","protected":false},"excerpt":{"rendered":"<p>Hollands udebanetr\u00f8je til EM 2024 er hovedsageligt marinebl\u00e5 (\"Blue Void\") med orange, turkis og hvid som sekund\u00e6re farver. Det svarer til farvepaletten p\u00e5 Hollands hjemmebanetr\u00f8je, men selvf\u00f8lgelig i en anden r\u00e6kkef\u00f8lge, og Hollands udebanetr\u00f8je til EM 2024 skiller sig ud med hensyn til design. Den har et orange og bl\u00e5t m\u00f8nster foran, bagp\u00e5 og p\u00e5 \u00e6rmerne.<\/p>","protected":false},"featured_media":18787,"comment_status":"open","ping_status":"closed","template":"","meta":[],"product_brand":[],"product_cat":[1102],"product_tag":[20,1076,1077,21,22,23,24,1103],"class_list":{"0":"post-18747","1":"product","2":"type-product","3":"status-publish","4":"has-post-thumbnail","6":"product_cat-em-2024-niederlande","7":"product_tag-coole-fussballtrikots","8":"product_tag-em-2024-trikot","9":"product_tag-em-2024-trikot-herren","10":"product_tag-fussballtrikot-fuer-herren","11":"product_tag-fussballtrikot-guenstig-kaufen","12":"product_tag-fussballtrikot-kurzarm","13":"product_tag-guenstiges-fussballtrikot","14":"product_tag-niederlande-trikot-em-2024","16":"first","17":"instock","18":"shipping-taxable","19":"purchasable","20":"product-type-variable"},"_links":{"self":[{"href":"https:\/\/www.billigtrikotde.com\/da\/wp-json\/wp\/v2\/product\/18747","targetHints":{"allow":["GET"]}}],"collection":[{"href":"https:\/\/www.billigtrikotde.com\/da\/wp-json\/wp\/v2\/product"}],"about":[{"href":"https:\/\/www.billigtrikotde.com\/da\/wp-json\/wp\/v2\/types\/product"}],"replies":[{"embeddable":true,"href":"https:\/\/www.billigtrikotde.com\/da\/wp-json\/wp\/v2\/comments?post=18747"}],"wp:featuredmedia":[{"embeddable":true,"href":"https:\/\/www.billigtrikotde.com\/da\/wp-json\/wp\/v2\/media\/18787"}],"wp:attachment":[{"href":"https:\/\/www.billigtrikotde.com\/da\/wp-json\/wp\/v2\/media?parent=18747"}],"wp:term":[{"taxonomy":"product_brand","embeddable":true,"href":"https:\/\/www.billigtrikotde.com\/da\/wp-json\/wp\/v2\/product_brand?post=18747"},{"taxonomy":"product_cat","embeddable":true,"href":"https:\/\/www.billigtrikotde.com\/da\/wp-json\/wp\/v2\/product_cat?post=18747"},{"taxonomy":"product_tag","embeddable":true,"href":"https:\/\/www.billigtrikotde.com\/da\/wp-json\/wp\/v2\/product_tag?post=18747"}],"curies":[{"name":"wp","href":"https:\/\/api.w.org\/{rel}","templated":true}]}}