{"id":18727,"date":"2024-10-24T10:51:09","date_gmt":"2024-10-24T08:51:09","guid":{"rendered":"http:\/\/billigtrikots.com\/?post_type=product&#038;p=18727"},"modified":"2024-10-24T10:53:52","modified_gmt":"2024-10-24T08:53:52","slug":"fussballtrikots-billig-kaufen-portugal-trikot-em-2024-heimtrikot-trikotsatz-jose-sa-12","status":"publish","type":"product","link":"https:\/\/www.billigtrikotde.com\/da\/vare\/fussballtrikots-billig-kaufen-portugal-trikot-em-2024-heimtrikot-trikotsatz-jose-sa-12\/","title":{"rendered":"Fodboldtr\u00f8jer Billige K\u00f8b Portugal Tr\u00f8je Euro 2024 Hjemmebane Kit Jose Sa 12"},"content":{"rendered":"<p>Portugals hjemmebanetr\u00f8je til EM 2024 har den klassiske r\u00f8de nationalfarve, men kombineret med andre farver end i de seneste \u00e5r. Den er hovedsageligt r\u00f8d, kombineret med gr\u00f8nne og sorte applikationer, plus en lys beige til sovoosh og navne og numre. De officielle farver er \"University Red\/Pine Green\/Sail\".<\/p>\n<p>Portugals hjemmebanetr\u00f8je til EM 2024 har en sort, kontrastfarvet krave med gr\u00f8nne detaljer - det er den samme kontrastfarvede krave, som ogs\u00e5 ses p\u00e5 Frankrigs hjemmebanetr\u00f8je og Hollands udebanetr\u00f8je til EM 2024. Sort\/gr\u00f8n er ogs\u00e5 brugt til manchetterne og sidepanelerne.<\/p>\n<p>Tips til udskrivning: Hvis navn og nummer p\u00e5 billedet er pr\u00e6cis det, du \u00f8nsker, beh\u00f8ver du ikke at indtaste dem igen. Hvis ikke, skal du indtaste det \u00f8nskede navn og nummer.<\/p>\n<p>Tips til vask: Det anbefales at vaske fodboldtr\u00f8jer i h\u00e5nden. Hvis du vil bruge vaskemaskinen, skal du huske at vende vrangen ud p\u00e5 fodboldtr\u00f8jerne og derefter vaske dem. Fyld maskinen med koldt vand, og brug et sk\u00e5neprogram for bedre at beskytte farverne.<\/p>","protected":false},"excerpt":{"rendered":"<p>Det portugisiske hjemme-jersey til EM 2024 viser den klassiske r\u00f8de landefarve, dog kombineret med andre farver end i de seneste \u00e5r. Det er hovedsageligt r\u00f8dt, kombineret med gr\u00f8nne og sorte applikationer, plus en lys beige farve til Sowoosh samt navnene og numrene. Officielt er farverne \u201eUniversity Red\/Pine Green\/Sail\u201c. Portugals hjemme-jersey til EM\u2026<\/p>","protected":false},"featured_media":18768,"comment_status":"open","ping_status":"closed","template":"","meta":[],"product_brand":[],"product_cat":[1094],"product_tag":[20,21,22,24,1201,1200,1095],"class_list":{"0":"post-18727","1":"product","2":"type-product","3":"status-publish","4":"has-post-thumbnail","6":"product_cat-em-2024-portugal","7":"product_tag-coole-fussballtrikots","8":"product_tag-fussballtrikot-fuer-herren","9":"product_tag-fussballtrikot-guenstig-kaufen","10":"product_tag-guenstiges-fussballtrikot","11":"product_tag-portugal-em-trikot-2024-kaufen","12":"product_tag-portugal-trikot-2024","13":"product_tag-portugal-trikot-em-2024","15":"first","16":"instock","17":"shipping-taxable","18":"purchasable","19":"product-type-variable"},"_links":{"self":[{"href":"https:\/\/www.billigtrikotde.com\/da\/wp-json\/wp\/v2\/product\/18727","targetHints":{"allow":["GET"]}}],"collection":[{"href":"https:\/\/www.billigtrikotde.com\/da\/wp-json\/wp\/v2\/product"}],"about":[{"href":"https:\/\/www.billigtrikotde.com\/da\/wp-json\/wp\/v2\/types\/product"}],"replies":[{"embeddable":true,"href":"https:\/\/www.billigtrikotde.com\/da\/wp-json\/wp\/v2\/comments?post=18727"}],"wp:featuredmedia":[{"embeddable":true,"href":"https:\/\/www.billigtrikotde.com\/da\/wp-json\/wp\/v2\/media\/18768"}],"wp:attachment":[{"href":"https:\/\/www.billigtrikotde.com\/da\/wp-json\/wp\/v2\/media?parent=18727"}],"wp:term":[{"taxonomy":"product_brand","embeddable":true,"href":"https:\/\/www.billigtrikotde.com\/da\/wp-json\/wp\/v2\/product_brand?post=18727"},{"taxonomy":"product_cat","embeddable":true,"href":"https:\/\/www.billigtrikotde.com\/da\/wp-json\/wp\/v2\/product_cat?post=18727"},{"taxonomy":"product_tag","embeddable":true,"href":"https:\/\/www.billigtrikotde.com\/da\/wp-json\/wp\/v2\/product_tag?post=18727"}],"curies":[{"name":"wp","href":"https:\/\/api.w.org\/{rel}","templated":true}]}}