{"id":18302,"date":"2024-10-24T10:26:37","date_gmt":"2024-10-24T08:26:37","guid":{"rendered":"http:\/\/billigtrikots.com\/?post_type=product&#038;p=18302"},"modified":"2024-10-24T10:29:17","modified_gmt":"2024-10-24T08:29:17","slug":"kaufe-peru-auswaertstrikot-copa-america-2024-kurzarm","status":"publish","type":"product","link":"https:\/\/www.billigtrikotde.com\/da\/vare\/kaufe-peru-auswaertstrikot-copa-america-2024-kurzarm\/","title":{"rendered":"K\u00f8b Peru udebanetr\u00f8je Copa Am\u00e9rica 2024 kort\u00e6rmet"},"content":{"rendered":"<p>Peru 2024-udebanetr\u00f8jen har et farveskema og et design, der helt sikkert bliver en bestseller. Den kombinerer en sort grundfarve med guldlogoer og et r\u00f8dbrunt design, og det, der g\u00f8r Peru 2024 udebanes\u00e6ttet unikt, er \u00e6rmerne og sidepanelerne. De har et unikt grafisk design i r\u00f8dbrun.<\/p>","protected":false},"excerpt":{"rendered":"<p>Peru 2024-udebanetr\u00f8jen har et farveskema og et design, der helt sikkert bliver en bestseller. Den kombinerer en sort grundfarve med guldlogoer og et r\u00f8dbrunt design, og det, der g\u00f8r Peru 2024 udebanes\u00e6ttet unikt, er \u00e6rmerne og sidepanelerne. De har et unikt grafisk design i r\u00f8dbrun.<\/p>","protected":false},"featured_media":18349,"comment_status":"open","ping_status":"closed","template":"","meta":[],"product_brand":[],"product_cat":[1169],"product_tag":[20,21,22,24,1170,1171,1172,1173],"class_list":{"0":"post-18302","1":"product","2":"type-product","3":"status-publish","4":"has-post-thumbnail","6":"product_cat-peru-trikots","7":"product_tag-coole-fussballtrikots","8":"product_tag-fussballtrikot-fuer-herren","9":"product_tag-fussballtrikot-guenstig-kaufen","10":"product_tag-guenstiges-fussballtrikot","11":"product_tag-peru-auswaerts-2024","12":"product_tag-peru-copa-america-2024","13":"product_tag-peru-fussballtrikots","14":"product_tag-peru-heim-2024","16":"first","17":"instock","18":"shipping-taxable","19":"purchasable","20":"product-type-variable"},"_links":{"self":[{"href":"https:\/\/www.billigtrikotde.com\/da\/wp-json\/wp\/v2\/product\/18302","targetHints":{"allow":["GET"]}}],"collection":[{"href":"https:\/\/www.billigtrikotde.com\/da\/wp-json\/wp\/v2\/product"}],"about":[{"href":"https:\/\/www.billigtrikotde.com\/da\/wp-json\/wp\/v2\/types\/product"}],"replies":[{"embeddable":true,"href":"https:\/\/www.billigtrikotde.com\/da\/wp-json\/wp\/v2\/comments?post=18302"}],"wp:featuredmedia":[{"embeddable":true,"href":"https:\/\/www.billigtrikotde.com\/da\/wp-json\/wp\/v2\/media\/18349"}],"wp:attachment":[{"href":"https:\/\/www.billigtrikotde.com\/da\/wp-json\/wp\/v2\/media?parent=18302"}],"wp:term":[{"taxonomy":"product_brand","embeddable":true,"href":"https:\/\/www.billigtrikotde.com\/da\/wp-json\/wp\/v2\/product_brand?post=18302"},{"taxonomy":"product_cat","embeddable":true,"href":"https:\/\/www.billigtrikotde.com\/da\/wp-json\/wp\/v2\/product_cat?post=18302"},{"taxonomy":"product_tag","embeddable":true,"href":"https:\/\/www.billigtrikotde.com\/da\/wp-json\/wp\/v2\/product_tag?post=18302"}],"curies":[{"name":"wp","href":"https:\/\/api.w.org\/{rel}","templated":true}]}}