{"id":18284,"date":"2024-10-24T10:25:32","date_gmt":"2024-10-24T08:25:32","guid":{"rendered":"http:\/\/billigtrikots.com\/?post_type=product&#038;p=18284"},"modified":"2024-10-24T10:28:40","modified_gmt":"2024-10-24T08:28:40","slug":"neues-herren-kolumbien-auswaertstrikot-copa-america-2024","status":"publish","type":"product","link":"https:\/\/www.billigtrikotde.com\/da\/vare\/neues-herren-kolumbien-auswaertstrikot-copa-america-2024\/","title":{"rendered":"Ny Colombia udebanetr\u00f8je til m\u00e6nd Copa Am\u00e9rica 2024"},"content":{"rendered":"<p>Colombia 2024-udebanetr\u00f8jen har et moderne farveskema. Designet af Colombia 2024 Copa America udebanetr\u00f8jen er subtilt moderne og bruger samtidig 2024-skabelonen som blikfang. B\u00e5de den \u00f8verste og nederste del af tr\u00f8jen er i en i\u00f8jnefaldende orange farve.<\/p>","protected":false},"excerpt":{"rendered":"<p>Colombia 2024-udebanetr\u00f8jen har et moderne farveskema. Designet af Colombia 2024 Copa America udebanetr\u00f8jen er subtilt moderne og bruger samtidig 2024-skabelonen som blikfang. B\u00e5de den \u00f8verste og nederste del af tr\u00f8jen er i en i\u00f8jnefaldende orange farve.<\/p>","protected":false},"featured_media":18328,"comment_status":"open","ping_status":"closed","template":"","meta":[],"product_brand":[],"product_cat":[1158],"product_tag":[20,21,22,24,1159,1160,1161,1162],"class_list":{"0":"post-18284","1":"product","2":"type-product","3":"status-publish","4":"has-post-thumbnail","6":"product_cat-kolumbien-trikots","7":"product_tag-coole-fussballtrikots","8":"product_tag-fussballtrikot-fuer-herren","9":"product_tag-fussballtrikot-guenstig-kaufen","10":"product_tag-guenstiges-fussballtrikot","11":"product_tag-kolumbien-auswaerts-2024","12":"product_tag-kolumbien-copa-america-2024","13":"product_tag-kolumbien-fussballtrikots","14":"product_tag-kolumbien-heim-2024","16":"first","17":"instock","18":"shipping-taxable","19":"purchasable","20":"product-type-variable"},"_links":{"self":[{"href":"https:\/\/www.billigtrikotde.com\/da\/wp-json\/wp\/v2\/product\/18284","targetHints":{"allow":["GET"]}}],"collection":[{"href":"https:\/\/www.billigtrikotde.com\/da\/wp-json\/wp\/v2\/product"}],"about":[{"href":"https:\/\/www.billigtrikotde.com\/da\/wp-json\/wp\/v2\/types\/product"}],"replies":[{"embeddable":true,"href":"https:\/\/www.billigtrikotde.com\/da\/wp-json\/wp\/v2\/comments?post=18284"}],"wp:featuredmedia":[{"embeddable":true,"href":"https:\/\/www.billigtrikotde.com\/da\/wp-json\/wp\/v2\/media\/18328"}],"wp:attachment":[{"href":"https:\/\/www.billigtrikotde.com\/da\/wp-json\/wp\/v2\/media?parent=18284"}],"wp:term":[{"taxonomy":"product_brand","embeddable":true,"href":"https:\/\/www.billigtrikotde.com\/da\/wp-json\/wp\/v2\/product_brand?post=18284"},{"taxonomy":"product_cat","embeddable":true,"href":"https:\/\/www.billigtrikotde.com\/da\/wp-json\/wp\/v2\/product_cat?post=18284"},{"taxonomy":"product_tag","embeddable":true,"href":"https:\/\/www.billigtrikotde.com\/da\/wp-json\/wp\/v2\/product_tag?post=18284"}],"curies":[{"name":"wp","href":"https:\/\/api.w.org\/{rel}","templated":true}]}}