{"id":18234,"date":"2024-10-24T10:23:10","date_gmt":"2024-10-24T08:23:10","guid":{"rendered":"http:\/\/billigtrikots.com\/?post_type=product&#038;p=18234"},"modified":"2024-10-24T10:25:56","modified_gmt":"2024-10-24T08:25:56","slug":"billige-argentinien-heimtrikot-copa-america-2024-de-paul-7","status":"publish","type":"product","link":"https:\/\/www.billigtrikotde.com\/da\/vare\/billige-argentinien-heimtrikot-copa-america-2024-de-paul-7\/","title":{"rendered":"Billig Argentina Hjemmetr\u00f8je Copa Am\u00e9rica 2024 De Paul 7"},"content":{"rendered":"<p>Argentina 2024-tr\u00f8jen har landets traditionelle hvide og himmelbl\u00e5 striber kombineret med guldlogoer, applikationer og guldbogstaver.Argentina vandt b\u00e5de Copa Am\u00e9rica 2021 og VM 2022, s\u00e5 guldelementerne er en passende hyldest.Striberne p\u00e5 Argentina 2024-tr\u00f8jen er klassiske med en bl\u00e5 stribe i midten og de hvide striber med AFA-logoet.Argentina bruger et lidt opdateret 3-stjernet logo, hvor den tredje stjerne sidder lidt h\u00f8jere end ved de to f\u00f8rste verdensmesterskaber.<\/p>","protected":false},"excerpt":{"rendered":"<p>Das Argentinien 2024 Trikot zeigt die traditionellen wei\u00dfen und himmelblauen Streifen des Landes, kombiniert mit goldenen Logos, Applikationen und einer goldenen Schrift.Argentinien hat sowohl die Copa Am\u00e9rica 2021 als auch die Weltmeisterschaft 2022 gewonnen, daher sind die goldenen Elemente eine passende Hommage.Die Streifen des Argentinien-Trikots 2024 sind klassisch, mit einem blauen Streifen in der Mitte [&hellip;]<\/p>","protected":false},"featured_media":18287,"comment_status":"open","ping_status":"closed","template":"","meta":[],"product_brand":[],"product_cat":[325],"product_tag":[1118,1119,20,1120,1121,1122,1123,21,22,24],"class_list":{"0":"post-18234","1":"product","2":"type-product","3":"status-publish","4":"has-post-thumbnail","6":"product_cat-argentinien-trikots","7":"product_tag-argentinien-copa-america-2024","8":"product_tag-argentinien-fussballtrikots","9":"product_tag-coole-fussballtrikots","10":"product_tag-de-paul-auswaerts-2024","11":"product_tag-de-paul-copa-america-2024","12":"product_tag-de-paul-fussballtrikots","13":"product_tag-de-paul-heim-2024","14":"product_tag-fussballtrikot-fuer-herren","15":"product_tag-fussballtrikot-guenstig-kaufen","16":"product_tag-guenstiges-fussballtrikot","18":"first","19":"instock","20":"shipping-taxable","21":"purchasable","22":"product-type-variable"},"_links":{"self":[{"href":"https:\/\/www.billigtrikotde.com\/da\/wp-json\/wp\/v2\/product\/18234","targetHints":{"allow":["GET"]}}],"collection":[{"href":"https:\/\/www.billigtrikotde.com\/da\/wp-json\/wp\/v2\/product"}],"about":[{"href":"https:\/\/www.billigtrikotde.com\/da\/wp-json\/wp\/v2\/types\/product"}],"replies":[{"embeddable":true,"href":"https:\/\/www.billigtrikotde.com\/da\/wp-json\/wp\/v2\/comments?post=18234"}],"wp:featuredmedia":[{"embeddable":true,"href":"https:\/\/www.billigtrikotde.com\/da\/wp-json\/wp\/v2\/media\/18287"}],"wp:attachment":[{"href":"https:\/\/www.billigtrikotde.com\/da\/wp-json\/wp\/v2\/media?parent=18234"}],"wp:term":[{"taxonomy":"product_brand","embeddable":true,"href":"https:\/\/www.billigtrikotde.com\/da\/wp-json\/wp\/v2\/product_brand?post=18234"},{"taxonomy":"product_cat","embeddable":true,"href":"https:\/\/www.billigtrikotde.com\/da\/wp-json\/wp\/v2\/product_cat?post=18234"},{"taxonomy":"product_tag","embeddable":true,"href":"https:\/\/www.billigtrikotde.com\/da\/wp-json\/wp\/v2\/product_tag?post=18234"}],"curies":[{"name":"wp","href":"https:\/\/api.w.org\/{rel}","templated":true}]}}