{"id":18151,"date":"2024-10-24T10:19:06","date_gmt":"2024-10-24T08:19:06","guid":{"rendered":"http:\/\/billigtrikots.com\/?post_type=product&#038;p=18151"},"modified":"2024-10-24T10:21:51","modified_gmt":"2024-10-24T08:21:51","slug":"kinder-niederlande-euro-2024-auswaertstrikot-em-24-25-fussball-trikotsatz","status":"publish","type":"product","link":"https:\/\/www.billigtrikotde.com\/da\/vare\/kinder-niederlande-euro-2024-auswaertstrikot-em-24-25-fussball-trikotsatz\/","title":{"rendered":"B\u00f8rn Holland Euro 2024 udebanes\u00e6t EM 24-25 fodbolds\u00e6t"},"content":{"rendered":"<p>Hollands udebanetr\u00f8je til EM 2024 er hovedsageligt marinebl\u00e5 (\"Blue Void\") med orange, turkis og hvid som sekund\u00e6re farver. Det svarer til farvepaletten p\u00e5 Hollands hjemmebanetr\u00f8je, men selvf\u00f8lgelig i en anden r\u00e6kkef\u00f8lge, og Hollands udebanetr\u00f8je til EM 2024 skiller sig ud med hensyn til design. Den har et orange og bl\u00e5t m\u00f8nster foran, bagp\u00e5 og p\u00e5 \u00e6rmerne.<\/p>","protected":false},"excerpt":{"rendered":"<p>Hollands udebanetr\u00f8je til EM 2024 er hovedsageligt marinebl\u00e5 (\"Blue Void\") med orange, turkis og hvid som sekund\u00e6re farver. Det svarer til farvepaletten p\u00e5 Hollands hjemmebanetr\u00f8je, men selvf\u00f8lgelig i en anden r\u00e6kkef\u00f8lge, og Hollands udebanetr\u00f8je til EM 2024 skiller sig ud med hensyn til design. Den har et orange og bl\u00e5t m\u00f8nster foran, bagp\u00e5 og p\u00e5 \u00e6rmerne.<\/p>","protected":false},"featured_media":18203,"comment_status":"open","ping_status":"closed","template":"","meta":[],"product_brand":[],"product_cat":[1102,1072],"product_tag":[20,1076,1077,21,22,23,24,1103],"class_list":{"0":"post-18151","1":"product","2":"type-product","3":"status-publish","4":"has-post-thumbnail","6":"product_cat-em-2024-niederlande","7":"product_cat-em-2024-trikots","8":"product_tag-coole-fussballtrikots","9":"product_tag-em-2024-trikot","10":"product_tag-em-2024-trikot-herren","11":"product_tag-fussballtrikot-fuer-herren","12":"product_tag-fussballtrikot-guenstig-kaufen","13":"product_tag-fussballtrikot-kurzarm","14":"product_tag-guenstiges-fussballtrikot","15":"product_tag-niederlande-trikot-em-2024","17":"first","18":"instock","19":"shipping-taxable","20":"purchasable","21":"product-type-variable"},"_links":{"self":[{"href":"https:\/\/www.billigtrikotde.com\/da\/wp-json\/wp\/v2\/product\/18151","targetHints":{"allow":["GET"]}}],"collection":[{"href":"https:\/\/www.billigtrikotde.com\/da\/wp-json\/wp\/v2\/product"}],"about":[{"href":"https:\/\/www.billigtrikotde.com\/da\/wp-json\/wp\/v2\/types\/product"}],"replies":[{"embeddable":true,"href":"https:\/\/www.billigtrikotde.com\/da\/wp-json\/wp\/v2\/comments?post=18151"}],"wp:featuredmedia":[{"embeddable":true,"href":"https:\/\/www.billigtrikotde.com\/da\/wp-json\/wp\/v2\/media\/18203"}],"wp:attachment":[{"href":"https:\/\/www.billigtrikotde.com\/da\/wp-json\/wp\/v2\/media?parent=18151"}],"wp:term":[{"taxonomy":"product_brand","embeddable":true,"href":"https:\/\/www.billigtrikotde.com\/da\/wp-json\/wp\/v2\/product_brand?post=18151"},{"taxonomy":"product_cat","embeddable":true,"href":"https:\/\/www.billigtrikotde.com\/da\/wp-json\/wp\/v2\/product_cat?post=18151"},{"taxonomy":"product_tag","embeddable":true,"href":"https:\/\/www.billigtrikotde.com\/da\/wp-json\/wp\/v2\/product_tag?post=18151"}],"curies":[{"name":"wp","href":"https:\/\/api.w.org\/{rel}","templated":true}]}}