{"id":18130,"date":"2024-10-24T10:17:59","date_gmt":"2024-10-24T08:17:59","guid":{"rendered":"http:\/\/billigtrikots.com\/?post_type=product&#038;p=18130"},"modified":"2024-10-24T10:21:15","modified_gmt":"2024-10-24T08:21:15","slug":"kinder-set-frankreich-euro-2024-heim-trikotsatz-em-24-25","status":"publish","type":"product","link":"https:\/\/www.billigtrikotde.com\/da\/vare\/kinder-set-frankreich-euro-2024-heim-trikotsatz-em-24-25\/","title":{"rendered":"B\u00f8rnes\u00e6t Frankrig EURO 2024 Hjemmebanetr\u00f8je EM 24-25"},"content":{"rendered":"<p>Frankrigs 2024-tr\u00f8je har et klassisk, men stilfuldt design. Den er hovedsageligt i \"Bright Blue\" og afviger dermed fra den marinebl\u00e5 i 2022. Kombineret med denne bl\u00e5 nuance er \"University Red\" og hvid. Det mest bem\u00e6rkelsesv\u00e6rdige ved Frankrigs 2024-tr\u00f8je er nok v\u00e5benskjoldet. Efter den monokrome tilgang til alle tidligere Frankrig-tr\u00f8jer introducerer swoosh'en et nyt klassisk farveskema med det ber\u00f8mte FFF-logo.<\/p>","protected":false},"excerpt":{"rendered":"<p>Das Frankreich 2024 Trikot hat ein klassisches, aber stilvolles Design. Es ist haupts\u00e4chlich in &#8222;Bright Blue&#8220; gehalten und weicht damit vom Marineblau des Jahres 2022 ab. Kombiniert mit diesem Blauton sind &#8222;University Red&#8220; und Wei\u00df.Das Bemerkenswerteste am Trikot Frankreich 2024 ist wahrscheinlich das Wappen. Nach dem monochromen Ansatz aller bisherigen Frankreich-Trikots f\u00fchrt der Swoosh ein [&hellip;]<\/p>","protected":false},"featured_media":18181,"comment_status":"open","ping_status":"closed","template":"","meta":[],"product_brand":[],"product_cat":[1098,1072],"product_tag":[20,1076,1077,1099,21,22,23,24],"class_list":{"0":"post-18130","1":"product","2":"type-product","3":"status-publish","4":"has-post-thumbnail","6":"product_cat-em-2024-frankreich","7":"product_cat-em-2024-trikots","8":"product_tag-coole-fussballtrikots","9":"product_tag-em-2024-trikot","10":"product_tag-em-2024-trikot-herren","11":"product_tag-frankreich-trikot-em-2024","12":"product_tag-fussballtrikot-fuer-herren","13":"product_tag-fussballtrikot-guenstig-kaufen","14":"product_tag-fussballtrikot-kurzarm","15":"product_tag-guenstiges-fussballtrikot","17":"first","18":"instock","19":"shipping-taxable","20":"purchasable","21":"product-type-variable"},"_links":{"self":[{"href":"https:\/\/www.billigtrikotde.com\/da\/wp-json\/wp\/v2\/product\/18130","targetHints":{"allow":["GET"]}}],"collection":[{"href":"https:\/\/www.billigtrikotde.com\/da\/wp-json\/wp\/v2\/product"}],"about":[{"href":"https:\/\/www.billigtrikotde.com\/da\/wp-json\/wp\/v2\/types\/product"}],"replies":[{"embeddable":true,"href":"https:\/\/www.billigtrikotde.com\/da\/wp-json\/wp\/v2\/comments?post=18130"}],"wp:featuredmedia":[{"embeddable":true,"href":"https:\/\/www.billigtrikotde.com\/da\/wp-json\/wp\/v2\/media\/18181"}],"wp:attachment":[{"href":"https:\/\/www.billigtrikotde.com\/da\/wp-json\/wp\/v2\/media?parent=18130"}],"wp:term":[{"taxonomy":"product_brand","embeddable":true,"href":"https:\/\/www.billigtrikotde.com\/da\/wp-json\/wp\/v2\/product_brand?post=18130"},{"taxonomy":"product_cat","embeddable":true,"href":"https:\/\/www.billigtrikotde.com\/da\/wp-json\/wp\/v2\/product_cat?post=18130"},{"taxonomy":"product_tag","embeddable":true,"href":"https:\/\/www.billigtrikotde.com\/da\/wp-json\/wp\/v2\/product_tag?post=18130"}],"curies":[{"name":"wp","href":"https:\/\/api.w.org\/{rel}","templated":true}]}}