{"id":1810,"date":"2024-10-23T13:46:48","date_gmt":"2024-10-23T11:46:48","guid":{"rendered":"http:\/\/billigtrikots.com\/?post_type=product&#038;p=1810"},"modified":"2024-10-23T13:48:45","modified_gmt":"2024-10-23T11:48:45","slug":"bvb-borussia-dortmund-2022-heimtrikot-gelb-mit-aufdruck-zagadou-5","status":"publish","type":"product","link":"https:\/\/www.billigtrikotde.com\/da\/vare\/bvb-borussia-dortmund-2022-heimtrikot-gelb-mit-aufdruck-zagadou-5\/","title":{"rendered":"BVB Borussia Dortmund 2022 hjemmebanetr\u00f8je gul med print Zagadou 5"},"content":{"rendered":"<p>Ingen fan af den fantastiske klub Borussia Dortmund b\u00f8r skulle leve uden denne autentiske fodboldtr\u00f8je. Den har en V-hals, raglan\u00e6rmer med skulderindsats i mesh og en jacquardstruktur p\u00e5 bagsiden for optimal \u00e5ndbarhed. Derudover tilbyder den den innovative dryCELL-teknologi fra PUMA, som transporterer fugt v\u00e6k fra kroppen. Og selvf\u00f8lgelig m\u00e5 det stolte 09-logo, der pryder brystet, heller ikke mangle.<\/p>\n<p>Tips til udskrivning: Hvis navn og nummer p\u00e5 billedet er pr\u00e6cis det, du \u00f8nsker, beh\u00f8ver du ikke at indtaste dem igen. Hvis ikke, skal du indtaste det \u00f8nskede navn og nummer.<\/p>\n<p>Tips til vask: Det anbefales at vaske fodboldtr\u00f8jer i h\u00e5nden. Hvis du vil bruge vaskemaskinen, skal du huske at vende vrangen ud p\u00e5 fodboldtr\u00f8jerne og derefter vaske dem. Fyld maskinen med koldt vand, og brug et sk\u00e5neprogram for bedre at beskytte farverne.<\/p>","protected":false},"excerpt":{"rendered":"<p>Kein Fan des gro\u00dfartigen Vereins Borussia Dortmund sollte ohne dieses authentische Fu\u00dfballtrikot leben m\u00fcssen. Es verf\u00fcgt \u00fcber einen V-Ausschnitt, Raglan\u00e4rmel mit Schultereinsatz aus Mesh und eine Jacquardstruktur auf der R\u00fcckseite f\u00fcr optimale Atmungsaktivit\u00e4t. Au\u00dferdem bietet es die innovative dryCELL-Technologie von PUMA, die Feuchtigkeit vom K\u00f6rper wegtransportiert. Und nat\u00fcrlich darf auch das stolz auf der Brust [&hellip;]<\/p>","protected":false},"featured_media":1848,"comment_status":"open","ping_status":"closed","template":"","meta":[],"product_brand":[],"product_cat":[63],"product_tag":[20,65,66,21,22,23,24],"class_list":{"0":"post-1810","1":"product","2":"type-product","3":"status-publish","4":"has-post-thumbnail","6":"product_cat-borussia-dortmund","7":"product_tag-coole-fussballtrikots","8":"product_tag-borussia-dortmund-trikots","9":"product_tag-bvb-trikots","10":"product_tag-fussballtrikot-fuer-herren","11":"product_tag-fussballtrikot-guenstig-kaufen","12":"product_tag-fussballtrikot-kurzarm","13":"product_tag-guenstiges-fussballtrikot","15":"first","16":"instock","17":"shipping-taxable","18":"purchasable","19":"product-type-variable"},"_links":{"self":[{"href":"https:\/\/www.billigtrikotde.com\/da\/wp-json\/wp\/v2\/product\/1810","targetHints":{"allow":["GET"]}}],"collection":[{"href":"https:\/\/www.billigtrikotde.com\/da\/wp-json\/wp\/v2\/product"}],"about":[{"href":"https:\/\/www.billigtrikotde.com\/da\/wp-json\/wp\/v2\/types\/product"}],"replies":[{"embeddable":true,"href":"https:\/\/www.billigtrikotde.com\/da\/wp-json\/wp\/v2\/comments?post=1810"}],"wp:featuredmedia":[{"embeddable":true,"href":"https:\/\/www.billigtrikotde.com\/da\/wp-json\/wp\/v2\/media\/1848"}],"wp:attachment":[{"href":"https:\/\/www.billigtrikotde.com\/da\/wp-json\/wp\/v2\/media?parent=1810"}],"wp:term":[{"taxonomy":"product_brand","embeddable":true,"href":"https:\/\/www.billigtrikotde.com\/da\/wp-json\/wp\/v2\/product_brand?post=1810"},{"taxonomy":"product_cat","embeddable":true,"href":"https:\/\/www.billigtrikotde.com\/da\/wp-json\/wp\/v2\/product_cat?post=1810"},{"taxonomy":"product_tag","embeddable":true,"href":"https:\/\/www.billigtrikotde.com\/da\/wp-json\/wp\/v2\/product_tag?post=1810"}],"curies":[{"name":"wp","href":"https:\/\/api.w.org\/{rel}","templated":true}]}}