{"id":18083,"date":"2024-10-24T10:15:35","date_gmt":"2024-10-24T08:15:35","guid":{"rendered":"http:\/\/billigtrikots.com\/?post_type=product&#038;p=18083"},"modified":"2024-10-24T10:18:21","modified_gmt":"2024-10-24T08:18:21","slug":"kinder-portugal-euro-2024-auswaertstrikot-em-24-25-kurzarm","status":"publish","type":"product","link":"https:\/\/www.billigtrikotde.com\/da\/vare\/kinder-portugal-euro-2024-auswaertstrikot-em-24-25-kurzarm\/","title":{"rendered":"B\u00f8rn Portugal EURO 2024 Udebanetr\u00f8je EM 24-25 Kort\u00e6rmet"},"content":{"rendered":"<p>Portugal 2024 udebanetr\u00f8jen har et design, der er t\u00e6t knyttet til Portugals historie. Tr\u00f8jen har en all-over grafik med et m\u00f8nster i azulejo-stil, der har en grungy effekt. Azulejo er en form for portugisiske og spanske tin-glaserede keramiske fliser. Den bruges normalt til at dekorere v\u00e6gge og gulve og er kendt for sine lyse farver og indviklede m\u00f8nstre.<\/p>\n<p>Farverne forts\u00e6tter farveskemaet fra udebanetr\u00f8jen til verdensmesterskabet i 2022. Ligesom tr\u00f8jen til Qatar er den nye udebanetr\u00f8je til Portugal 2024 hovedsageligt i sejlfarver. Portugal Euro 2024 udebanetr\u00f8je med lysebl\u00e5 og en meget m\u00f8rk marinebl\u00e5, \"University Blue\" og \"Pitch Blue\".<\/p>","protected":false},"excerpt":{"rendered":"<p>Portugal 2024 udebanetr\u00f8jen har et design, der er t\u00e6t knyttet til Portugals historie. Tr\u00f8jen har en all-over grafik med et m\u00f8nster i azulejo-stil, der har en grungy effekt. Azulejo er en form for portugisiske og spanske tin-glaserede keramiske fliser. Den bruges normalt til at dekorere v\u00e6gge og gulve og er kendt for sine lyse farver og indviklede m\u00f8nstre.<\/p>","protected":false},"featured_media":18123,"comment_status":"open","ping_status":"closed","template":"","meta":[],"product_brand":[],"product_cat":[1094,1072],"product_tag":[20,1076,1077,21,22,23,24,1095],"class_list":{"0":"post-18083","1":"product","2":"type-product","3":"status-publish","4":"has-post-thumbnail","6":"product_cat-em-2024-portugal","7":"product_cat-em-2024-trikots","8":"product_tag-coole-fussballtrikots","9":"product_tag-em-2024-trikot","10":"product_tag-em-2024-trikot-herren","11":"product_tag-fussballtrikot-fuer-herren","12":"product_tag-fussballtrikot-guenstig-kaufen","13":"product_tag-fussballtrikot-kurzarm","14":"product_tag-guenstiges-fussballtrikot","15":"product_tag-portugal-trikot-em-2024","17":"first","18":"instock","19":"shipping-taxable","20":"purchasable","21":"product-type-variable"},"_links":{"self":[{"href":"https:\/\/www.billigtrikotde.com\/da\/wp-json\/wp\/v2\/product\/18083","targetHints":{"allow":["GET"]}}],"collection":[{"href":"https:\/\/www.billigtrikotde.com\/da\/wp-json\/wp\/v2\/product"}],"about":[{"href":"https:\/\/www.billigtrikotde.com\/da\/wp-json\/wp\/v2\/types\/product"}],"replies":[{"embeddable":true,"href":"https:\/\/www.billigtrikotde.com\/da\/wp-json\/wp\/v2\/comments?post=18083"}],"wp:featuredmedia":[{"embeddable":true,"href":"https:\/\/www.billigtrikotde.com\/da\/wp-json\/wp\/v2\/media\/18123"}],"wp:attachment":[{"href":"https:\/\/www.billigtrikotde.com\/da\/wp-json\/wp\/v2\/media?parent=18083"}],"wp:term":[{"taxonomy":"product_brand","embeddable":true,"href":"https:\/\/www.billigtrikotde.com\/da\/wp-json\/wp\/v2\/product_brand?post=18083"},{"taxonomy":"product_cat","embeddable":true,"href":"https:\/\/www.billigtrikotde.com\/da\/wp-json\/wp\/v2\/product_cat?post=18083"},{"taxonomy":"product_tag","embeddable":true,"href":"https:\/\/www.billigtrikotde.com\/da\/wp-json\/wp\/v2\/product_tag?post=18083"}],"curies":[{"name":"wp","href":"https:\/\/api.w.org\/{rel}","templated":true}]}}