{"id":17981,"date":"2024-10-24T10:10:23","date_gmt":"2024-10-24T08:10:23","guid":{"rendered":"http:\/\/billigtrikots.com\/?post_type=product&#038;p=17981"},"modified":"2024-10-24T10:12:38","modified_gmt":"2024-10-24T08:12:38","slug":"italien-euro-2024-auswaertstrikot-em-24-weiss-kurzarm-nicolo-barella-18","status":"publish","type":"product","link":"https:\/\/www.billigtrikotde.com\/da\/vare\/italien-euro-2024-auswaertstrikot-em-24-weiss-kurzarm-nicolo-barella-18\/","title":{"rendered":"Italien Euro 2024 udebanes\u00e6t EM 24 hvid kort\u00e6rmet Nicolo Barella 18"},"content":{"rendered":"<p>Italien 2024-udebanetr\u00f8jen kombinerer en hvid basisfarve med bl\u00e5 logoer. Det, der adskiller Italien 2024 udebanetr\u00f8jen, er panelerne p\u00e5 begge sider.Italien 2024 udebanetr\u00f8jen er inspireret af Team Spirit 2006 World Cup-tr\u00f8jen og har et trefarvet paneldesign, der repr\u00e6senterer det italienske flag - gr\u00f8n, hvid og r\u00f8d.Bortset fra sidestriben er Italien 2024 udebanetr\u00f8jen moderne. Tr\u00f8jens materiale har en ventilationsteknik i form af Italiens bogstav \"I\". Dette er sandsynligvis kun tilg\u00e6ngeligt p\u00e5 Heat.Rdy-materialet af h\u00f8j kvalitet.<\/p>\n<p>Tips til udskrivning: Hvis navn og nummer p\u00e5 billedet er pr\u00e6cis det, du \u00f8nsker, beh\u00f8ver du ikke at indtaste dem igen. Hvis ikke, skal du indtaste det \u00f8nskede navn og nummer.<\/p>\n<p>Tips til vask: Det anbefales at vaske fodboldtr\u00f8jer i h\u00e5nden. Hvis du vil bruge vaskemaskinen, skal du huske at vende vrangen ud p\u00e5 fodboldtr\u00f8jerne og derefter vaske dem. Fyld maskinen med koldt vand, og brug et sk\u00e5neprogram for bedre at beskytte farverne.<\/p>","protected":false},"excerpt":{"rendered":"<p>Das Italien 2024 Ausw\u00e4rtstrikot kombiniert eine wei\u00dfe Grundfarbe mit blauen Logos. Was das Italien 2024 Ausw\u00e4rtstrikot auszeichnet, sind die Paneele auf beiden Seiten.Das Italien 2024 Ausw\u00e4rtstrikot ist vom Teamgeist WM-Trikot 2006 inspiriert und hat ein dreifarbiges Panel-Design, das die italienische Flagge darstellt &#8211; gr\u00fcn, wei\u00df und rot.Abgesehen von dem Seitenstreifen ist das Italien 2024 Ausw\u00e4rtstrikot [&hellip;]<\/p>","protected":false},"featured_media":18023,"comment_status":"open","ping_status":"closed","template":"","meta":[],"product_brand":[],"product_cat":[1081,1072],"product_tag":[20,1076,1077,22,426,24,1082],"class_list":{"0":"post-17981","1":"product","2":"type-product","3":"status-publish","4":"has-post-thumbnail","6":"product_cat-em-2024-italien","7":"product_cat-em-2024-trikots","8":"product_tag-coole-fussballtrikots","9":"product_tag-em-2024-trikot","10":"product_tag-em-2024-trikot-herren","11":"product_tag-fussballtrikot-guenstig-kaufen","12":"product_tag-fussballtrikots-kurzarm","13":"product_tag-guenstiges-fussballtrikot","14":"product_tag-italien-trikot-em-2024","16":"first","17":"instock","18":"shipping-taxable","19":"purchasable","20":"product-type-variable"},"_links":{"self":[{"href":"https:\/\/www.billigtrikotde.com\/da\/wp-json\/wp\/v2\/product\/17981","targetHints":{"allow":["GET"]}}],"collection":[{"href":"https:\/\/www.billigtrikotde.com\/da\/wp-json\/wp\/v2\/product"}],"about":[{"href":"https:\/\/www.billigtrikotde.com\/da\/wp-json\/wp\/v2\/types\/product"}],"replies":[{"embeddable":true,"href":"https:\/\/www.billigtrikotde.com\/da\/wp-json\/wp\/v2\/comments?post=17981"}],"wp:featuredmedia":[{"embeddable":true,"href":"https:\/\/www.billigtrikotde.com\/da\/wp-json\/wp\/v2\/media\/18023"}],"wp:attachment":[{"href":"https:\/\/www.billigtrikotde.com\/da\/wp-json\/wp\/v2\/media?parent=17981"}],"wp:term":[{"taxonomy":"product_brand","embeddable":true,"href":"https:\/\/www.billigtrikotde.com\/da\/wp-json\/wp\/v2\/product_brand?post=17981"},{"taxonomy":"product_cat","embeddable":true,"href":"https:\/\/www.billigtrikotde.com\/da\/wp-json\/wp\/v2\/product_cat?post=17981"},{"taxonomy":"product_tag","embeddable":true,"href":"https:\/\/www.billigtrikotde.com\/da\/wp-json\/wp\/v2\/product_tag?post=17981"}],"curies":[{"name":"wp","href":"https:\/\/api.w.org\/{rel}","templated":true}]}}