{"id":17972,"date":"2024-10-24T10:09:47","date_gmt":"2024-10-24T08:09:47","guid":{"rendered":"http:\/\/billigtrikots.com\/?post_type=product&#038;p=17972"},"modified":"2024-10-24T10:12:07","modified_gmt":"2024-10-24T08:12:07","slug":"fussball-trikot-spanien-euro-2024-heimtrikot-em-24-rot-herren-sale","status":"publish","type":"product","link":"https:\/\/www.billigtrikotde.com\/da\/vare\/fussball-trikot-spanien-euro-2024-heimtrikot-em-24-rot-herren-sale\/","title":{"rendered":"Fodboldtr\u00f8je Spanien Euro 2024 Hjemmetr\u00f8je EM 24 R\u00f8d Herre Udsalg"},"content":{"rendered":"<p>Spanien 2024-tr\u00f8jen har et i\u00f8jnefaldende look, der f\u00e5r 2024-skabelonen til at skille sig ud. Ved at kombinere en kraftig r\u00f8d farve med en kraftig gul til alle logoer og applikationer er den meget subtil, men Spanien 2024-tr\u00f8jen har et b\u00f8lge-\/sandm\u00f8nster indarbejdet i designet.<\/p>\n<p>Tips til udskrivning: Hvis navn og nummer p\u00e5 billedet er pr\u00e6cis det, du \u00f8nsker, beh\u00f8ver du ikke at indtaste dem igen. Hvis ikke, skal du indtaste det \u00f8nskede navn og nummer.<\/p>\n<p>Tips til vask: Det anbefales at vaske fodboldtr\u00f8jer i h\u00e5nden. Hvis du vil bruge vaskemaskinen, skal du huske at vende vrangen ud p\u00e5 fodboldtr\u00f8jerne og derefter vaske dem. Fyld maskinen med koldt vand, og brug et sk\u00e5neprogram for bedre at beskytte farverne.<\/p>","protected":false},"excerpt":{"rendered":"<p>Spanien 2024-tr\u00f8jen har et i\u00f8jnefaldende look, der f\u00e5r 2024-skabelonen til at skille sig ud. Den kombinerer en m\u00e6ttet r\u00f8d med en m\u00e6ttet gul til alle logos og applikationer. Den er meget diskret, men Spanien-tr\u00f8jen 2024 har et b\u00f8lge-\/sandm\u00f8nster, som er indarbejdet i designet. Tips til tryk: Hvis navnet og nummeret [\u2026]<\/p>","protected":false},"featured_media":17992,"comment_status":"open","ping_status":"closed","template":"","meta":[],"product_brand":[],"product_cat":[1079,1072],"product_tag":[20,1076,1077,22,426,24,1080],"class_list":{"0":"post-17972","1":"product","2":"type-product","3":"status-publish","4":"has-post-thumbnail","6":"product_cat-em-2024-spanien","7":"product_cat-em-2024-trikots","8":"product_tag-coole-fussballtrikots","9":"product_tag-em-2024-trikot","10":"product_tag-em-2024-trikot-herren","11":"product_tag-fussballtrikot-guenstig-kaufen","12":"product_tag-fussballtrikots-kurzarm","13":"product_tag-guenstiges-fussballtrikot","14":"product_tag-spanien-trikot-em-2024","16":"first","17":"instock","18":"shipping-taxable","19":"purchasable","20":"product-type-variable"},"_links":{"self":[{"href":"https:\/\/www.billigtrikotde.com\/da\/wp-json\/wp\/v2\/product\/17972","targetHints":{"allow":["GET"]}}],"collection":[{"href":"https:\/\/www.billigtrikotde.com\/da\/wp-json\/wp\/v2\/product"}],"about":[{"href":"https:\/\/www.billigtrikotde.com\/da\/wp-json\/wp\/v2\/types\/product"}],"replies":[{"embeddable":true,"href":"https:\/\/www.billigtrikotde.com\/da\/wp-json\/wp\/v2\/comments?post=17972"}],"wp:featuredmedia":[{"embeddable":true,"href":"https:\/\/www.billigtrikotde.com\/da\/wp-json\/wp\/v2\/media\/17992"}],"wp:attachment":[{"href":"https:\/\/www.billigtrikotde.com\/da\/wp-json\/wp\/v2\/media?parent=17972"}],"wp:term":[{"taxonomy":"product_brand","embeddable":true,"href":"https:\/\/www.billigtrikotde.com\/da\/wp-json\/wp\/v2\/product_brand?post=17972"},{"taxonomy":"product_cat","embeddable":true,"href":"https:\/\/www.billigtrikotde.com\/da\/wp-json\/wp\/v2\/product_cat?post=17972"},{"taxonomy":"product_tag","embeddable":true,"href":"https:\/\/www.billigtrikotde.com\/da\/wp-json\/wp\/v2\/product_tag?post=17972"}],"curies":[{"name":"wp","href":"https:\/\/api.w.org\/{rel}","templated":true}]}}