{"id":17931,"date":"2024-10-24T10:07:33","date_gmt":"2024-10-24T08:07:33","guid":{"rendered":"http:\/\/billigtrikots.com\/?post_type=product&#038;p=17931"},"modified":"2024-10-24T10:10:16","modified_gmt":"2024-10-24T08:10:16","slug":"spanien-trikot-euro-2024-auswaertstrikot-em-24-hellgelben-kurzarm-alejandro-balde-3","status":"publish","type":"product","link":"https:\/\/www.billigtrikotde.com\/da\/vare\/spanien-trikot-euro-2024-auswaertstrikot-em-24-hellgelben-kurzarm-alejandro-balde-3\/","title":{"rendered":"Spanien Euro 2024 udebanes\u00e6t EM 24 lysegul kort\u00e6rmet Alejandro Balde 3"},"content":{"rendered":"<p>Spanien 2024 udebanetr\u00f8jen har en frisk og i\u00f8jnefaldende farvekombination. Den er is\u00e6r bleg neongul, muligvis inspireret af landets sandklitter. Officielt hedder farven p\u00e5 Spanien 2024 udebanetr\u00f8jen \u201ePulse Yellow\u201c. Et unikt tr\u00e6k ved Spanien Euro 2024 udebanetr\u00f8jen er panelet \u2013 de lysebl\u00e5 paneler er udstyret med en sandklitgrafik.<\/p>\n<p>Tips til udskrivning: Hvis navn og nummer p\u00e5 billedet er pr\u00e6cis det, du \u00f8nsker, beh\u00f8ver du ikke at indtaste dem igen. Hvis ikke, skal du indtaste det \u00f8nskede navn og nummer.<\/p>\n<p>Tips til vask: Det anbefales at vaske fodboldtr\u00f8jer i h\u00e5nden. Hvis du vil bruge vaskemaskinen, skal du huske at vende vrangen ud p\u00e5 fodboldtr\u00f8jerne og derefter vaske dem. Fyld maskinen med koldt vand, og brug et sk\u00e5neprogram for bedre at beskytte farverne.<\/p>","protected":false},"excerpt":{"rendered":"<p>Spanien 2024 udebanetr\u00f8jen har en frisk og i\u00f8jnefaldende farvekombination. Den er is\u00e6r bleg neongul, muligvis inspireret af landets sandklitter. Officielt hedder farven p\u00e5 Spanien 2024 udebanetr\u00f8jen \u201ePulse Yellow\u201c. Et unikt tr\u00e6k ved Spanien Euro 2024 udebanetr\u00f8jen er panelet \u2013 de lysebl\u00e5 paneler er udstyret med en sandklitgrafik.<\/p>","protected":false},"featured_media":17975,"comment_status":"open","ping_status":"closed","template":"","meta":[],"product_brand":[],"product_cat":[1079,1072],"product_tag":[20,1076,1077,22,426,24,1080],"class_list":{"0":"post-17931","1":"product","2":"type-product","3":"status-publish","4":"has-post-thumbnail","6":"product_cat-em-2024-spanien","7":"product_cat-em-2024-trikots","8":"product_tag-coole-fussballtrikots","9":"product_tag-em-2024-trikot","10":"product_tag-em-2024-trikot-herren","11":"product_tag-fussballtrikot-guenstig-kaufen","12":"product_tag-fussballtrikots-kurzarm","13":"product_tag-guenstiges-fussballtrikot","14":"product_tag-spanien-trikot-em-2024","16":"first","17":"instock","18":"shipping-taxable","19":"purchasable","20":"product-type-variable"},"_links":{"self":[{"href":"https:\/\/www.billigtrikotde.com\/da\/wp-json\/wp\/v2\/product\/17931","targetHints":{"allow":["GET"]}}],"collection":[{"href":"https:\/\/www.billigtrikotde.com\/da\/wp-json\/wp\/v2\/product"}],"about":[{"href":"https:\/\/www.billigtrikotde.com\/da\/wp-json\/wp\/v2\/types\/product"}],"replies":[{"embeddable":true,"href":"https:\/\/www.billigtrikotde.com\/da\/wp-json\/wp\/v2\/comments?post=17931"}],"wp:featuredmedia":[{"embeddable":true,"href":"https:\/\/www.billigtrikotde.com\/da\/wp-json\/wp\/v2\/media\/17975"}],"wp:attachment":[{"href":"https:\/\/www.billigtrikotde.com\/da\/wp-json\/wp\/v2\/media?parent=17931"}],"wp:term":[{"taxonomy":"product_brand","embeddable":true,"href":"https:\/\/www.billigtrikotde.com\/da\/wp-json\/wp\/v2\/product_brand?post=17931"},{"taxonomy":"product_cat","embeddable":true,"href":"https:\/\/www.billigtrikotde.com\/da\/wp-json\/wp\/v2\/product_cat?post=17931"},{"taxonomy":"product_tag","embeddable":true,"href":"https:\/\/www.billigtrikotde.com\/da\/wp-json\/wp\/v2\/product_tag?post=17931"}],"curies":[{"name":"wp","href":"https:\/\/api.w.org\/{rel}","templated":true}]}}