{"id":17904,"date":"2024-10-24T10:06:18","date_gmt":"2024-10-24T08:06:18","guid":{"rendered":"http:\/\/billigtrikots.com\/?post_type=product&#038;p=17904"},"modified":"2024-10-24T10:08:33","modified_gmt":"2024-10-24T08:08:33","slug":"deutschland-trikot-kinder-dfb-em-2024-heimtrikot-euro-24-weiss-shirts-set-ilkay-gundogan-21","status":"publish","type":"product","link":"https:\/\/www.billigtrikotde.com\/da\/vare\/deutschland-trikot-kinder-dfb-em-2024-heimtrikot-euro-24-weiss-shirts-set-ilkay-gundogan-21\/","title":{"rendered":"Tyskland Tr\u00f8je B\u00f8rn DFB EM 2024 Hjemmebane Euro 24 hvid Skjorter S\u00e6t Ilkay G\u00fcndogan 21"},"content":{"rendered":"<p>De f\u00f8rste tr\u00f8jel\u00e6kager viser den tyske EM 2024-tr\u00f8je igen i de traditionelle farver hvid og sort med hvide shorts og str\u00f8mper. Der skabes altid unikke designs til de tyske tr\u00f8jer, denne gang inspireret af DFB-tr\u00f8jerne fra VM i 1994 med diamanterne i sort, r\u00f8d og guld, og de tyske Euro 2024-hjemmetr\u00f8jer kommer med en fin lille skjult detalje. P\u00e5 indersiden af kraven er flagmotivet, som ogs\u00e5 kan ses p\u00e5 \u00e6rmerne.Tyskland 2024-tr\u00f8jen har et moderne og enest\u00e5ende design. Den er selvf\u00f8lgelig hovedsageligt hvid, hvilket er endnu mere interessant, og \u00e6rmerne har det tyske flags trefarvede gradient med hvide tre striber p\u00e5 toppen og en effekt inspireret af VM i 1994. Forsiden af den tyske EM 2024-hjemmebanetr\u00f8je har et m\u00f8nster best\u00e5ende af DFB-logoet. Dette m\u00f8nster er ogs\u00e5 inspireret af VM-tr\u00f8jen fra 1994.<\/p>\n<p>Tips til udskrivning: Hvis navn og nummer p\u00e5 billedet er pr\u00e6cis det, du \u00f8nsker, beh\u00f8ver du ikke at indtaste dem igen. Hvis ikke, skal du indtaste det \u00f8nskede navn og nummer.<\/p>\n<p>Tips til vask: Det anbefales at vaske fodboldtr\u00f8jer i h\u00e5nden. Hvis du vil bruge vaskemaskinen, skal du huske at vende vrangen ud p\u00e5 fodboldtr\u00f8jerne og derefter vaske dem. Fyld maskinen med koldt vand, og brug et sk\u00e5neprogram for bedre at beskytte farverne.<\/p>","protected":false},"excerpt":{"rendered":"<p>Die ersten Trikot Leaks zeigen das Deutschland EM Trikot 2024 wieder in traditionellen Farben Wei\u00df und Schwarz, mit wei\u00dfer Hose und Stutzen. F\u00fcr die Deutschland Trikots werden immer einzigartige Designs entworfen, dieses Mal orientiert sich man an den DFB Trikots der WM 1994 mit den Rauten in schwarz-rot-gold.Die Deutschland Euro 2024 Heimtrikots kommt mit einem [&hellip;]<\/p>","protected":false},"featured_media":17944,"comment_status":"open","ping_status":"closed","template":"","meta":[],"product_brand":[],"product_cat":[1073,1072],"product_tag":[20,1074,1075,1076,1078,22,396,24],"class_list":{"0":"post-17904","1":"product","2":"type-product","3":"status-publish","4":"has-post-thumbnail","6":"product_cat-em-2024-deutschland","7":"product_cat-em-2024-trikots","8":"product_tag-coole-fussballtrikots","9":"product_tag-deutschland-trikot-em-2024","10":"product_tag-dfb-em-trikots-2024","11":"product_tag-em-2024-trikot","12":"product_tag-em-2024-trikot-kinder","13":"product_tag-fussballtrikot-guenstig-kaufen","14":"product_tag-fussballtrikots-langarm","15":"product_tag-guenstiges-fussballtrikot","17":"first","18":"instock","19":"shipping-taxable","20":"purchasable","21":"product-type-variable"},"_links":{"self":[{"href":"https:\/\/www.billigtrikotde.com\/da\/wp-json\/wp\/v2\/product\/17904","targetHints":{"allow":["GET"]}}],"collection":[{"href":"https:\/\/www.billigtrikotde.com\/da\/wp-json\/wp\/v2\/product"}],"about":[{"href":"https:\/\/www.billigtrikotde.com\/da\/wp-json\/wp\/v2\/types\/product"}],"replies":[{"embeddable":true,"href":"https:\/\/www.billigtrikotde.com\/da\/wp-json\/wp\/v2\/comments?post=17904"}],"wp:featuredmedia":[{"embeddable":true,"href":"https:\/\/www.billigtrikotde.com\/da\/wp-json\/wp\/v2\/media\/17944"}],"wp:attachment":[{"href":"https:\/\/www.billigtrikotde.com\/da\/wp-json\/wp\/v2\/media?parent=17904"}],"wp:term":[{"taxonomy":"product_brand","embeddable":true,"href":"https:\/\/www.billigtrikotde.com\/da\/wp-json\/wp\/v2\/product_brand?post=17904"},{"taxonomy":"product_cat","embeddable":true,"href":"https:\/\/www.billigtrikotde.com\/da\/wp-json\/wp\/v2\/product_cat?post=17904"},{"taxonomy":"product_tag","embeddable":true,"href":"https:\/\/www.billigtrikotde.com\/da\/wp-json\/wp\/v2\/product_tag?post=17904"}],"curies":[{"name":"wp","href":"https:\/\/api.w.org\/{rel}","templated":true}]}}