{"id":17877,"date":"2024-10-24T10:04:41","date_gmt":"2024-10-24T08:04:41","guid":{"rendered":"http:\/\/billigtrikots.com\/?post_type=product&#038;p=17877"},"modified":"2024-10-24T10:07:23","modified_gmt":"2024-10-24T08:07:23","slug":"herren-dfb-deutschland-em-2024-heimtrikot-euro-24-weiss-langarm-thomas-muller-13","status":"publish","type":"product","link":"https:\/\/www.billigtrikotde.com\/da\/vare\/herren-dfb-deutschland-em-2024-heimtrikot-euro-24-weiss-langarm-thomas-muller-13\/","title":{"rendered":"Herre DFB Tyskland EM 2024 Hjemmebanetr\u00f8je Euro 24 hvid lang\u00e6rmet Thomas Muller 13"},"content":{"rendered":"<p>Tysklands EM 2024 hjemmebanetr\u00f8je har en fin lille skjult detalje. P\u00e5 indersiden af kraven er der et flagmotiv, som ogs\u00e5 kan ses p\u00e5 \u00e6rmerne. Tyskland 2024-tr\u00f8jen har et moderne og enest\u00e5ende design. Den er selvf\u00f8lgelig hovedsageligt hvid, hvilket er endnu mere interessant, og \u00e6rmerne har det tyske flags trefarvede gradient med hvide tre striber p\u00e5 toppen og en effekt, der er inspireret af verdensmesterskabet i 1994. Forsiden af den tyske EM 2024-hjemmebanetr\u00f8je har et m\u00f8nster best\u00e5ende af DFB-logoet. Dette m\u00f8nster er ogs\u00e5 inspireret af VM-tr\u00f8jen fra 1994.<\/p>\n<p>Tips til udskrivning: Hvis navn og nummer p\u00e5 billedet er pr\u00e6cis det, du \u00f8nsker, beh\u00f8ver du ikke at indtaste dem igen. Hvis ikke, skal du indtaste det \u00f8nskede navn og nummer.<\/p>\n<p>Tips til vask: Det anbefales at vaske fodboldtr\u00f8jer i h\u00e5nden. Hvis du vil bruge vaskemaskinen, skal du huske at vende vrangen ud p\u00e5 fodboldtr\u00f8jerne og derefter vaske dem. Fyld maskinen med koldt vand, og brug et sk\u00e5neprogram for bedre at beskytte farverne.<\/p>","protected":false},"excerpt":{"rendered":"<p>Die Deutschland Euro 2024 Heimtrikots kommt mit einem netten, kleinen, versteckten Detail. Auf der Innenseite des Kragens befindet sich das Flaggenmotiv, das auch auf den \u00c4rmeln zu sehen ist.Das Deutschland 2024 Trikot hat ein modernes und herausragendes Design. Es ist nat\u00fcrlich haupts\u00e4chlich wei\u00df,was noch interessanter ist.Die \u00c4rmel haben den dreifarbigen Farbverlauf der deutschen Flagge, mit [&hellip;]<\/p>","protected":false},"featured_media":17922,"comment_status":"open","ping_status":"closed","template":"","meta":[],"product_brand":[],"product_cat":[1073,1072],"product_tag":[20,1074,1075,1076,1077,21,22,396,24],"class_list":{"0":"post-17877","1":"product","2":"type-product","3":"status-publish","4":"has-post-thumbnail","6":"product_cat-em-2024-deutschland","7":"product_cat-em-2024-trikots","8":"product_tag-coole-fussballtrikots","9":"product_tag-deutschland-trikot-em-2024","10":"product_tag-dfb-em-trikots-2024","11":"product_tag-em-2024-trikot","12":"product_tag-em-2024-trikot-herren","13":"product_tag-fussballtrikot-fuer-herren","14":"product_tag-fussballtrikot-guenstig-kaufen","15":"product_tag-fussballtrikots-langarm","16":"product_tag-guenstiges-fussballtrikot","18":"first","19":"instock","20":"shipping-taxable","21":"purchasable","22":"product-type-variable"},"_links":{"self":[{"href":"https:\/\/www.billigtrikotde.com\/da\/wp-json\/wp\/v2\/product\/17877","targetHints":{"allow":["GET"]}}],"collection":[{"href":"https:\/\/www.billigtrikotde.com\/da\/wp-json\/wp\/v2\/product"}],"about":[{"href":"https:\/\/www.billigtrikotde.com\/da\/wp-json\/wp\/v2\/types\/product"}],"replies":[{"embeddable":true,"href":"https:\/\/www.billigtrikotde.com\/da\/wp-json\/wp\/v2\/comments?post=17877"}],"wp:featuredmedia":[{"embeddable":true,"href":"https:\/\/www.billigtrikotde.com\/da\/wp-json\/wp\/v2\/media\/17922"}],"wp:attachment":[{"href":"https:\/\/www.billigtrikotde.com\/da\/wp-json\/wp\/v2\/media?parent=17877"}],"wp:term":[{"taxonomy":"product_brand","embeddable":true,"href":"https:\/\/www.billigtrikotde.com\/da\/wp-json\/wp\/v2\/product_brand?post=17877"},{"taxonomy":"product_cat","embeddable":true,"href":"https:\/\/www.billigtrikotde.com\/da\/wp-json\/wp\/v2\/product_cat?post=17877"},{"taxonomy":"product_tag","embeddable":true,"href":"https:\/\/www.billigtrikotde.com\/da\/wp-json\/wp\/v2\/product_tag?post=17877"}],"curies":[{"name":"wp","href":"https:\/\/api.w.org\/{rel}","templated":true}]}}