{"id":1731,"date":"2024-10-23T13:43:20","date_gmt":"2024-10-23T11:43:20","guid":{"rendered":"http:\/\/billigtrikots.com\/?post_type=product&#038;p=1731"},"modified":"2024-10-23T13:44:56","modified_gmt":"2024-10-23T11:44:56","slug":"herren-bvb-borussia-dortmund-2022-cup-shirt-gelb-schwarz-mit-aufdruck-emre-can-23","status":"publish","type":"product","link":"https:\/\/www.billigtrikotde.com\/da\/vare\/herren-bvb-borussia-dortmund-2022-cup-shirt-gelb-schwarz-mit-aufdruck-emre-can-23\/","title":{"rendered":"BVB Borussia Dortmund 2022 CUP-tr\u00f8je til m\u00e6nd, gul\/sort med tryk Emre Can 23"},"content":{"rendered":"<p>I denne Borussia Dortmund 2021\/22 pokaltr\u00f8je til herrer fra PUMA kan du igen f\u00e5 drengene p\u00e5 banen i \u00e5r. I en gul farvetone med sorte detaljer er denne standard-fit-overdel lavet af det karakteristiske dryCELL-polyestergarn for ultra-cool komfort, n\u00e5r kampen bliver intens. Den har en rund halsudsk\u00e6ring, korte \u00e6rmer og ribbet afslutninger for et klassisk look. Afsluttet med kontrasterende BVB- og PUMA Cat-branding p\u00e5 brystet. Maskinvaskbar.<\/p>\n<p>Tips til udskrivning: Hvis navn og nummer p\u00e5 billedet er pr\u00e6cis det, du \u00f8nsker, beh\u00f8ver du ikke at indtaste dem igen. Hvis ikke, skal du indtaste det \u00f8nskede navn og nummer.<\/p>\n<p>Tips til vask: Det anbefales at vaske fodboldtr\u00f8jer i h\u00e5nden. Hvis du vil bruge vaskemaskinen, skal du huske at vende vrangen ud p\u00e5 fodboldtr\u00f8jerne og derefter vaske dem. Fyld maskinen med koldt vand, og brug et sk\u00e5neprogram for bedre at beskytte farverne.<\/p>","protected":false},"excerpt":{"rendered":"<p>In diesem Borussia Dortmund 2021\/22 Pokaltrikot f\u00fcr Herren von PUMA kannst du die Jungs in diesem Jahr wieder auf den Weg bringen. In einer gelben Farbgebung mit schwarzen Details ist dieses Standard-Fit-Oberteil aus dem charakteristischen dryCELL-Polygewebe f\u00fcr ultra-coolen Komfort geschnitten, wenn das Spiel angespannt wird. Es hat einen Rundhalsausschnitt, kurze \u00c4rmel und gerippte Abschl\u00fcsse f\u00fcr [&hellip;]<\/p>","protected":false},"featured_media":1763,"comment_status":"open","ping_status":"closed","template":"","meta":[],"product_brand":[],"product_cat":[63],"product_tag":[20,64,65,66,67,21,22,23,24],"class_list":{"0":"post-1731","1":"product","2":"type-product","3":"status-publish","4":"has-post-thumbnail","6":"product_cat-borussia-dortmund","7":"product_tag-coole-fussballtrikots","8":"product_tag-borussia-dortmund-cup-shirt","9":"product_tag-borussia-dortmund-trikots","10":"product_tag-bvb-trikots","11":"product_tag-fussball-trikotsatz","12":"product_tag-fussballtrikot-fuer-herren","13":"product_tag-fussballtrikot-guenstig-kaufen","14":"product_tag-fussballtrikot-kurzarm","15":"product_tag-guenstiges-fussballtrikot","17":"first","18":"instock","19":"shipping-taxable","20":"purchasable","21":"product-type-variable"},"_links":{"self":[{"href":"https:\/\/www.billigtrikotde.com\/da\/wp-json\/wp\/v2\/product\/1731","targetHints":{"allow":["GET"]}}],"collection":[{"href":"https:\/\/www.billigtrikotde.com\/da\/wp-json\/wp\/v2\/product"}],"about":[{"href":"https:\/\/www.billigtrikotde.com\/da\/wp-json\/wp\/v2\/types\/product"}],"replies":[{"embeddable":true,"href":"https:\/\/www.billigtrikotde.com\/da\/wp-json\/wp\/v2\/comments?post=1731"}],"wp:featuredmedia":[{"embeddable":true,"href":"https:\/\/www.billigtrikotde.com\/da\/wp-json\/wp\/v2\/media\/1763"}],"wp:attachment":[{"href":"https:\/\/www.billigtrikotde.com\/da\/wp-json\/wp\/v2\/media?parent=1731"}],"wp:term":[{"taxonomy":"product_brand","embeddable":true,"href":"https:\/\/www.billigtrikotde.com\/da\/wp-json\/wp\/v2\/product_brand?post=1731"},{"taxonomy":"product_cat","embeddable":true,"href":"https:\/\/www.billigtrikotde.com\/da\/wp-json\/wp\/v2\/product_cat?post=1731"},{"taxonomy":"product_tag","embeddable":true,"href":"https:\/\/www.billigtrikotde.com\/da\/wp-json\/wp\/v2\/product_tag?post=1731"}],"curies":[{"name":"wp","href":"https:\/\/api.w.org\/{rel}","templated":true}]}}