{"id":17137,"date":"2024-10-24T09:24:17","date_gmt":"2024-10-24T07:24:17","guid":{"rendered":"http:\/\/billigtrikots.com\/?post_type=product&#038;p=17137"},"modified":"2025-10-16T16:02:15","modified_gmt":"2025-10-16T14:02:15","slug":"personalisierbar-real-madrid-2023-24-drittes-trikot-schwarze-goldgelb-fussball-trikotsatz","status":"publish","type":"product","link":"https:\/\/www.billigtrikotde.com\/da\/vare\/personalisierbar-real-madrid-2023-24-drittes-trikot-schwarze-goldgelb-fussball-trikotsatz\/","title":{"rendered":"Customisable Real Madrid 2023-24 tredjetr\u00f8je sort guld gul fodbolds\u00e6t"},"content":{"rendered":"<p>Den tredje Real 2023-2024-tr\u00f8je kombinerer en sort grundfarve med en gylden gul som den anden farve. Det er den samme Prevolved-gul, der bruges til Real Madrid 2023-2024 hjemme- og udebanetr\u00f8jerne, og den tredje farve p\u00e5 Madrid 2023-2024-tr\u00f8jen er \"Carbon\" - som forventet bruges den til de tre striber.<\/p>\n<p>En anden nyhed ved den tredje Real Madrid 2023-2024-fodboldtr\u00f8je er, at der kommer en s\u00e6rlig \"Lifestyler\"-udgave. Lifestyler-versionen af Real Madrids 2023-24 tredjetr\u00f8je kommer uden sponsorlogo, med et andet logo og et andet stof og snit.<\/p>\n<p>Tips til udskrivning: Hvis navn og nummer p\u00e5 billedet er pr\u00e6cis det, du \u00f8nsker, beh\u00f8ver du ikke at indtaste dem igen. Hvis ikke, skal du indtaste det \u00f8nskede navn og nummer.<\/p>\n<p>Tips til vask: Det anbefales at vaske fodboldtr\u00f8jer i h\u00e5nden. Hvis du vil bruge vaskemaskinen, skal du huske at vende vrangen ud p\u00e5 fodboldtr\u00f8jerne og derefter vaske dem. Fyld maskinen med koldt vand, og brug et sk\u00e5neprogram for bedre at beskytte farverne.<\/p>","protected":false},"excerpt":{"rendered":"<p>Den tredje Real 2023-2024-tr\u00f8je kombinerer en sort grundfarve med en gylden gul som den anden farve. Det er den samme Prevolved-gul, der bruges til Real Madrid 2023-2024 hjemme- og udebanetr\u00f8jerne, og den tredje farve p\u00e5 Madrid 2023-2024-tr\u00f8jen er \"Carbon\" - som forventet bruges den til de tre striber.<\/p>","protected":false},"featured_media":17180,"comment_status":"open","ping_status":"closed","template":"","meta":[],"product_brand":[],"product_cat":[45],"product_tag":[574,21,23,228,24,489,490,979,47],"class_list":{"0":"post-17137","1":"product","2":"type-product","3":"status-publish","4":"has-post-thumbnail","6":"product_cat-real-madrid","7":"product_tag-fussballtrikot-deutschland","8":"product_tag-fussballtrikot-fuer-herren","9":"product_tag-fussballtrikot-kurzarm","10":"product_tag-guenstige-fussballtrikot","11":"product_tag-guenstiges-fussballtrikot","12":"product_tag-real-madrid-fussballtrikot","13":"product_tag-real-madrid-trikot","14":"product_tag-real-madrid-trikot-2024","15":"product_tag-real-madrid-trikots","17":"first","18":"instock","19":"shipping-taxable","20":"purchasable","21":"product-type-variable"},"_links":{"self":[{"href":"https:\/\/www.billigtrikotde.com\/da\/wp-json\/wp\/v2\/product\/17137","targetHints":{"allow":["GET"]}}],"collection":[{"href":"https:\/\/www.billigtrikotde.com\/da\/wp-json\/wp\/v2\/product"}],"about":[{"href":"https:\/\/www.billigtrikotde.com\/da\/wp-json\/wp\/v2\/types\/product"}],"replies":[{"embeddable":true,"href":"https:\/\/www.billigtrikotde.com\/da\/wp-json\/wp\/v2\/comments?post=17137"}],"wp:featuredmedia":[{"embeddable":true,"href":"https:\/\/www.billigtrikotde.com\/da\/wp-json\/wp\/v2\/media\/17180"}],"wp:attachment":[{"href":"https:\/\/www.billigtrikotde.com\/da\/wp-json\/wp\/v2\/media?parent=17137"}],"wp:term":[{"taxonomy":"product_brand","embeddable":true,"href":"https:\/\/www.billigtrikotde.com\/da\/wp-json\/wp\/v2\/product_brand?post=17137"},{"taxonomy":"product_cat","embeddable":true,"href":"https:\/\/www.billigtrikotde.com\/da\/wp-json\/wp\/v2\/product_cat?post=17137"},{"taxonomy":"product_tag","embeddable":true,"href":"https:\/\/www.billigtrikotde.com\/da\/wp-json\/wp\/v2\/product_tag?post=17137"}],"curies":[{"name":"wp","href":"https:\/\/api.w.org\/{rel}","templated":true}]}}