{"id":1673,"date":"2024-10-23T13:40:41","date_gmt":"2024-10-23T11:40:41","guid":{"rendered":"http:\/\/billigtrikots.com\/?post_type=product&#038;p=1673"},"modified":"2025-06-16T16:04:10","modified_gmt":"2025-06-16T14:04:10","slug":"juventus-torwart-trikot-pinsoglio-31-guenstige-schwarz-langarm-kurze-hosen","status":"publish","type":"product","link":"https:\/\/www.billigtrikotde.com\/da\/vare\/juventus-torwart-trikot-pinsoglio-31-guenstige-schwarz-langarm-kurze-hosen\/","title":{"rendered":"Juventus M\u00e5lmandstr\u00f8je Pinsoglio 31# Billig Sort Lang\u00e6rmet + Shorts"},"content":{"rendered":"<p>Kommander dit forsvar som Juves professionelle og b\u00e6r adidas Juventus 21\/22 m\u00e5lmandshjemmetrakten, som er baseret p\u00e5 den tr\u00f8je, der b\u00e6res af klubbens professionelle m\u00e5lmand.<\/p>\n<p>adidas Juventus 21\/22 m\u00e5lmandshjemmetrakten er lavet af let stof med str\u00e6kbare sider og f\u00f8lger din krop for at muligg\u00f8re afg\u00f8rende redninger.<\/p>\n<p>Tips til udskrivning: Hvis navn og nummer p\u00e5 billedet er pr\u00e6cis det, du \u00f8nsker, beh\u00f8ver du ikke at indtaste dem igen. Hvis ikke, skal du indtaste det \u00f8nskede navn og nummer.<\/p>\n<p>Tips til vask: Det anbefales at vaske fodboldtr\u00f8jer i h\u00e5nden. Hvis du vil bruge vaskemaskinen, skal du huske at vende vrangen ud p\u00e5 fodboldtr\u00f8jerne og derefter vaske dem. Fyld maskinen med koldt vand, og brug et sk\u00e5neprogram for bedre at beskytte farverne.<\/p>","protected":false},"excerpt":{"rendered":"<p>Bekvem din forsvar som Juves professionelle og if\u00f8r dig adidas Juventus 21\/22 m\u00e5lmandshjemetrikot, der er baseret p\u00e5 tr\u00f8jen, som pro-keepere i klubben b\u00e6rer. Adidas Juventus 21\/22 m\u00e5lmandshjemetrikot best\u00e5r af let stof med str\u00e6kkelige sider og bev\u00e6ger sig med din krop for at muligg\u00f8re kampafg\u00f8rende redninger. Tips til udskrivning: N\u00e5r [\u2026]<\/p>","protected":false},"featured_media":1705,"comment_status":"open","ping_status":"closed","template":"","meta":[],"product_brand":[],"product_cat":[59],"product_tag":[20,38,21,24,62,61],"class_list":{"0":"post-1673","1":"product","2":"type-product","3":"status-publish","4":"has-post-thumbnail","6":"product_cat-juventus","7":"product_tag-coole-fussballtrikots","8":"product_tag-fussball-trikot-langarm","9":"product_tag-fussballtrikot-fuer-herren","10":"product_tag-guenstiges-fussballtrikot","11":"product_tag-juventus-torwarttrikot","12":"product_tag-juventus-trikots","14":"first","15":"instock","16":"shipping-taxable","17":"purchasable","18":"product-type-variable"},"_links":{"self":[{"href":"https:\/\/www.billigtrikotde.com\/da\/wp-json\/wp\/v2\/product\/1673","targetHints":{"allow":["GET"]}}],"collection":[{"href":"https:\/\/www.billigtrikotde.com\/da\/wp-json\/wp\/v2\/product"}],"about":[{"href":"https:\/\/www.billigtrikotde.com\/da\/wp-json\/wp\/v2\/types\/product"}],"replies":[{"embeddable":true,"href":"https:\/\/www.billigtrikotde.com\/da\/wp-json\/wp\/v2\/comments?post=1673"}],"wp:featuredmedia":[{"embeddable":true,"href":"https:\/\/www.billigtrikotde.com\/da\/wp-json\/wp\/v2\/media\/1705"}],"wp:attachment":[{"href":"https:\/\/www.billigtrikotde.com\/da\/wp-json\/wp\/v2\/media?parent=1673"}],"wp:term":[{"taxonomy":"product_brand","embeddable":true,"href":"https:\/\/www.billigtrikotde.com\/da\/wp-json\/wp\/v2\/product_brand?post=1673"},{"taxonomy":"product_cat","embeddable":true,"href":"https:\/\/www.billigtrikotde.com\/da\/wp-json\/wp\/v2\/product_cat?post=1673"},{"taxonomy":"product_tag","embeddable":true,"href":"https:\/\/www.billigtrikotde.com\/da\/wp-json\/wp\/v2\/product_tag?post=1673"}],"curies":[{"name":"wp","href":"https:\/\/api.w.org\/{rel}","templated":true}]}}