{"id":166,"date":"2024-10-23T12:07:58","date_gmt":"2024-10-23T10:07:58","guid":{"rendered":"http:\/\/billigtrikots.com\/?post_type=product&#038;p=166"},"modified":"2024-10-23T12:10:01","modified_gmt":"2024-10-23T10:10:01","slug":"herren-fc-barcelona-2021-22-heimtrikot-blau-rot-mit-aufdruck-cruyff-14","status":"publish","type":"product","link":"https:\/\/www.billigtrikotde.com\/da\/vare\/herren-fc-barcelona-2021-22-heimtrikot-blau-rot-mit-aufdruck-cruyff-14\/","title":{"rendered":"FC Barcelona 2021\/22 hjemmebanetr\u00f8je til m\u00e6nd, bl\u00e5\/r\u00f8d med CRUYFF 14-print"},"content":{"rendered":"<p>St\u00f8t din klub i s\u00e6sonen 2021\/2022 og vis din stolthed i den officielle FC Barcelona Replika Hjemmetr\u00f8je. Det autentiske design af hjemmeholdstr\u00f8jen til herrer er baseret p\u00e5 spillertr\u00f8jerne fra professionelle. Det 100% genbrugte funktionelle materiale med Nike Dri-FIT-teknologi er s\u00e6rligt \u00e5ndbart og sikrer en k\u00f8lig b\u00e6reoplevelse. Autentiske holddetaljer som klubbens v\u00e5ben p\u00e5 brystet understreger din begejstring for Barca, uanset om du er p\u00e5 banen eller p\u00e5 gaden.<\/p>\n<p>Tips til udskrivning: Hvis navn og nummer p\u00e5 billedet er pr\u00e6cis det, du \u00f8nsker, beh\u00f8ver du ikke at indtaste dem igen. Hvis ikke, skal du indtaste det \u00f8nskede navn og nummer.<\/p>\n<p>Tips til vask: Det anbefales at vaske fodboldtr\u00f8jer i h\u00e5nden. Hvis du vil bruge vaskemaskinen, skal du huske at vende vrangen ud p\u00e5 fodboldtr\u00f8jerne og derefter vaske dem. Fyld maskinen med koldt vand, og brug et sk\u00e5neprogram for bedre at beskytte farverne.<\/p>","protected":false},"excerpt":{"rendered":"<p>Unterst\u00fctze deinen Verein in der Saison 2021\/2022 und zeige deinen Stolz im offiziellen FC Barcelona Replica Heimtrikot. Das authentische Design des Home Jerseys f\u00fcr Herren basiert auf den Spieltrikots der Profis. Das zu 100 % recycelte Funktionsmaterial mit Nike Dri-FIT-Technologie ist besonders atmungsaktiv und sorgt f\u00fcr ein k\u00fchles Tragegef\u00fchl. Authentische Teamdetails wie das Vereinswappen auf [&hellip;]<\/p>","protected":false},"featured_media":202,"comment_status":"open","ping_status":"closed","template":"","meta":[],"product_brand":[],"product_cat":[31],"product_tag":[32,20,33,21,22,23,24],"class_list":{"0":"post-166","1":"product","2":"type-product","3":"status-publish","4":"has-post-thumbnail","6":"product_cat-fc-barcelona","7":"product_tag-barcelona-heimtrikot","8":"product_tag-coole-fussballtrikots","9":"product_tag-fc-barcelona-trikots","10":"product_tag-fussballtrikot-fuer-herren","11":"product_tag-fussballtrikot-guenstig-kaufen","12":"product_tag-fussballtrikot-kurzarm","13":"product_tag-guenstiges-fussballtrikot","15":"first","16":"instock","17":"shipping-taxable","18":"purchasable","19":"product-type-variable"},"_links":{"self":[{"href":"https:\/\/www.billigtrikotde.com\/da\/wp-json\/wp\/v2\/product\/166","targetHints":{"allow":["GET"]}}],"collection":[{"href":"https:\/\/www.billigtrikotde.com\/da\/wp-json\/wp\/v2\/product"}],"about":[{"href":"https:\/\/www.billigtrikotde.com\/da\/wp-json\/wp\/v2\/types\/product"}],"replies":[{"embeddable":true,"href":"https:\/\/www.billigtrikotde.com\/da\/wp-json\/wp\/v2\/comments?post=166"}],"wp:featuredmedia":[{"embeddable":true,"href":"https:\/\/www.billigtrikotde.com\/da\/wp-json\/wp\/v2\/media\/202"}],"wp:attachment":[{"href":"https:\/\/www.billigtrikotde.com\/da\/wp-json\/wp\/v2\/media?parent=166"}],"wp:term":[{"taxonomy":"product_brand","embeddable":true,"href":"https:\/\/www.billigtrikotde.com\/da\/wp-json\/wp\/v2\/product_brand?post=166"},{"taxonomy":"product_cat","embeddable":true,"href":"https:\/\/www.billigtrikotde.com\/da\/wp-json\/wp\/v2\/product_cat?post=166"},{"taxonomy":"product_tag","embeddable":true,"href":"https:\/\/www.billigtrikotde.com\/da\/wp-json\/wp\/v2\/product_tag?post=166"}],"curies":[{"name":"wp","href":"https:\/\/api.w.org\/{rel}","templated":true}]}}