{"id":16543,"date":"2024-10-24T08:49:34","date_gmt":"2024-10-24T06:49:34","guid":{"rendered":"http:\/\/billigtrikots.com\/?post_type=product&#038;p=16543"},"modified":"2025-05-30T15:26:18","modified_gmt":"2025-05-30T13:26:18","slug":"herren-fussballtrikots-set-chelsea-2023-24-weiss-blau-heimtrikot-nicolas-jackson-15","status":"publish","type":"product","link":"https:\/\/www.billigtrikotde.com\/da\/vare\/herren-fussballtrikots-set-chelsea-2023-24-weiss-blau-heimtrikot-nicolas-jackson-15\/","title":{"rendered":"Herre fodboldtr\u00f8je s\u00e6t Chelsea 2023-24 hvid bl\u00e5 hjemmebanetr\u00f8je Nicolas Jackson 15"},"content":{"rendered":"<p>Chelsea 23-24-tr\u00f8jen kombinerer en bl\u00e5 grundfarve med hvide applikationer og skinnende, iriserende logoer.Chelsea FC 23-24-tr\u00f8jen integrerer ogs\u00e5 hvidt i den klassiske bl\u00e5 farve for at fejre holdets triumf i UEFA Cup Winners' Cup og League Cup i s\u00e6sonen 97-98.Indersiden af kraven har et \"Pride of London\"-m\u00e6rke i guld.2023-2024-tr\u00f8jen fra Chelsea Football Club bygger p\u00e5 23-24-skabelonen, n\u00e5r det g\u00e6lder skabelon. De hvide applikationer p\u00e5 siden f\u00e5r den til at skille sig ud fra de andre 2023-2024-tr\u00f8jer, mens hvide\/bl\u00e5\/guld manchetter afrunder udseendet p\u00e5 Nike Chelsea 23-24-hjemmetr\u00f8jen.<\/p>\n<p>Tips til udskrivning: Hvis navn og nummer p\u00e5 billedet er pr\u00e6cis det, du \u00f8nsker, beh\u00f8ver du ikke at indtaste dem igen. Hvis ikke, skal du indtaste det \u00f8nskede navn og nummer.<\/p>\n<p>Tips til vask: Det anbefales at vaske fodboldtr\u00f8jer i h\u00e5nden. Hvis du vil bruge vaskemaskinen, skal du huske at vende vrangen ud p\u00e5 fodboldtr\u00f8jerne og derefter vaske dem. Fyld maskinen med koldt vand, og brug et sk\u00e5neprogram for bedre at beskytte farverne.<\/p>","protected":false},"excerpt":{"rendered":"<p>Das Chelsea 23-24 Trikot kombiniert eine blaue Grundfarbe mit wei\u00dfen Applikationen und schimmernden, schillernden Logos.Das Chelsea FC 23-24 Trikot integriert auch Wei\u00df in das klassische Blau und feiert damit den Triumph der Mannschaft im UEFA-Pokal der Pokalsieger und im Ligapokal in der Saison 97-98. Auf der Innenseite des Kragens befindet sich ein goldenes \u201ePride of [&hellip;]<\/p>","protected":false},"featured_media":16584,"comment_status":"open","ping_status":"closed","template":"","meta":[],"product_brand":[],"product_cat":[72],"product_tag":[20,448,73,982,574,21,22,23,24,441],"class_list":{"0":"post-16543","1":"product","2":"type-product","3":"status-publish","4":"has-post-thumbnail","6":"product_cat-chelsea","7":"product_tag-coole-fussballtrikots","8":"product_tag-chelsea-trikot-bestellen","9":"product_tag-chelsea-trikots","10":"product_tag-chelsea-trikots-2024","11":"product_tag-fussballtrikot-deutschland","12":"product_tag-fussballtrikot-fuer-herren","13":"product_tag-fussballtrikot-guenstig-kaufen","14":"product_tag-fussballtrikot-kurzarm","15":"product_tag-guenstiges-fussballtrikot","16":"product_tag-neue-chelsea-trikots","18":"first","19":"instock","20":"shipping-taxable","21":"purchasable","22":"product-type-variable"},"_links":{"self":[{"href":"https:\/\/www.billigtrikotde.com\/da\/wp-json\/wp\/v2\/product\/16543","targetHints":{"allow":["GET"]}}],"collection":[{"href":"https:\/\/www.billigtrikotde.com\/da\/wp-json\/wp\/v2\/product"}],"about":[{"href":"https:\/\/www.billigtrikotde.com\/da\/wp-json\/wp\/v2\/types\/product"}],"replies":[{"embeddable":true,"href":"https:\/\/www.billigtrikotde.com\/da\/wp-json\/wp\/v2\/comments?post=16543"}],"wp:featuredmedia":[{"embeddable":true,"href":"https:\/\/www.billigtrikotde.com\/da\/wp-json\/wp\/v2\/media\/16584"}],"wp:attachment":[{"href":"https:\/\/www.billigtrikotde.com\/da\/wp-json\/wp\/v2\/media?parent=16543"}],"wp:term":[{"taxonomy":"product_brand","embeddable":true,"href":"https:\/\/www.billigtrikotde.com\/da\/wp-json\/wp\/v2\/product_brand?post=16543"},{"taxonomy":"product_cat","embeddable":true,"href":"https:\/\/www.billigtrikotde.com\/da\/wp-json\/wp\/v2\/product_cat?post=16543"},{"taxonomy":"product_tag","embeddable":true,"href":"https:\/\/www.billigtrikotde.com\/da\/wp-json\/wp\/v2\/product_tag?post=16543"}],"curies":[{"name":"wp","href":"https:\/\/api.w.org\/{rel}","templated":true}]}}